{"id":1332,"date":"2022-02-09T21:51:45","date_gmt":"2022-02-09T20:51:45","guid":{"rendered":"https:\/\/econcept.lu\/?page_id=1332"},"modified":"2022-04-28T20:28:30","modified_gmt":"2022-04-28T19:28:30","slug":"webdesign","status":"publish","type":"page","link":"https:\/\/econcept.lu\/de\/webdesign\/","title":{"rendered":"Webdesign"},"content":{"rendered":"<div data-elementor-type=\"wp-page\" data-elementor-id=\"1332\" class=\"elementor elementor-1332\">\n\t\t\t\t\t\t<section data-particle_enable=\"false\" data-particle-mobile-disabled=\"false\" class=\"elementor-section elementor-top-section elementor-element elementor-element-36b2b48 elementor-section-boxed elementor-section-height-default elementor-section-height-default\" data-id=\"36b2b48\" data-element_type=\"section\" data-e-type=\"section\" data-settings=\"{&quot;background_background&quot;:&quot;classic&quot;}\">\n\t\t\t\t\t\t<div class=\"elementor-container elementor-column-gap-default\">\n\t\t\t\t\t<div class=\"elementor-column elementor-col-100 elementor-top-column elementor-element elementor-element-122799f\" data-id=\"122799f\" data-element_type=\"column\" data-e-type=\"column\">\n\t\t\t<div class=\"elementor-widget-wrap elementor-element-populated\">\n\t\t\t\t\t\t<div class=\"elementor-element elementor-element-7334d0a elementor-widget elementor-widget-page-title\" data-id=\"7334d0a\" data-element_type=\"widget\" data-e-type=\"widget\" data-settings=\"{&quot;align&quot;:&quot;center&quot;}\" data-widget_type=\"page-title.default\">\n\t\t\t\t<div class=\"elementor-widget-container\">\n\t\t\t\t\t\t\t\n\t\t<div class=\"hfe-page-title hfe-page-title-wrapper elementor-widget-heading\">\n\n\t\t\t\t\t\t\t\t\t\t\t<a href=\"https:\/\/econcept.lu\/de\">\n\t\t\t\t\t\t<h1 class=\"elementor-heading-title elementor-size-default\">\n\t\t\t\t\t\t\t\t\n\t\t\t\tWebdesign  \n\t\t\t<\/h1> \n\t\t\t\t\t\t\t\t\t<\/a>\n\t\t\t\t\t<\/div>\n\t\t\t\t\t\t<\/div>\n\t\t\t\t<\/div>\n\t\t\t\t\t<\/div>\n\t\t<\/div>\n\t\t\t\t\t<\/div>\n\t\t<\/section>\n\t\t\t\t<section data-particle_enable=\"false\" data-particle-mobile-disabled=\"false\" class=\"elementor-section elementor-top-section elementor-element elementor-element-3054cde elementor-section-content-middle elementor-section-boxed elementor-section-height-default elementor-section-height-default\" data-id=\"3054cde\" data-element_type=\"section\" data-e-type=\"section\">\n\t\t\t\t\t\t<div class=\"elementor-container elementor-column-gap-default\">\n\t\t\t\t\t<div class=\"elementor-column elementor-col-100 elementor-top-column elementor-element elementor-element-853695d\" data-id=\"853695d\" data-element_type=\"column\" data-e-type=\"column\">\n\t\t\t<div class=\"elementor-widget-wrap elementor-element-populated\">\n\t\t\t\t\t\t<div class=\"elementor-element elementor-element-499616a animated-fast elementor-invisible elementor-widget elementor-widget-heading\" data-id=\"499616a\" data-element_type=\"widget\" data-e-type=\"widget\" data-settings=\"{&quot;_animation&quot;:&quot;fadeInLeft&quot;}\" data-widget_type=\"heading.default\">\n\t\t\t\t<div class=\"elementor-widget-container\">\n\t\t\t\t\t<h1 class=\"elementor-heading-title elementor-size-large\">Welche Bedeutung hat das Webdesign wirklich?<\/h1>\t\t\t\t<\/div>\n\t\t\t\t<\/div>\n\t\t\t\t<div class=\"elementor-element elementor-element-fe48b0b elementor-widget elementor-widget-text-editor\" data-id=\"fe48b0b\" data-element_type=\"widget\" data-e-type=\"widget\" data-widget_type=\"text-editor.default\">\n\t\t\t\t<div class=\"elementor-widget-container\">\n\t\t\t\t\t\t\t\t\t<p>Beim ersten Eindruck von Ihrer Website werden 2\/3 der <strong>Menschen bevorzugen<\/strong> etwas zu sehen <strong>stilvoll <\/strong>im Vergleich zu etwas Einfachem!<\/p><p>Ignorieren Sie nicht die Bedeutung des Webdesigns f\u00fcr Ihre Online-Marketing-Pr\u00e4senz. Es kann einen gro\u00dfen Einfluss auf Ihr Publikum und Ihr Unternehmen haben.<\/p>\t\t\t\t\t\t\t\t<\/div>\n\t\t\t\t<\/div>\n\t\t\t\t<div class=\"elementor-element elementor-element-f2ae458 elementor-widget elementor-widget-heading\" data-id=\"f2ae458\" data-element_type=\"widget\" data-e-type=\"widget\" data-widget_type=\"heading.default\">\n\t\t\t\t<div class=\"elementor-widget-container\">\n\t\t\t\t\t<h2 class=\"elementor-heading-title elementor-size-default\">Wie ver\u00e4ndert der Einfluss von Design Ihr Unternehmen?<\/h2>\t\t\t\t<\/div>\n\t\t\t\t<\/div>\n\t\t\t\t<div class=\"elementor-element elementor-element-abed5f1 elementor-widget elementor-widget-text-editor\" data-id=\"abed5f1\" data-element_type=\"widget\" data-e-type=\"widget\" data-widget_type=\"text-editor.default\">\n\t\t\t\t<div class=\"elementor-widget-container\">\n\t\t\t\t\t\t\t\t\t<h4><strong>Das Wichtigste zuerst: der Eindruck<\/strong><ins datetime=\"2021-08-30T08:40:31+00:00\"><br \/><\/ins><\/h4><p>Die ersten Sekunden reichen Ihrem Kunden aus, um <strong>Ihr Unternehmen beurteilen<\/strong>. Es ist von \u00e4u\u00dferster Wichtigkeit, eine <strong>positive Auswirkungen<\/strong> auf Ihr Publikum. Eine unattraktive Website l\u00e4sst Ihre Markenwahrnehmung schlecht aussehen und Sie k\u00f6nnten Kunden an Ihre Konkurrenten verlieren.<\/p><p>Nicht nur Ihre Produkte und Ihre Marke sind wichtig, sondern auch Ihre <strong>Kundenbetreuung<\/strong>. Ein veraltetes Design bedeutet auch einen schlechten Service. Sie m\u00fcssen sich f\u00fcr eine moderne, stilvolle, helle, einladende Website entscheiden, auf der sich Ihr Publikum wie <strong>willkommen sein<\/strong>.<\/p><p><strong>Ein professionell aussehender Internetauftritt spiegelt die Qualit\u00e4t Ihrer Marke wider<\/strong>. Es inspiriert <strong>Vertrauen<\/strong> unter Ihren Zuh\u00f6rern und wird h\u00f6chstwahrscheinlich zu mehr <strong>f\u00fchrt<\/strong> (neue Kunden schaffen) als ein schlechtes Design!<\/p><p>Das Web-Design muss Ihr gesamtes Unternehmen widerspiegeln. <strong>Corporate Design<\/strong>. Ihre Visitenkarten, Flugbl\u00e4tter, Briefk\u00f6pfe oder Werbematerialien m\u00fcssen mit Ihrem Webdesign \u00fcbereinstimmen. Ihr Kunde wird Ihr Logo auch mit Ihrer wachsenden Marke in Verbindung bringen.<\/p><h4><strong>Das R\u00fcckgrat<\/strong><\/h4><p>Ihre Website kann sch\u00f6n aussehen, muss aber auch <strong>schnell <\/strong>und <strong>stabil<\/strong>. Der Nutzer hat nur wenige Sekunden Zeit, um eine Seite zu laden.<\/p><p>Die Navigation muss <strong>intuitiv<\/strong> (einfaches Navigieren oder Finden von Produkten) und das Design <strong>reaktionsschnell<\/strong> (Desktop- oder mobile Aufl\u00f6sungen). Ein gutes Gleichgewicht zwischen Text und <strong>visuelle Elemente<\/strong> ist wichtig. Die Attraktivit\u00e4t von Bildern und Videos ist etwa zehnmal h\u00f6her als die von einfachem Text.<\/p><p class=\"translation-block\">Die verwendete Software, die auf schnellen Servern l\u00e4uft, wird nicht nur <strong>mehr Nutzer<\/strong> auf Ihre Website locken, sondern auch dazu beitragen, dass Ihre Website in den Suchmaschinenergebnissen <strong>h\u00f6her<\/strong> eingestuft wird (bessere Suchmaschinenoptimierung - SEO).<\/p>\t\t\t\t\t\t\t\t<\/div>\n\t\t\t\t<\/div>\n\t\t\t\t<div class=\"elementor-element elementor-element-cd6a4bc elementor-widget elementor-widget-image\" data-id=\"cd6a4bc\" data-element_type=\"widget\" data-e-type=\"widget\" data-widget_type=\"image.default\">\n\t\t\t\t<div class=\"elementor-widget-container\">\n\t\t\t\t\t\t\t\t\t\t\t\t\t\t\t<img fetchpriority=\"high\" decoding=\"async\" width=\"640\" height=\"427\" src=\"https:\/\/econcept.lu\/wp-content\/uploads\/2022\/03\/binary-g2d656750c_1920-1024x683.jpg\" class=\"attachment-large size-large wp-image-1703\" alt=\"\" srcset=\"https:\/\/econcept.lu\/wp-content\/uploads\/2022\/03\/binary-g2d656750c_1920-1024x683.jpg.webp 1024w, https:\/\/econcept.lu\/wp-content\/uploads\/2022\/03\/binary-g2d656750c_1920-300x200.jpg.webp 300w, https:\/\/econcept.lu\/wp-content\/uploads\/2022\/03\/binary-g2d656750c_1920-768x512.jpg.webp 768w, https:\/\/econcept.lu\/wp-content\/uploads\/2022\/03\/binary-g2d656750c_1920-1536x1024.jpg.webp 1536w, https:\/\/econcept.lu\/wp-content\/uploads\/2022\/03\/binary-g2d656750c_1920-1320x880.jpg.webp 1320w, https:\/\/econcept.lu\/wp-content\/uploads\/2022\/03\/binary-g2d656750c_1920-600x400.jpg.webp 600w, https:\/\/econcept.lu\/wp-content\/uploads\/2022\/03\/binary-g2d656750c_1920.jpg.webp 1920w\" sizes=\"(max-width: 640px) 100vw, 640px\" \/>\t\t\t\t\t\t\t\t\t\t\t\t\t\t\t<\/div>\n\t\t\t\t<\/div>\n\t\t\t\t\t<\/div>\n\t\t<\/div>\n\t\t\t\t\t<\/div>\n\t\t<\/section>\n\t\t\t\t<section data-particle_enable=\"false\" data-particle-mobile-disabled=\"false\" class=\"elementor-section elementor-top-section elementor-element elementor-element-4225ae6 elementor-section-full_width elementor-section-height-default elementor-section-height-default elementor-invisible\" data-id=\"4225ae6\" data-element_type=\"section\" data-e-type=\"section\" data-settings=\"{&quot;background_background&quot;:&quot;classic&quot;,&quot;animation&quot;:&quot;pulse&quot;}\">\n\t\t\t\t\t\t\t<div class=\"elementor-background-overlay\"><\/div>\n\t\t\t\t\t\t\t<div class=\"elementor-container elementor-column-gap-default\">\n\t\t\t\t\t<div class=\"elementor-column elementor-col-100 elementor-top-column elementor-element elementor-element-38f5b8f\" data-id=\"38f5b8f\" data-element_type=\"column\" data-e-type=\"column\">\n\t\t\t<div class=\"elementor-widget-wrap elementor-element-populated\">\n\t\t\t\t\t\t<div class=\"elementor-element elementor-element-4a8a01c elementor-invisible elementor-widget elementor-widget-heading\" data-id=\"4a8a01c\" data-element_type=\"widget\" data-e-type=\"widget\" data-settings=\"{&quot;_animation&quot;:&quot;fadeInLeft&quot;}\" data-widget_type=\"heading.default\">\n\t\t\t\t<div class=\"elementor-widget-container\">\n\t\t\t\t\t<h2 class=\"elementor-heading-title elementor-size-large\">\u201cDesign ist nicht nur, wie es aussieht und sich anf\u00fchlt. Design ist, wie es funktioniert.\u201d -\nSteve Jobs\n<\/h2>\t\t\t\t<\/div>\n\t\t\t\t<\/div>\n\t\t\t\t\t<\/div>\n\t\t<\/div>\n\t\t\t\t\t<\/div>\n\t\t<\/section>\n\t\t\t\t<section data-particle_enable=\"false\" data-particle-mobile-disabled=\"false\" class=\"elementor-section elementor-top-section elementor-element elementor-element-bb4e9c1 elementor-section-boxed elementor-section-height-default elementor-section-height-default\" data-id=\"bb4e9c1\" data-element_type=\"section\" data-e-type=\"section\">\n\t\t\t\t\t\t<div class=\"elementor-container elementor-column-gap-default\">\n\t\t\t\t\t<div class=\"elementor-column elementor-col-100 elementor-top-column elementor-element elementor-element-6d6b6c9\" data-id=\"6d6b6c9\" data-element_type=\"column\" data-e-type=\"column\">\n\t\t\t<div class=\"elementor-widget-wrap elementor-element-populated\">\n\t\t\t\t\t\t<div class=\"elementor-element elementor-element-41042ab elementor-widget elementor-widget-text-editor\" data-id=\"41042ab\" data-element_type=\"widget\" data-e-type=\"widget\" data-widget_type=\"text-editor.default\">\n\t\t\t\t<div class=\"elementor-widget-container\">\n\t\t\t\t\t\t\t\t\t<h3>Wir k\u00f6nnen Ihnen helfen, das Design zu finden, das zu Ihrer Marke und<br>eine schnelle und solide Website f\u00fcr Sie erstellen!<\/h3>\t\t\t\t\t\t\t\t<\/div>\n\t\t\t\t<\/div>\n\t\t\t\t<div class=\"elementor-element elementor-element-3784970 elementor-align-center elementor-widget elementor-widget-button\" data-id=\"3784970\" data-element_type=\"widget\" data-e-type=\"widget\" data-widget_type=\"button.default\">\n\t\t\t\t<div class=\"elementor-widget-container\">\n\t\t\t\t\t\t\t\t\t<div class=\"elementor-button-wrapper\">\n\t\t\t\t\t<a class=\"elementor-button elementor-button-link elementor-size-md\" href=\"\/de\/contact\/\">\n\t\t\t\t\t\t<span class=\"elementor-button-content-wrapper\">\n\t\t\t\t\t\t\t\t\t<span class=\"elementor-button-text\">KOSTENLOSES Angebot einholen<\/span>\n\t\t\t\t\t<\/span>\n\t\t\t\t\t<\/a>\n\t\t\t\t<\/div>\n\t\t\t\t\t\t\t\t<\/div>\n\t\t\t\t<\/div>\n\t\t\t\t\t<\/div>\n\t\t<\/div>\n\t\t\t\t\t<\/div>\n\t\t<\/section>\n\t\t\t\t<\/div>","protected":false},"excerpt":{"rendered":"<p>Webdesign What is the real importance of webdesign? At a first impression of your website, 2\/3 of people prefer to see something stylish compared to something plain! Do not ignore the importance of web design in your online marketing presence. It can have a major impact on your audience and business. How does the impact [&hellip;]<\/p>\n","protected":false},"author":1,"featured_media":0,"parent":0,"menu_order":0,"comment_status":"closed","ping_status":"closed","template":"elementor_header_footer","meta":{"_seopress_robots_primary_cat":"","_seopress_titles_title":"","_seopress_titles_desc":"","_seopress_robots_index":"","_monsterinsights_skip_tracking":false,"_monsterinsights_sitenote_active":false,"_monsterinsights_sitenote_note":"","_monsterinsights_sitenote_category":0,"footnotes":""},"class_list":["post-1332","page","type-page","status-publish","hentry"],"jetpack_sharing_enabled":true,"_links":{"self":[{"href":"https:\/\/econcept.lu\/de\/wp-json\/wp\/v2\/pages\/1332","targetHints":{"allow":["GET"]}}],"collection":[{"href":"https:\/\/econcept.lu\/de\/wp-json\/wp\/v2\/pages"}],"about":[{"href":"https:\/\/econcept.lu\/de\/wp-json\/wp\/v2\/types\/page"}],"author":[{"embeddable":true,"href":"https:\/\/econcept.lu\/de\/wp-json\/wp\/v2\/users\/1"}],"replies":[{"embeddable":true,"href":"https:\/\/econcept.lu\/de\/wp-json\/wp\/v2\/comments?post=1332"}],"version-history":[{"count":0,"href":"https:\/\/econcept.lu\/de\/wp-json\/wp\/v2\/pages\/1332\/revisions"}],"wp:attachment":[{"href":"https:\/\/econcept.lu\/de\/wp-json\/wp\/v2\/media?parent=1332"}],"curies":[{"name":"wp","href":"https:\/\/api.w.org\/{rel}","templated":true}]}}