{"id":1339,"date":"2022-02-09T21:54:06","date_gmt":"2022-02-09T20:54:06","guid":{"rendered":"https:\/\/econcept.lu\/?page_id=1339"},"modified":"2022-04-04T19:49:46","modified_gmt":"2022-04-04T18:49:46","slug":"it-losungen","status":"publish","type":"page","link":"https:\/\/econcept.lu\/de\/it-solutions\/","title":{"rendered":"IT-L\u00f6sungen"},"content":{"rendered":"<div data-elementor-type=\"wp-page\" data-elementor-id=\"1339\" class=\"elementor elementor-1339\">\n\t\t\t\t\t\t<section data-particle_enable=\"false\" data-particle-mobile-disabled=\"false\" class=\"elementor-section elementor-top-section elementor-element elementor-element-36b2b48 elementor-section-boxed elementor-section-height-default elementor-section-height-default\" data-id=\"36b2b48\" data-element_type=\"section\" data-e-type=\"section\" data-settings=\"{&quot;background_background&quot;:&quot;classic&quot;}\">\n\t\t\t\t\t\t<div class=\"elementor-container elementor-column-gap-default\">\n\t\t\t\t\t<div class=\"elementor-column elementor-col-100 elementor-top-column elementor-element elementor-element-122799f\" data-id=\"122799f\" data-element_type=\"column\" data-e-type=\"column\">\n\t\t\t<div class=\"elementor-widget-wrap elementor-element-populated\">\n\t\t\t\t\t\t<div class=\"elementor-element elementor-element-7334d0a elementor-widget elementor-widget-page-title\" data-id=\"7334d0a\" data-element_type=\"widget\" data-e-type=\"widget\" data-settings=\"{&quot;align&quot;:&quot;center&quot;}\" data-widget_type=\"page-title.default\">\n\t\t\t\t<div class=\"elementor-widget-container\">\n\t\t\t\t\t\t\t\n\t\t<div class=\"hfe-page-title hfe-page-title-wrapper elementor-widget-heading\">\n\n\t\t\t\t\t\t\t\t\t\t\t<a href=\"https:\/\/econcept.lu\/de\">\n\t\t\t\t\t\t<h1 class=\"elementor-heading-title elementor-size-default\">\n\t\t\t\t\t\t\t\t\n\t\t\t\tIT-L\u00f6sungen  \n\t\t\t<\/h1> \n\t\t\t\t\t\t\t\t\t<\/a>\n\t\t\t\t\t<\/div>\n\t\t\t\t\t\t<\/div>\n\t\t\t\t<\/div>\n\t\t\t\t\t<\/div>\n\t\t<\/div>\n\t\t\t\t\t<\/div>\n\t\t<\/section>\n\t\t\t\t<section data-particle_enable=\"false\" data-particle-mobile-disabled=\"false\" class=\"elementor-section elementor-top-section elementor-element elementor-element-3054cde elementor-section-content-middle elementor-section-boxed elementor-section-height-default elementor-section-height-default\" data-id=\"3054cde\" data-element_type=\"section\" data-e-type=\"section\">\n\t\t\t\t\t\t<div class=\"elementor-container elementor-column-gap-default\">\n\t\t\t\t\t<div class=\"elementor-column elementor-col-100 elementor-top-column elementor-element elementor-element-853695d\" data-id=\"853695d\" data-element_type=\"column\" data-e-type=\"column\">\n\t\t\t<div class=\"elementor-widget-wrap elementor-element-populated\">\n\t\t\t\t\t\t<div class=\"elementor-element elementor-element-499616a animated-fast elementor-invisible elementor-widget elementor-widget-heading\" data-id=\"499616a\" data-element_type=\"widget\" data-e-type=\"widget\" data-settings=\"{&quot;_animation&quot;:&quot;fadeInLeft&quot;}\" data-widget_type=\"heading.default\">\n\t\t\t\t<div class=\"elementor-widget-container\">\n\t\t\t\t\t<h1 class=\"elementor-heading-title elementor-size-large\">Warum besch\u00e4ftigt sich eine Webagentur mit IT-Hardware-L\u00f6sungen?<\/h1>\t\t\t\t<\/div>\n\t\t\t\t<\/div>\n\t\t\t\t<div class=\"elementor-element elementor-element-fe48b0b elementor-widget elementor-widget-text-editor\" data-id=\"fe48b0b\" data-element_type=\"widget\" data-e-type=\"widget\" data-widget_type=\"text-editor.default\">\n\t\t\t\t<div class=\"elementor-widget-container\">\n\t\t\t\t\t\t\t\t\t<p>In der Tat klingt es recht ungew\u00f6hnlich, dass eine Kreativagentur, die sich auf Softwarel\u00f6sungen und Design konzentriert, sich auch mit Hardwarel\u00f6sungen besch\u00e4ftigt.<\/p><p>Bei unserer Interaktion mit den Anbietern unserer Marktplatzplattform haben wir festgestellt, dass <a href=\"http:\/\/https\/\/shop24.lu\" data-wplink-url-error=\"true\">Shop24.lu<\/a> H\u00e4ufig ging es um Fragen im Zusammenhang mit vorhandener und neuer Hardware: Ist mein PC leistungsf\u00e4hig genug, kann ich mein Tablet verwenden, welchen lokalen oder Cloud-Speicher soll ich nutzen?<\/p>\t\t\t\t\t\t\t\t<\/div>\n\t\t\t\t<\/div>\n\t\t\t\t<div class=\"elementor-element elementor-element-f2ae458 elementor-widget elementor-widget-heading\" data-id=\"f2ae458\" data-element_type=\"widget\" data-e-type=\"widget\" data-widget_type=\"heading.default\">\n\t\t\t\t<div class=\"elementor-widget-container\">\n\t\t\t\t\t<h2 class=\"elementor-heading-title elementor-size-default\">Verf\u00fcgen wir \u00fcber das n\u00f6tige Fachwissen im Bereich Computerhardware?<\/h2>\t\t\t\t<\/div>\n\t\t\t\t<\/div>\n\t\t\t\t<div class=\"elementor-element elementor-element-abed5f1 elementor-widget elementor-widget-text-editor\" data-id=\"abed5f1\" data-element_type=\"widget\" data-e-type=\"widget\" data-widget_type=\"text-editor.default\">\n\t\t\t\t<div class=\"elementor-widget-container\">\n\t\t\t\t\t\t\t\t\t<p>Sicherlich, das haben wir! Es w\u00e4re ziemlich kontraproduktiv, Produkte zu verkaufen, von denen wir keine Ahnung haben.<ins datetime=\"2021-08-30T08:40:31+00:00\"><\/ins><\/p><p>In der Tat arbeiten wir seit \u00fcber 20 Jahren mit selbstgebauten PCs. Unser Hardwarespezialist, der selbst f\u00fcr ein bekanntes Unternehmen in Luxemburg arbeitet, baute Ende der 90er Jahre einen der ersten PCs mit integriertem CD-Brenner.<\/p><p>Die Computertechnologie hat sich seither rasant weiterentwickelt. Heutzutage ist es immer noch m\u00f6glich, seinen Computer selbst zusammenzubauen, aber es gibt fertige L\u00f6sungen, die die meisten Bed\u00fcrfnisse der Menschen erf\u00fcllen.<\/p>\t\t\t\t\t\t\t\t<\/div>\n\t\t\t\t<\/div>\n\t\t\t\t<div class=\"elementor-element elementor-element-cd6a4bc elementor-widget elementor-widget-image\" data-id=\"cd6a4bc\" data-element_type=\"widget\" data-e-type=\"widget\" data-widget_type=\"image.default\">\n\t\t\t\t<div class=\"elementor-widget-container\">\n\t\t\t\t\t\t\t\t\t\t\t\t\t\t\t<img fetchpriority=\"high\" decoding=\"async\" width=\"600\" height=\"238\" src=\"https:\/\/econcept.lu\/wp-content\/uploads\/2022\/02\/computers.jpg\" class=\"attachment-large size-large wp-image-1441\" alt=\"\" srcset=\"https:\/\/econcept.lu\/wp-content\/uploads\/2022\/02\/computers.jpg 600w, https:\/\/econcept.lu\/wp-content\/uploads\/2022\/02\/computers-300x119.jpg 300w\" sizes=\"(max-width: 600px) 100vw, 600px\" \/>\t\t\t\t\t\t\t\t\t\t\t\t\t\t\t<\/div>\n\t\t\t\t<\/div>\n\t\t\t\t\t<\/div>\n\t\t<\/div>\n\t\t\t\t\t<\/div>\n\t\t<\/section>\n\t\t\t\t<section data-particle_enable=\"false\" data-particle-mobile-disabled=\"false\" class=\"elementor-section elementor-top-section elementor-element elementor-element-4225ae6 elementor-section-full_width elementor-section-height-default elementor-section-height-default elementor-invisible\" data-id=\"4225ae6\" data-element_type=\"section\" data-e-type=\"section\" data-settings=\"{&quot;background_background&quot;:&quot;classic&quot;,&quot;animation&quot;:&quot;pulse&quot;}\">\n\t\t\t\t\t\t\t<div class=\"elementor-background-overlay\"><\/div>\n\t\t\t\t\t\t\t<div class=\"elementor-container elementor-column-gap-default\">\n\t\t\t\t\t<div class=\"elementor-column elementor-col-100 elementor-top-column elementor-element elementor-element-38f5b8f\" data-id=\"38f5b8f\" data-element_type=\"column\" data-e-type=\"column\">\n\t\t\t<div class=\"elementor-widget-wrap elementor-element-populated\">\n\t\t\t\t\t\t<div class=\"elementor-element elementor-element-4a8a01c elementor-invisible elementor-widget elementor-widget-heading\" data-id=\"4a8a01c\" data-element_type=\"widget\" data-e-type=\"widget\" data-settings=\"{&quot;_animation&quot;:&quot;fadeInLeft&quot;}\" data-widget_type=\"heading.default\">\n\t\t\t\t<div class=\"elementor-widget-container\">\n\t\t\t\t\t<h2 class=\"elementor-heading-title elementor-size-large\">\u201cComputer sind unglaublich schnell, genau und dumm. Menschen sind unglaublich langsam, ungenau und brillant. Zusammen sind sie unvorstellbar m\u00e4chtig.\u201d - Albert Einstein.\n<\/h2>\t\t\t\t<\/div>\n\t\t\t\t<\/div>\n\t\t\t\t\t<\/div>\n\t\t<\/div>\n\t\t\t\t\t<\/div>\n\t\t<\/section>\n\t\t\t\t<section data-particle_enable=\"false\" data-particle-mobile-disabled=\"false\" class=\"elementor-section elementor-top-section elementor-element elementor-element-24c0d7e elementor-section-boxed elementor-section-height-default elementor-section-height-default\" data-id=\"24c0d7e\" data-element_type=\"section\" data-e-type=\"section\">\n\t\t\t\t\t\t<div class=\"elementor-container elementor-column-gap-default\">\n\t\t\t\t\t<div class=\"elementor-column elementor-col-100 elementor-top-column elementor-element elementor-element-e1ca08c\" data-id=\"e1ca08c\" data-element_type=\"column\" data-e-type=\"column\">\n\t\t\t<div class=\"elementor-widget-wrap elementor-element-populated\">\n\t\t\t\t\t\t<div class=\"elementor-element elementor-element-deea252 elementor-widget elementor-widget-heading\" data-id=\"deea252\" data-element_type=\"widget\" data-e-type=\"widget\" data-widget_type=\"heading.default\">\n\t\t\t\t<div class=\"elementor-widget-container\">\n\t\t\t\t\t<h2 class=\"elementor-heading-title elementor-size-default\">Warum eine Partnerschaft mit der Wortmann AG - Terra Computers?<\/h2>\t\t\t\t<\/div>\n\t\t\t\t<\/div>\n\t\t\t\t\t<\/div>\n\t\t<\/div>\n\t\t\t\t\t<\/div>\n\t\t<\/section>\n\t\t\t\t<section data-particle_enable=\"false\" data-particle-mobile-disabled=\"false\" class=\"elementor-section elementor-top-section elementor-element elementor-element-95bab98 elementor-section-boxed elementor-section-height-default elementor-section-height-default\" data-id=\"95bab98\" data-element_type=\"section\" data-e-type=\"section\">\n\t\t\t\t\t\t<div class=\"elementor-container elementor-column-gap-default\">\n\t\t\t\t\t<div class=\"elementor-column elementor-col-100 elementor-top-column elementor-element elementor-element-01058a3\" data-id=\"01058a3\" data-element_type=\"column\" data-e-type=\"column\">\n\t\t\t<div class=\"elementor-widget-wrap elementor-element-populated\">\n\t\t\t\t\t\t<div class=\"elementor-element elementor-element-a0bd4cd elementor-widget elementor-widget-text-editor\" data-id=\"a0bd4cd\" data-element_type=\"widget\" data-e-type=\"widget\" data-widget_type=\"text-editor.default\">\n\t\t\t\t<div class=\"elementor-widget-container\">\n\t\t\t\t\t\t\t\t\t<p>F\u00fcr uns war es wichtig, den richtigen Partner zu haben. Bei der deutschen Wortmann AG haben wir sowohl die Qualit\u00e4t des Produkts als auch die Qualit\u00e4t des Service gefunden.<\/p><p>Seit mehr als 35 Jahren steht der Name Wortmann f\u00fcr Produkte und Dienstleistungen im Bereich der Informationstechnologie als international t\u00e4tiges, mittelst\u00e4ndisches Familienunternehmen.<\/p><p>Mit einem Umsatz von mehr als 1 Milliarde Euro im Jahr 2021 wird das Unternehmen <a href=\"https:\/\/www.wortmann.de\/\" rel=\"noopener\"><strong>Wortmann AG<\/strong><\/a> ist eines der erfolgreichsten unabh\u00e4ngigen deutschen IT-Unternehmen. Als Hersteller, Distributor und Cloud-Service-Provider besch\u00e4ftigt das Unternehmen rund 700 Mitarbeiter und betreut mehr als 15.000 Reseller und Integratoren in ganz Europa.<\/p><p>Die eigene Marke <a href=\"https:\/\/shop24.lu\/en\/vendors\/econcept-tech\/\"><strong>TERRA<\/strong><\/a>, mit seinen Tablets, Laptops, PCs, Workstations, Servern, Storage Arrays, Thin Clients und LCD-Bildschirmen wird in Deutschland gefertigt und verf\u00fcgt \u00fcber ein eigenes Partnernetz und ein zentrales Service-Center am Produktionsstandort.<\/p>\t\t\t\t\t\t\t\t<\/div>\n\t\t\t\t<\/div>\n\t\t\t\t<div class=\"elementor-element elementor-element-97cc0ed elementor-widget elementor-widget-heading\" data-id=\"97cc0ed\" data-element_type=\"widget\" data-e-type=\"widget\" data-widget_type=\"heading.default\">\n\t\t\t\t<div class=\"elementor-widget-container\">\n\t\t\t\t\t<h3 class=\"elementor-heading-title elementor-size-default\">TERRA - Deutschlands erfolgreichste Hardware-Marke<\/h3>\t\t\t\t<\/div>\n\t\t\t\t<\/div>\n\t\t\t\t<div class=\"elementor-element elementor-element-aee8f6f elementor-widget elementor-widget-text-editor\" data-id=\"aee8f6f\" data-element_type=\"widget\" data-e-type=\"widget\" data-widget_type=\"text-editor.default\">\n\t\t\t\t<div class=\"elementor-widget-container\">\n\t\t\t\t\t\t\t\t\t<p>Seit mehr als <strong>30 Jahre<\/strong>, TERRA Produkte stehen f\u00fcr zuverl\u00e4ssige und preiswerte Qualit\u00e4tsprodukte made in Germany. Das Sortiment umfasst alle Ger\u00e4te, die Sie f\u00fcr das moderne Computing ben\u00f6tigen.<\/p><p>Alle TERRA Produkte zeichnen sich durch eine lange <strong>Lebensdauer<\/strong> und <strong>Dienstleistungen<\/strong> vollst\u00e4ndig. Hierf\u00fcr stehen Ihnen das TERRA Service Center und das Netzwerk von mehr als 1.000 TERRA Service Partnerfirmen zur Verf\u00fcgung, denn <strong>1995<\/strong>.<\/p>\t\t\t\t\t\t\t\t<\/div>\n\t\t\t\t<\/div>\n\t\t\t\t<div class=\"elementor-element elementor-element-460f8c6 elementor-widget elementor-widget-image\" data-id=\"460f8c6\" data-element_type=\"widget\" data-e-type=\"widget\" data-widget_type=\"image.default\">\n\t\t\t\t<div class=\"elementor-widget-container\">\n\t\t\t\t\t\t\t\t\t\t\t\t\t\t\t<img decoding=\"async\" width=\"600\" height=\"238\" src=\"https:\/\/econcept.lu\/wp-content\/uploads\/2022\/02\/terra_computers.jpg\" class=\"attachment-medium_large size-medium_large wp-image-1446\" alt=\"\" srcset=\"https:\/\/econcept.lu\/wp-content\/uploads\/2022\/02\/terra_computers.jpg 600w, https:\/\/econcept.lu\/wp-content\/uploads\/2022\/02\/terra_computers-300x119.jpg 300w\" sizes=\"(max-width: 600px) 100vw, 600px\" \/>\t\t\t\t\t\t\t\t\t\t\t\t\t\t\t<\/div>\n\t\t\t\t<\/div>\n\t\t\t\t<div class=\"elementor-element elementor-element-bc0f48c elementor-widget elementor-widget-text-editor\" data-id=\"bc0f48c\" data-element_type=\"widget\" data-e-type=\"widget\" data-widget_type=\"text-editor.default\">\n\t\t\t\t<div class=\"elementor-widget-container\">\n\t\t\t\t\t\t\t\t\t<p>Das Lager und die Produktion am Hauptsitz in <strong>H\u00fcllhorst (Deutschland)<\/strong> garantieren eine hohe Verf\u00fcgbarkeit und erm\u00f6glichen auf Wunsch sogar die Zustellung Ihrer <strong>individuell<\/strong> TERRA-Produkt innerhalb von ein bis zwei Arbeitstagen.<\/p><p>TERRA-Produkte sind erh\u00e4ltlich in <strong>TERRA-L\u00e4den<\/strong> oder online, z.B. <a href=\"https:\/\/shop24.lu\/en\/vendors\/econcept-tech\/\"><strong>Shop24.lu<\/strong><\/a>. Diese werden von der Firma Wortmann unterst\u00fctzt, die \u00fcber 160 Berater zu allen aktuellen IT-Themen hat, um Ihnen eine optimale Beratung zu garantieren.<\/p>\t\t\t\t\t\t\t\t<\/div>\n\t\t\t\t<\/div>\n\t\t\t\t\t<\/div>\n\t\t<\/div>\n\t\t\t\t\t<\/div>\n\t\t<\/section>\n\t\t\t\t<\/div>","protected":false},"excerpt":{"rendered":"<p>IT Solutions Why is a webagency into IT hardware solutions? In fact it sounds quite unusual that a creative agency focusing on software solutions and design is also into hardware solutions. We noticed that during our interaction with vendors of our marketplace platform Shop24.lu there were quite often questions related to existing and new hardware: [&hellip;]<\/p>\n","protected":false},"author":1,"featured_media":0,"parent":0,"menu_order":0,"comment_status":"closed","ping_status":"closed","template":"elementor_header_footer","meta":{"_seopress_robots_primary_cat":"","_seopress_titles_title":"","_seopress_titles_desc":"","_seopress_robots_index":"","_monsterinsights_skip_tracking":false,"_monsterinsights_sitenote_active":false,"_monsterinsights_sitenote_note":"","_monsterinsights_sitenote_category":0,"footnotes":""},"class_list":["post-1339","page","type-page","status-publish","hentry"],"jetpack_sharing_enabled":true,"_links":{"self":[{"href":"https:\/\/econcept.lu\/de\/wp-json\/wp\/v2\/pages\/1339","targetHints":{"allow":["GET"]}}],"collection":[{"href":"https:\/\/econcept.lu\/de\/wp-json\/wp\/v2\/pages"}],"about":[{"href":"https:\/\/econcept.lu\/de\/wp-json\/wp\/v2\/types\/page"}],"author":[{"embeddable":true,"href":"https:\/\/econcept.lu\/de\/wp-json\/wp\/v2\/users\/1"}],"replies":[{"embeddable":true,"href":"https:\/\/econcept.lu\/de\/wp-json\/wp\/v2\/comments?post=1339"}],"version-history":[{"count":0,"href":"https:\/\/econcept.lu\/de\/wp-json\/wp\/v2\/pages\/1339\/revisions"}],"wp:attachment":[{"href":"https:\/\/econcept.lu\/de\/wp-json\/wp\/v2\/media?parent=1339"}],"curies":[{"name":"wp","href":"https:\/\/api.w.org\/{rel}","templated":true}]}}