{"id":1938,"date":"2023-02-12T18:56:59","date_gmt":"2023-02-12T17:56:59","guid":{"rendered":"https:\/\/econcept.lu\/?page_id=1938"},"modified":"2024-02-13T16:21:21","modified_gmt":"2024-02-13T15:21:21","slug":"qrlink","status":"publish","type":"page","link":"https:\/\/econcept.lu\/de\/qrlink\/","title":{"rendered":"QR-Link"},"content":{"rendered":"<div data-elementor-type=\"wp-page\" data-elementor-id=\"1938\" class=\"elementor elementor-1938\">\n\t\t\t\t\t\t<section data-particle_enable=\"false\" data-particle-mobile-disabled=\"false\" class=\"elementor-section elementor-top-section elementor-element elementor-element-36b2b48 elementor-section-boxed elementor-section-height-default elementor-section-height-default\" data-id=\"36b2b48\" data-element_type=\"section\" data-e-type=\"section\" data-settings=\"{&quot;background_background&quot;:&quot;classic&quot;}\">\n\t\t\t\t\t\t<div class=\"elementor-container elementor-column-gap-default\">\n\t\t\t\t\t<div class=\"elementor-column elementor-col-100 elementor-top-column elementor-element elementor-element-122799f\" data-id=\"122799f\" data-element_type=\"column\" data-e-type=\"column\">\n\t\t\t<div class=\"elementor-widget-wrap elementor-element-populated\">\n\t\t\t\t\t\t<div class=\"elementor-element elementor-element-7334d0a elementor-widget elementor-widget-page-title\" data-id=\"7334d0a\" data-element_type=\"widget\" data-e-type=\"widget\" data-settings=\"{&quot;align&quot;:&quot;center&quot;}\" data-widget_type=\"page-title.default\">\n\t\t\t\t<div class=\"elementor-widget-container\">\n\t\t\t\t\t\t\t\n\t\t<div class=\"hfe-page-title hfe-page-title-wrapper elementor-widget-heading\">\n\n\t\t\t\t\t\t\t\t\t\t\t<a href=\"https:\/\/econcept.lu\/de\">\n\t\t\t\t\t\t<h1 class=\"elementor-heading-title elementor-size-default\">\n\t\t\t\t\t\t\t\t\n\t\t\t\tQR-Link  \n\t\t\t<\/h1> \n\t\t\t\t\t\t\t\t\t<\/a>\n\t\t\t\t\t<\/div>\n\t\t\t\t\t\t<\/div>\n\t\t\t\t<\/div>\n\t\t\t\t\t<\/div>\n\t\t<\/div>\n\t\t\t\t\t<\/div>\n\t\t<\/section>\n\t\t\t\t<section data-particle_enable=\"false\" data-particle-mobile-disabled=\"false\" class=\"elementor-section elementor-top-section elementor-element elementor-element-3054cde elementor-section-content-middle elementor-section-boxed elementor-section-height-default elementor-section-height-default\" data-id=\"3054cde\" data-element_type=\"section\" data-e-type=\"section\">\n\t\t\t\t\t\t<div class=\"elementor-container elementor-column-gap-default\">\n\t\t\t\t\t<div class=\"elementor-column elementor-col-100 elementor-top-column elementor-element elementor-element-853695d\" data-id=\"853695d\" data-element_type=\"column\" data-e-type=\"column\">\n\t\t\t<div class=\"elementor-widget-wrap elementor-element-populated\">\n\t\t\t\t\t\t<div class=\"elementor-element elementor-element-499616a animated-fast elementor-invisible elementor-widget elementor-widget-heading\" data-id=\"499616a\" data-element_type=\"widget\" data-e-type=\"widget\" data-settings=\"{&quot;_animation&quot;:&quot;fadeInLeft&quot;}\" data-widget_type=\"heading.default\">\n\t\t\t\t<div class=\"elementor-widget-container\">\n\t\t\t\t\t<h1 class=\"elementor-heading-title elementor-size-large\">QR-Code-URL-Verk\u00fcrzungsdienst<\/h1>\t\t\t\t<\/div>\n\t\t\t\t<\/div>\n\t\t\t\t<div class=\"elementor-element elementor-element-fe48b0b elementor-widget elementor-widget-text-editor\" data-id=\"fe48b0b\" data-element_type=\"widget\" data-e-type=\"widget\" data-widget_type=\"text-editor.default\">\n\t\t\t\t<div class=\"elementor-widget-container\">\n\t\t\t\t\t\t\t\t\t<p>Machen Sie es Ihren Kunden leicht, auf Ihre Seiten zuzugreifen. W\u00e4hlen Sie eine leicht zu merkende URL oder k\u00fcrzen Sie einen Link zu einer bestimmten Seite.<\/p><p>Sie k\u00f6nnen entweder unsere Domain verwenden: <a href=\"https:\/\/qr.lin.lu\">qr.lin.lu\/ihr-name<\/a> oder verwenden Sie eine neue benutzerdefinierte Dom\u00e4ne.<\/p>\t\t\t\t\t\t\t\t<\/div>\n\t\t\t\t<\/div>\n\t\t\t\t<div class=\"elementor-element elementor-element-3eda643 elementor-align-center elementor-widget elementor-widget-button\" data-id=\"3eda643\" data-element_type=\"widget\" data-e-type=\"widget\" data-widget_type=\"button.default\">\n\t\t\t\t<div class=\"elementor-widget-container\">\n\t\t\t\t\t\t\t\t\t<div class=\"elementor-button-wrapper\">\n\t\t\t\t\t<a class=\"elementor-button elementor-button-link elementor-size-md\" href=\"\/de\/contact\/\">\n\t\t\t\t\t\t<span class=\"elementor-button-content-wrapper\">\n\t\t\t\t\t\t\t\t\t<span class=\"elementor-button-text\">KOSTENLOSES Angebot einholen<\/span>\n\t\t\t\t\t<\/span>\n\t\t\t\t\t<\/a>\n\t\t\t\t<\/div>\n\t\t\t\t\t\t\t\t<\/div>\n\t\t\t\t<\/div>\n\t\t\t\t<div class=\"elementor-element elementor-element-f2ae458 elementor-widget elementor-widget-heading\" data-id=\"f2ae458\" data-element_type=\"widget\" data-e-type=\"widget\" data-widget_type=\"heading.default\">\n\t\t\t\t<div class=\"elementor-widget-container\">\n\t\t\t\t\t<h2 class=\"elementor-heading-title elementor-size-default\">Spezielle Dienste in Verbindung mit QR Link:<\/h2>\t\t\t\t<\/div>\n\t\t\t\t<\/div>\n\t\t\t\t<div class=\"elementor-element elementor-element-abed5f1 elementor-widget elementor-widget-text-editor\" data-id=\"abed5f1\" data-element_type=\"widget\" data-e-type=\"widget\" data-widget_type=\"text-editor.default\">\n\t\t\t\t<div class=\"elementor-widget-container\">\n\t\t\t\t\t\t\t\t\t<h4><strong>vCard.lu - Virtuelle Visitenkarte<\/strong><ins datetime=\"2021-08-30T08:40:31+00:00\"><br \/><\/ins><\/h4><p>Verschwenden Sie keine Zeit und kein Geld mit einer altmodischen Visitenkarte. Erstellen Sie eine <strong>virtuelle Visitenkarte<\/strong> \u00fcber einen Link zug\u00e4nglich, <strong>QR-Code<\/strong> und <strong>NFC-Technologie<\/strong>.<\/p><p>Ersetzen Sie Ihre Hunderte von Papier-Visitenkarten durch eine Plastikkarte mit QR-Code und Nahfeld-Chiptechnologie. Ihre Kunden werden sprachlos sein, wenn sie Ihren QR-Code scannen oder die NFC-Funktion ihres Smartphones nutzen, um zu Ihrer VKarte zu gelangen!<\/p><p><strong>Vorteile<\/strong>:<\/p><ul><li>Immer zug\u00e4nglich \u00fcber Ihren pers\u00f6nlichen vcard.lu-Link: <a href=\"https:\/\/vcard.lu\/demo\" target=\"_blank\" rel=\"noopener\">vcard.lu\/ihr-name<\/a><\/li><li>Daten k\u00f6nnen ge\u00e4ndert werden, ohne den Link, den QR-Code oder die NFC-Daten zu ver\u00e4ndern<\/li><li>Beeindrucken Sie Ihre Kunden<\/li><\/ul>\t\t\t\t\t\t\t\t<\/div>\n\t\t\t\t<\/div>\n\t\t\t\t<div class=\"elementor-element elementor-element-ab856c9 elementor-align-center elementor-widget elementor-widget-button\" data-id=\"ab856c9\" data-element_type=\"widget\" data-e-type=\"widget\" data-widget_type=\"button.default\">\n\t\t\t\t<div class=\"elementor-widget-container\">\n\t\t\t\t\t\t\t\t\t<div class=\"elementor-button-wrapper\">\n\t\t\t\t\t<a class=\"elementor-button elementor-button-link elementor-size-md\" href=\"https:\/\/vcard.lu\">\n\t\t\t\t\t\t<span class=\"elementor-button-content-wrapper\">\n\t\t\t\t\t\t\t\t\t<span class=\"elementor-button-text\">Fordern Sie noch heute Ihre KOSTENLOSE virtuelle Visitenkarte an!<\/span>\n\t\t\t\t\t<\/span>\n\t\t\t\t\t<\/a>\n\t\t\t\t<\/div>\n\t\t\t\t\t\t\t\t<\/div>\n\t\t\t\t<\/div>\n\t\t\t\t<div class=\"elementor-element elementor-element-d6e3aeb elementor-widget elementor-widget-text-editor\" data-id=\"d6e3aeb\" data-element_type=\"widget\" data-e-type=\"widget\" data-widget_type=\"text-editor.default\">\n\t\t\t\t<div class=\"elementor-widget-container\">\n\t\t\t\t\t\t\t\t\t<h4><strong>eMenu.lu - Ihr digitales Men\u00fc<br \/><\/strong><\/h4><p>Erstellen Sie Ihre digitale Speisekarte selbst mit unserem Service eMenu.lu.<\/p><p>Lassen Sie Ihre Kunden Ihren QR-Code scannen, damit sie Ihre Speisekarte auf ihren eigenen Ger\u00e4ten durchsehen k\u00f6nnen.<\/p><p><strong>Vorteile<\/strong>:<\/p><ul><li>Immer aktuelle Speisekarte (bearbeiten Sie Ihre Speisekarte selbst)<\/li><li>Neue Technologie f\u00fcr Ihre Kunden<\/li><li>Vermeidung der Ausbreitung von leicht \u00fcbertragbaren Krankheiten<\/li><\/ul>\t\t\t\t\t\t\t\t<\/div>\n\t\t\t\t<\/div>\n\t\t\t\t<div class=\"elementor-element elementor-element-cd04e5c elementor-align-center elementor-widget elementor-widget-button\" data-id=\"cd04e5c\" data-element_type=\"widget\" data-e-type=\"widget\" data-widget_type=\"button.default\">\n\t\t\t\t<div class=\"elementor-widget-container\">\n\t\t\t\t\t\t\t\t\t<div class=\"elementor-button-wrapper\">\n\t\t\t\t\t<a class=\"elementor-button elementor-button-link elementor-size-md\" href=\"https:\/\/emenu.lu\">\n\t\t\t\t\t\t<span class=\"elementor-button-content-wrapper\">\n\t\t\t\t\t\t\t\t\t<span class=\"elementor-button-text\">Erstellen Sie Ihr eMenu noch heute!<\/span>\n\t\t\t\t\t<\/span>\n\t\t\t\t\t<\/a>\n\t\t\t\t<\/div>\n\t\t\t\t\t\t\t\t<\/div>\n\t\t\t\t<\/div>\n\t\t\t\t\t<\/div>\n\t\t<\/div>\n\t\t\t\t\t<\/div>\n\t\t<\/section>\n\t\t\t\t<section data-particle_enable=\"false\" data-particle-mobile-disabled=\"false\" class=\"elementor-section elementor-top-section elementor-element elementor-element-4225ae6 elementor-section-full_width elementor-section-height-default elementor-section-height-default elementor-invisible\" data-id=\"4225ae6\" data-element_type=\"section\" data-e-type=\"section\" data-settings=\"{&quot;background_background&quot;:&quot;classic&quot;,&quot;animation&quot;:&quot;pulse&quot;}\">\n\t\t\t\t\t\t\t<div class=\"elementor-background-overlay\"><\/div>\n\t\t\t\t\t\t\t<div class=\"elementor-container elementor-column-gap-default\">\n\t\t\t\t\t<div class=\"elementor-column elementor-col-100 elementor-top-column elementor-element elementor-element-38f5b8f\" data-id=\"38f5b8f\" data-element_type=\"column\" data-e-type=\"column\">\n\t\t\t<div class=\"elementor-widget-wrap elementor-element-populated\">\n\t\t\t\t\t\t<div class=\"elementor-element elementor-element-4a8a01c elementor-invisible elementor-widget elementor-widget-heading\" data-id=\"4a8a01c\" data-element_type=\"widget\" data-e-type=\"widget\" data-settings=\"{&quot;_animation&quot;:&quot;fadeInLeft&quot;}\" data-widget_type=\"heading.default\">\n\t\t\t\t<div class=\"elementor-widget-container\">\n\t\t\t\t\t<h2 class=\"elementor-heading-title elementor-size-large\">Qr Code URL Verk\u00fcrzungsdienst\n<\/h2>\t\t\t\t<\/div>\n\t\t\t\t<\/div>\n\t\t\t\t<div class=\"elementor-element elementor-element-cd6a4bc elementor-widget elementor-widget-image\" data-id=\"cd6a4bc\" data-element_type=\"widget\" data-e-type=\"widget\" data-widget_type=\"image.default\">\n\t\t\t\t<div class=\"elementor-widget-container\">\n\t\t\t\t\t\t\t\t\t\t\t\t\t\t\t<img decoding=\"async\" width=\"200\" height=\"146\" src=\"https:\/\/econcept.lu\/wp-content\/uploads\/2023\/02\/qrlin_logo_200i.png\" class=\"attachment-large size-large wp-image-1940\" alt=\"\" \/>\t\t\t\t\t\t\t\t\t\t\t\t\t\t\t<\/div>\n\t\t\t\t<\/div>\n\t\t\t\t\t<\/div>\n\t\t<\/div>\n\t\t\t\t\t<\/div>\n\t\t<\/section>\n\t\t\t\t<section data-particle_enable=\"false\" data-particle-mobile-disabled=\"false\" class=\"elementor-section elementor-top-section elementor-element elementor-element-bb4e9c1 elementor-section-boxed elementor-section-height-default elementor-section-height-default\" data-id=\"bb4e9c1\" data-element_type=\"section\" data-e-type=\"section\">\n\t\t\t\t\t\t<div class=\"elementor-container elementor-column-gap-default\">\n\t\t\t\t\t<div class=\"elementor-column elementor-col-100 elementor-top-column elementor-element elementor-element-6d6b6c9\" data-id=\"6d6b6c9\" data-element_type=\"column\" data-e-type=\"column\">\n\t\t\t<div class=\"elementor-widget-wrap elementor-element-populated\">\n\t\t\t\t\t\t<div class=\"elementor-element elementor-element-41042ab elementor-widget elementor-widget-text-editor\" data-id=\"41042ab\" data-element_type=\"widget\" data-e-type=\"widget\" data-widget_type=\"text-editor.default\">\n\t\t\t\t<div class=\"elementor-widget-container\">\n\t\t\t\t\t\t\t\t\t<h3>Ben\u00f6tigen Sie eine kurze Url zu Ihrer Website, Ihrem eMenu oder Ihrer vCard?<\/h3>\t\t\t\t\t\t\t\t<\/div>\n\t\t\t\t<\/div>\n\t\t\t\t<div class=\"elementor-element elementor-element-3784970 elementor-align-center elementor-widget elementor-widget-button\" data-id=\"3784970\" data-element_type=\"widget\" data-e-type=\"widget\" data-widget_type=\"button.default\">\n\t\t\t\t<div class=\"elementor-widget-container\">\n\t\t\t\t\t\t\t\t\t<div class=\"elementor-button-wrapper\">\n\t\t\t\t\t<a class=\"elementor-button elementor-button-link elementor-size-md\" href=\"\/de\/contact\/\">\n\t\t\t\t\t\t<span class=\"elementor-button-content-wrapper\">\n\t\t\t\t\t\t\t\t\t<span class=\"elementor-button-text\">KOSTENLOSES Angebot einholen<\/span>\n\t\t\t\t\t<\/span>\n\t\t\t\t\t<\/a>\n\t\t\t\t<\/div>\n\t\t\t\t\t\t\t\t<\/div>\n\t\t\t\t<\/div>\n\t\t\t\t\t<\/div>\n\t\t<\/div>\n\t\t\t\t\t<\/div>\n\t\t<\/section>\n\t\t\t\t<\/div>","protected":false},"excerpt":{"rendered":"<p>QR Link QR Code URL Shortener Service Make it easy for your customer to access your pages. Choose an easy to remember url or shorten a link to a specific page. You can either use our domain: qr.lin.lu\/your-name or use a new custom domain. Get FREE a quote Special services linked to QR Link: vCard.lu [&hellip;]<\/p>\n","protected":false},"author":1,"featured_media":0,"parent":0,"menu_order":0,"comment_status":"closed","ping_status":"closed","template":"elementor_header_footer","meta":{"_seopress_robots_primary_cat":"","_seopress_titles_title":"","_seopress_titles_desc":"","_seopress_robots_index":"","_monsterinsights_skip_tracking":false,"_monsterinsights_sitenote_active":false,"_monsterinsights_sitenote_note":"","_monsterinsights_sitenote_category":0,"footnotes":""},"class_list":["post-1938","page","type-page","status-publish","hentry"],"jetpack_sharing_enabled":true,"_links":{"self":[{"href":"https:\/\/econcept.lu\/de\/wp-json\/wp\/v2\/pages\/1938","targetHints":{"allow":["GET"]}}],"collection":[{"href":"https:\/\/econcept.lu\/de\/wp-json\/wp\/v2\/pages"}],"about":[{"href":"https:\/\/econcept.lu\/de\/wp-json\/wp\/v2\/types\/page"}],"author":[{"embeddable":true,"href":"https:\/\/econcept.lu\/de\/wp-json\/wp\/v2\/users\/1"}],"replies":[{"embeddable":true,"href":"https:\/\/econcept.lu\/de\/wp-json\/wp\/v2\/comments?post=1938"}],"version-history":[{"count":31,"href":"https:\/\/econcept.lu\/de\/wp-json\/wp\/v2\/pages\/1938\/revisions"}],"predecessor-version":[{"id":2053,"href":"https:\/\/econcept.lu\/de\/wp-json\/wp\/v2\/pages\/1938\/revisions\/2053"}],"wp:attachment":[{"href":"https:\/\/econcept.lu\/de\/wp-json\/wp\/v2\/media?parent=1938"}],"curies":[{"name":"wp","href":"https:\/\/api.w.org\/{rel}","templated":true}]}}