{"id":2072,"date":"2024-04-27T19:35:43","date_gmt":"2024-04-27T18:35:43","guid":{"rendered":"https:\/\/econcept.lu\/?page_id=2072"},"modified":"2024-05-09T21:26:15","modified_gmt":"2024-05-09T20:26:15","slug":"lasergravur","status":"publish","type":"page","link":"https:\/\/econcept.lu\/de\/laser-engraving\/","title":{"rendered":"Lasergravur"},"content":{"rendered":"<div data-elementor-type=\"wp-page\" data-elementor-id=\"2072\" class=\"elementor elementor-2072\">\n\t\t\t\t\t\t<section data-particle_enable=\"false\" data-particle-mobile-disabled=\"false\" class=\"elementor-section elementor-top-section elementor-element elementor-element-36b2b48 elementor-section-boxed elementor-section-height-default elementor-section-height-default\" data-id=\"36b2b48\" data-element_type=\"section\" data-e-type=\"section\" data-settings=\"{&quot;background_background&quot;:&quot;classic&quot;}\">\n\t\t\t\t\t\t<div class=\"elementor-container elementor-column-gap-default\">\n\t\t\t\t\t<div class=\"elementor-column elementor-col-100 elementor-top-column elementor-element elementor-element-122799f\" data-id=\"122799f\" data-element_type=\"column\" data-e-type=\"column\">\n\t\t\t<div class=\"elementor-widget-wrap elementor-element-populated\">\n\t\t\t\t\t\t<div class=\"elementor-element elementor-element-7334d0a elementor-widget elementor-widget-page-title\" data-id=\"7334d0a\" data-element_type=\"widget\" data-e-type=\"widget\" data-settings=\"{&quot;align&quot;:&quot;center&quot;}\" data-widget_type=\"page-title.default\">\n\t\t\t\t<div class=\"elementor-widget-container\">\n\t\t\t\t\t\t\t\n\t\t<div class=\"hfe-page-title hfe-page-title-wrapper elementor-widget-heading\">\n\n\t\t\t\t\t\t\t\t\t\t\t<a href=\"https:\/\/econcept.lu\/de\">\n\t\t\t\t\t\t<h1 class=\"elementor-heading-title elementor-size-default\">\n\t\t\t\t\t\t\t\t\n\t\t\t\tLasergravur  \n\t\t\t<\/h1> \n\t\t\t\t\t\t\t\t\t<\/a>\n\t\t\t\t\t<\/div>\n\t\t\t\t\t\t<\/div>\n\t\t\t\t<\/div>\n\t\t\t\t\t<\/div>\n\t\t<\/div>\n\t\t\t\t\t<\/div>\n\t\t<\/section>\n\t\t\t\t<section data-particle_enable=\"false\" data-particle-mobile-disabled=\"false\" class=\"elementor-section elementor-top-section elementor-element elementor-element-f7b82c5 elementor-section-full_width container elementor-section-height-default elementor-section-height-default\" data-id=\"f7b82c5\" data-element_type=\"section\" data-e-type=\"section\">\n\t\t\t\t\t\t<div class=\"elementor-container elementor-column-gap-default\">\n\t\t\t\t\t<div class=\"elementor-column elementor-col-100 elementor-top-column elementor-element elementor-element-0a97621\" data-id=\"0a97621\" data-element_type=\"column\" data-e-type=\"column\">\n\t\t\t<div class=\"elementor-widget-wrap elementor-element-populated\">\n\t\t\t\t\t\t<div class=\"elementor-element elementor-element-e398275 elementor-widget elementor-widget-heading\" data-id=\"e398275\" data-element_type=\"widget\" data-e-type=\"widget\" data-widget_type=\"heading.default\">\n\t\t\t\t<div class=\"elementor-widget-container\">\n\t\t\t\t\t<h2 class=\"elementor-heading-title elementor-size-default\">Einzigartige Visitenkarten<\/h2>\t\t\t\t<\/div>\n\t\t\t\t<\/div>\n\t\t\t\t<div class=\"elementor-element elementor-element-10b43b0 elementor-widget__width-initial elementor-widget-tablet__width-inherit mx-auto elementor-widget elementor-widget-heading\" data-id=\"10b43b0\" data-element_type=\"widget\" data-e-type=\"widget\" data-widget_type=\"heading.default\">\n\t\t\t\t<div class=\"elementor-widget-container\">\n\t\t\t\t\t<p class=\"elementor-heading-title elementor-size-default\">Mehrere einzigartige Merkmale,\nf\u00fcr einzigartige Menschen!<\/p>\t\t\t\t<\/div>\n\t\t\t\t<\/div>\n\t\t\t\t<section data-particle_enable=\"false\" data-particle-mobile-disabled=\"false\" class=\"elementor-section elementor-inner-section elementor-element elementor-element-5d6b456 elementor-section-full_width elementor-section-content-middle elementor-section-height-default elementor-section-height-default\" data-id=\"5d6b456\" data-element_type=\"section\" data-e-type=\"section\">\n\t\t\t\t\t\t<div class=\"elementor-container elementor-column-gap-default\">\n\t\t\t\t\t<div class=\"elementor-column elementor-col-33 elementor-inner-column elementor-element elementor-element-c4e309d\" data-id=\"c4e309d\" data-element_type=\"column\" data-e-type=\"column\">\n\t\t\t<div class=\"elementor-widget-wrap elementor-element-populated\">\n\t\t\t\t\t\t<div class=\"elementor-element elementor-element-1f3e440 elementor-widget elementor-widget-image\" data-id=\"1f3e440\" data-element_type=\"widget\" data-e-type=\"widget\" data-widget_type=\"image.default\">\n\t\t\t\t<div class=\"elementor-widget-container\">\n\t\t\t\t\t\t\t\t\t\t\t\t\t\t\t<img fetchpriority=\"high\" decoding=\"async\" width=\"640\" height=\"360\" src=\"https:\/\/econcept.lu\/wp-content\/uploads\/2024\/04\/vcard_vcard1-1024x576.jpg\" class=\"attachment-large size-large wp-image-2074\" alt=\"\" srcset=\"https:\/\/econcept.lu\/wp-content\/uploads\/2024\/04\/vcard_vcard1-1024x576.jpg 1024w, https:\/\/econcept.lu\/wp-content\/uploads\/2024\/04\/vcard_vcard1-300x169.jpg 300w, https:\/\/econcept.lu\/wp-content\/uploads\/2024\/04\/vcard_vcard1-768x432.jpg 768w, https:\/\/econcept.lu\/wp-content\/uploads\/2024\/04\/vcard_vcard1-1536x864.jpg 1536w, https:\/\/econcept.lu\/wp-content\/uploads\/2024\/04\/vcard_vcard1-18x10.jpg 18w, https:\/\/econcept.lu\/wp-content\/uploads\/2024\/04\/vcard_vcard1.jpg 2048w\" sizes=\"(max-width: 640px) 100vw, 640px\" \/>\t\t\t\t\t\t\t\t\t\t\t\t\t\t\t<\/div>\n\t\t\t\t<\/div>\n\t\t\t\t\t<\/div>\n\t\t<\/div>\n\t\t\t\t<div class=\"elementor-column elementor-col-66 elementor-inner-column elementor-element elementor-element-a4b7e2f\" data-id=\"a4b7e2f\" data-element_type=\"column\" data-e-type=\"column\">\n\t\t\t<div class=\"elementor-widget-wrap elementor-element-populated\">\n\t\t\t\t\t\t<div class=\"elementor-element elementor-element-863a9eb elementor-widget elementor-widget-text-editor\" data-id=\"863a9eb\" data-element_type=\"widget\" data-e-type=\"widget\" data-widget_type=\"text-editor.default\">\n\t\t\t\t<div class=\"elementor-widget-container\">\n\t\t\t\t\t\t\t\t\t<p><strong>Digitale METAL-Visitenkarten<\/strong><\/p><p>Heben Sie sich mit einer einzigartigen, hochwertigen Visitenkarte mit Ihrer pers\u00f6nlichen vCard hervor.lu <strong>QR-Code<\/strong> und <strong>NFC-Chip<\/strong>. Ihre Freunde und Kunden werden erstaunt sein, die Zukunft der Visitenkarten in Ihrer Brieftasche zu sehen.<\/p><p>Wir gravieren <strong>individualisierte Visitenkarten aus Metall<\/strong> mit Ihrem Firmenlogo, QR-Code und pers\u00f6nlichen Daten. Je nach Ihrem Bedarf k\u00f6nnen wir kleine oder gro\u00dfe Mengen produzieren. Jede Karte kann nach Ihrem Ermessen individuell gestaltet werden. Verschiedene Farben wie Schwarz, Blau, Rot, Gr\u00fcn usw. sind verf\u00fcgbar.<\/p>\t\t\t\t\t\t\t\t<\/div>\n\t\t\t\t<\/div>\n\t\t\t\t\t<\/div>\n\t\t<\/div>\n\t\t\t\t\t<\/div>\n\t\t<\/section>\n\t\t\t\t<section data-particle_enable=\"false\" data-particle-mobile-disabled=\"false\" class=\"elementor-section elementor-inner-section elementor-element elementor-element-75a066f elementor-section-full_width elementor-section-content-middle elementor-section-height-default elementor-section-height-default\" data-id=\"75a066f\" data-element_type=\"section\" data-e-type=\"section\">\n\t\t\t\t\t\t<div class=\"elementor-container elementor-column-gap-default\">\n\t\t\t\t\t<div class=\"elementor-column elementor-col-100 elementor-inner-column elementor-element elementor-element-c729d74\" data-id=\"c729d74\" data-element_type=\"column\" data-e-type=\"column\">\n\t\t\t<div class=\"elementor-widget-wrap elementor-element-populated\">\n\t\t\t\t\t\t<div class=\"elementor-element elementor-element-d365406 elementor-widget elementor-widget-image\" data-id=\"d365406\" data-element_type=\"widget\" data-e-type=\"widget\" data-widget_type=\"image.default\">\n\t\t\t\t<div class=\"elementor-widget-container\">\n\t\t\t\t\t\t\t\t\t\t\t\t<figure class=\"wp-caption\">\n\t\t\t\t\t\t\t\t\t\t\t<a href=\"\/de\/kontaktieren-sie-uns\/\">\n\t\t\t\t\t\t\t<img decoding=\"async\" src=\"https:\/\/econcept.lu\/wp-content\/uploads\/elementor\/thumbs\/vcard_vcard_rv-qnx8quwgvc6aw6tptem0tluc832ubtewrwo784h7as.jpg\" title=\"vcard_vcard_rv.jpg\" alt=\"vcard_vcard_rv.jpg\" loading=\"lazy\" \/>\t\t\t\t\t\t\t\t<\/a>\n\t\t\t\t\t\t\t\t\t\t\t<figcaption class=\"widget-image-caption wp-caption-text\">Lasergravierte Visitenkarten aus Metall\/Bambus - Kontaktieren Sie uns f\u00fcr ein Angebot<\/figcaption>\n\t\t\t\t\t\t\t\t\t\t<\/figure>\n\t\t\t\t\t\t\t\t\t<\/div>\n\t\t\t\t<\/div>\n\t\t\t\t\t<\/div>\n\t\t<\/div>\n\t\t\t\t\t<\/div>\n\t\t<\/section>\n\t\t\t\t<section data-particle_enable=\"false\" data-particle-mobile-disabled=\"false\" class=\"elementor-section elementor-inner-section elementor-element elementor-element-c12d1d4 elementor-section-full_width elementor-section-content-middle elementor-section-height-default elementor-section-height-default\" data-id=\"c12d1d4\" data-element_type=\"section\" data-e-type=\"section\">\n\t\t\t\t\t\t<div class=\"elementor-container elementor-column-gap-default\">\n\t\t\t\t\t<div class=\"elementor-column elementor-col-66 elementor-inner-column elementor-element elementor-element-410033a\" data-id=\"410033a\" data-element_type=\"column\" data-e-type=\"column\">\n\t\t\t<div class=\"elementor-widget-wrap elementor-element-populated\">\n\t\t\t\t\t\t<div class=\"elementor-element elementor-element-5608dd0 elementor-widget elementor-widget-text-editor\" data-id=\"5608dd0\" data-element_type=\"widget\" data-e-type=\"widget\" data-widget_type=\"text-editor.default\">\n\t\t\t\t<div class=\"elementor-widget-container\">\n\t\t\t\t\t\t\t\t\t<p><strong>Digitale BAMBOO-Visitenkarten<\/strong><\/p><p>Heben Sie sich mit einer einzigartigen, hochwertigen Visitenkarte mit Ihrer pers\u00f6nlichen vCard hervor.lu <strong>QR-Code<\/strong> und <strong>integrierter NFC-Chip<\/strong>.<\/p><p>Wir gravieren individualisierte Bambus-Visitenkarten mit Ihrem Firmenlogo, QR-Code, pers\u00f6nlichen Daten und programmieren den integrierten NFC-Chip.<\/p>\t\t\t\t\t\t\t\t<\/div>\n\t\t\t\t<\/div>\n\t\t\t\t\t<\/div>\n\t\t<\/div>\n\t\t\t\t<div class=\"elementor-column elementor-col-33 elementor-inner-column elementor-element elementor-element-0dc9fc1\" data-id=\"0dc9fc1\" data-element_type=\"column\" data-e-type=\"column\">\n\t\t\t<div class=\"elementor-widget-wrap elementor-element-populated\">\n\t\t\t\t\t\t<div class=\"elementor-element elementor-element-3179b65 elementor-widget elementor-widget-image\" data-id=\"3179b65\" data-element_type=\"widget\" data-e-type=\"widget\" data-widget_type=\"image.default\">\n\t\t\t\t<div class=\"elementor-widget-container\">\n\t\t\t\t\t\t\t\t\t\t\t\t\t\t\t<img decoding=\"async\" width=\"640\" height=\"360\" src=\"https:\/\/econcept.lu\/wp-content\/uploads\/2024\/04\/vcard_bamboo-1024x576.jpg\" class=\"attachment-large size-large wp-image-2076\" alt=\"\" srcset=\"https:\/\/econcept.lu\/wp-content\/uploads\/2024\/04\/vcard_bamboo-1024x576.jpg 1024w, https:\/\/econcept.lu\/wp-content\/uploads\/2024\/04\/vcard_bamboo-300x169.jpg 300w, https:\/\/econcept.lu\/wp-content\/uploads\/2024\/04\/vcard_bamboo-768x432.jpg 768w, https:\/\/econcept.lu\/wp-content\/uploads\/2024\/04\/vcard_bamboo-1536x865.jpg 1536w, https:\/\/econcept.lu\/wp-content\/uploads\/2024\/04\/vcard_bamboo-18x10.jpg 18w, https:\/\/econcept.lu\/wp-content\/uploads\/2024\/04\/vcard_bamboo.jpg 1693w\" sizes=\"(max-width: 640px) 100vw, 640px\" \/>\t\t\t\t\t\t\t\t\t\t\t\t\t\t\t<\/div>\n\t\t\t\t<\/div>\n\t\t\t\t\t<\/div>\n\t\t<\/div>\n\t\t\t\t\t<\/div>\n\t\t<\/section>\n\t\t\t\t\t<\/div>\n\t\t<\/div>\n\t\t\t\t\t<\/div>\n\t\t<\/section>\n\t\t\t\t<section data-particle_enable=\"false\" data-particle-mobile-disabled=\"false\" class=\"elementor-section elementor-top-section elementor-element elementor-element-4225ae6 elementor-section-full_width elementor-section-height-default elementor-section-height-default elementor-invisible\" data-id=\"4225ae6\" data-element_type=\"section\" data-e-type=\"section\" data-settings=\"{&quot;background_background&quot;:&quot;classic&quot;,&quot;animation&quot;:&quot;pulse&quot;}\">\n\t\t\t\t\t\t\t<div class=\"elementor-background-overlay\"><\/div>\n\t\t\t\t\t\t\t<div class=\"elementor-container elementor-column-gap-default\">\n\t\t\t\t\t<div class=\"elementor-column elementor-col-100 elementor-top-column elementor-element elementor-element-38f5b8f\" data-id=\"38f5b8f\" data-element_type=\"column\" data-e-type=\"column\">\n\t\t\t<div class=\"elementor-widget-wrap elementor-element-populated\">\n\t\t\t\t\t\t<div class=\"elementor-element elementor-element-4a8a01c elementor-invisible elementor-widget elementor-widget-heading\" data-id=\"4a8a01c\" data-element_type=\"widget\" data-e-type=\"widget\" data-settings=\"{&quot;_animation&quot;:&quot;fadeInLeft&quot;}\" data-widget_type=\"heading.default\">\n\t\t\t\t<div class=\"elementor-widget-container\">\n\t\t\t\t\t<h2 class=\"elementor-heading-title elementor-size-large\">\u201cComputer sind unglaublich schnell, genau und dumm. Menschen sind unglaublich langsam, ungenau und brillant. Zusammen sind sie unvorstellbar m\u00e4chtig.\u201d - Albert Einstein.\n<\/h2>\t\t\t\t<\/div>\n\t\t\t\t<\/div>\n\t\t\t\t\t<\/div>\n\t\t<\/div>\n\t\t\t\t\t<\/div>\n\t\t<\/section>\n\t\t\t\t<section data-particle_enable=\"false\" data-particle-mobile-disabled=\"false\" class=\"elementor-section elementor-top-section elementor-element elementor-element-24c0d7e elementor-section-boxed elementor-section-height-default elementor-section-height-default\" data-id=\"24c0d7e\" data-element_type=\"section\" data-e-type=\"section\">\n\t\t\t\t\t\t<div class=\"elementor-container elementor-column-gap-default\">\n\t\t\t\t\t<div class=\"elementor-column elementor-col-100 elementor-top-column elementor-element elementor-element-e1ca08c\" data-id=\"e1ca08c\" data-element_type=\"column\" data-e-type=\"column\">\n\t\t\t<div class=\"elementor-widget-wrap elementor-element-populated\">\n\t\t\t\t\t\t<div class=\"elementor-element elementor-element-deea252 elementor-widget elementor-widget-heading\" data-id=\"deea252\" data-element_type=\"widget\" data-e-type=\"widget\" data-widget_type=\"heading.default\">\n\t\t\t\t<div class=\"elementor-widget-container\">\n\t\t\t\t\t<h2 class=\"elementor-heading-title elementor-size-default\">Mehrere verf\u00fcgbare Produkte<\/h2>\t\t\t\t<\/div>\n\t\t\t\t<\/div>\n\t\t\t\t\t<\/div>\n\t\t<\/div>\n\t\t\t\t\t<\/div>\n\t\t<\/section>\n\t\t\t\t<section data-particle_enable=\"false\" data-particle-mobile-disabled=\"false\" class=\"elementor-section elementor-top-section elementor-element elementor-element-95bab98 elementor-section-boxed elementor-section-height-default elementor-section-height-default\" data-id=\"95bab98\" data-element_type=\"section\" data-e-type=\"section\">\n\t\t\t\t\t\t<div class=\"elementor-container elementor-column-gap-default\">\n\t\t\t\t\t<div class=\"elementor-column elementor-col-100 elementor-top-column elementor-element elementor-element-01058a3\" data-id=\"01058a3\" data-element_type=\"column\" data-e-type=\"column\">\n\t\t\t<div class=\"elementor-widget-wrap elementor-element-populated\">\n\t\t\t\t\t\t<div class=\"elementor-element elementor-element-a0bd4cd elementor-widget elementor-widget-text-editor\" data-id=\"a0bd4cd\" data-element_type=\"widget\" data-e-type=\"widget\" data-widget_type=\"text-editor.default\">\n\t\t\t\t<div class=\"elementor-widget-container\">\n\t\t\t\t\t\t\t\t\t<p>Mit unserer Ausr\u00fcstung k\u00f6nnen wir alle Arten von Produkten gravieren oder schneiden.<\/p><p>Sie m\u00fcssen keine gro\u00dfe Anzahl von Artikeln bestellen, wir k\u00f6nnen die Gravur an Ihre Bed\u00fcrfnisse anpassen oder individuell gestalten.<\/p><p>F\u00fcr unseren Kunden <a href=\"https:\/\/my.vcard.lu\">vCard.lu<\/a>, Wir haben Metall-Visitenkarten f\u00fcr eine Firma mit ihrem Logo und Namen und den Daten der einzelnen Mitarbeiter f\u00fcr eine individuelle Karte graviert.<\/p>\t\t\t\t\t\t\t\t<\/div>\n\t\t\t\t<\/div>\n\t\t\t\t\t<\/div>\n\t\t<\/div>\n\t\t\t\t\t<\/div>\n\t\t<\/section>\n\t\t\t\t<\/div>","protected":false},"excerpt":{"rendered":"<p>Laser engraving Unique business cards Multiple unique features, for unique people! Digital METAL business cards Stand out with a unique high quality business card including your personal vCard.lu QR Code and NFC chip. Your friends and customers will be astonished to see the future of business cards in your wallet. We engrave individualised metal business [&hellip;]<\/p>\n","protected":false},"author":1,"featured_media":0,"parent":0,"menu_order":0,"comment_status":"closed","ping_status":"closed","template":"elementor_header_footer","meta":{"_seopress_robots_primary_cat":"","_seopress_titles_title":"","_seopress_titles_desc":"","_seopress_robots_index":"","_monsterinsights_skip_tracking":false,"_monsterinsights_sitenote_active":false,"_monsterinsights_sitenote_note":"","_monsterinsights_sitenote_category":0,"footnotes":""},"class_list":["post-2072","page","type-page","status-publish","hentry"],"jetpack_sharing_enabled":true,"_links":{"self":[{"href":"https:\/\/econcept.lu\/de\/wp-json\/wp\/v2\/pages\/2072","targetHints":{"allow":["GET"]}}],"collection":[{"href":"https:\/\/econcept.lu\/de\/wp-json\/wp\/v2\/pages"}],"about":[{"href":"https:\/\/econcept.lu\/de\/wp-json\/wp\/v2\/types\/page"}],"author":[{"embeddable":true,"href":"https:\/\/econcept.lu\/de\/wp-json\/wp\/v2\/users\/1"}],"replies":[{"embeddable":true,"href":"https:\/\/econcept.lu\/de\/wp-json\/wp\/v2\/comments?post=2072"}],"version-history":[{"count":17,"href":"https:\/\/econcept.lu\/de\/wp-json\/wp\/v2\/pages\/2072\/revisions"}],"predecessor-version":[{"id":2153,"href":"https:\/\/econcept.lu\/de\/wp-json\/wp\/v2\/pages\/2072\/revisions\/2153"}],"wp:attachment":[{"href":"https:\/\/econcept.lu\/de\/wp-json\/wp\/v2\/media?parent=2072"}],"curies":[{"name":"wp","href":"https:\/\/api.w.org\/{rel}","templated":true}]}}