{"id":2171,"date":"2024-12-03T19:11:58","date_gmt":"2024-12-03T18:11:58","guid":{"rendered":"https:\/\/econcept.lu\/?page_id=2171"},"modified":"2024-12-15T20:22:23","modified_gmt":"2024-12-15T19:22:23","slug":"sichere-hosting-losungen","status":"publish","type":"page","link":"https:\/\/econcept.lu\/de\/secure-hosting-solutions\/","title":{"rendered":"Sichere Hosting-L\u00f6sungen"},"content":{"rendered":"<div data-elementor-type=\"wp-page\" data-elementor-id=\"2171\" class=\"elementor elementor-2171\">\n\t\t\t\t\t\t<section data-particle_enable=\"false\" data-particle-mobile-disabled=\"false\" class=\"elementor-section elementor-top-section elementor-element elementor-element-36b2b48 elementor-section-boxed elementor-section-height-default elementor-section-height-default\" data-id=\"36b2b48\" data-element_type=\"section\" data-e-type=\"section\" data-settings=\"{&quot;background_background&quot;:&quot;classic&quot;}\">\n\t\t\t\t\t\t<div class=\"elementor-container elementor-column-gap-default\">\n\t\t\t\t\t<div class=\"elementor-column elementor-col-100 elementor-top-column elementor-element elementor-element-122799f\" data-id=\"122799f\" data-element_type=\"column\" data-e-type=\"column\">\n\t\t\t<div class=\"elementor-widget-wrap elementor-element-populated\">\n\t\t\t\t\t\t<div class=\"elementor-element elementor-element-7334d0a elementor-widget elementor-widget-page-title\" data-id=\"7334d0a\" data-element_type=\"widget\" data-e-type=\"widget\" data-settings=\"{&quot;align&quot;:&quot;center&quot;}\" data-widget_type=\"page-title.default\">\n\t\t\t\t<div class=\"elementor-widget-container\">\n\t\t\t\t\t\t\t\n\t\t<div class=\"hfe-page-title hfe-page-title-wrapper elementor-widget-heading\">\n\n\t\t\t\t\t\t\t\t\t\t\t<a href=\"https:\/\/econcept.lu\/de\">\n\t\t\t\t\t\t<h1 class=\"elementor-heading-title elementor-size-default\">\n\t\t\t\t\t\t\t\t\n\t\t\t\tSichere Hosting-L\u00f6sungen  \n\t\t\t<\/h1> \n\t\t\t\t\t\t\t\t\t<\/a>\n\t\t\t\t\t<\/div>\n\t\t\t\t\t\t<\/div>\n\t\t\t\t<\/div>\n\t\t\t\t\t<\/div>\n\t\t<\/div>\n\t\t\t\t\t<\/div>\n\t\t<\/section>\n\t\t\t\t<section data-particle_enable=\"false\" data-particle-mobile-disabled=\"false\" class=\"elementor-section elementor-top-section elementor-element elementor-element-3054cde elementor-section-content-middle elementor-section-boxed elementor-section-height-default elementor-section-height-default\" data-id=\"3054cde\" data-element_type=\"section\" data-e-type=\"section\">\n\t\t\t\t\t\t<div class=\"elementor-container elementor-column-gap-default\">\n\t\t\t\t\t<div class=\"elementor-column elementor-col-100 elementor-top-column elementor-element elementor-element-853695d\" data-id=\"853695d\" data-element_type=\"column\" data-e-type=\"column\">\n\t\t\t<div class=\"elementor-widget-wrap elementor-element-populated\">\n\t\t\t\t\t\t<div class=\"elementor-element elementor-element-499616a animated-fast elementor-invisible elementor-widget elementor-widget-heading\" data-id=\"499616a\" data-element_type=\"widget\" data-e-type=\"widget\" data-settings=\"{&quot;_animation&quot;:&quot;fadeInLeft&quot;}\" data-widget_type=\"heading.default\">\n\t\t\t\t<div class=\"elementor-widget-container\">\n\t\t\t\t\t<h1 class=\"elementor-heading-title elementor-size-large\">Website-Hosting<\/h1>\t\t\t\t<\/div>\n\t\t\t\t<\/div>\n\t\t\t\t<div class=\"elementor-element elementor-element-fe48b0b elementor-widget elementor-widget-text-editor\" data-id=\"fe48b0b\" data-element_type=\"widget\" data-e-type=\"widget\" data-widget_type=\"text-editor.default\">\n\t\t\t\t<div class=\"elementor-widget-container\">\n\t\t\t\t\t\t\t\t\t<p>Egal, ob Sie ein lokales Hosting ben\u00f6tigen oder f\u00fcr internationale Gesch\u00e4fte eingerichtet sind, wir k\u00f6nnen Ihnen die beste Hosting-L\u00f6sung f\u00fcr Ihre Bed\u00fcrfnisse bieten.<\/p>\t\t\t\t\t\t\t\t<\/div>\n\t\t\t\t<\/div>\n\t\t\t\t<div class=\"elementor-element elementor-element-f2ae458 elementor-widget elementor-widget-heading\" data-id=\"f2ae458\" data-element_type=\"widget\" data-e-type=\"widget\" data-widget_type=\"heading.default\">\n\t\t\t\t<div class=\"elementor-widget-container\">\n\t\t\t\t\t<h2 class=\"elementor-heading-title elementor-size-default\">Sicheres E-Mail-Hosting<\/h2>\t\t\t\t<\/div>\n\t\t\t\t<\/div>\n\t\t\t\t<div class=\"elementor-element elementor-element-abed5f1 elementor-widget elementor-widget-text-editor\" data-id=\"abed5f1\" data-element_type=\"widget\" data-e-type=\"widget\" data-widget_type=\"text-editor.default\">\n\t\t\t\t<div class=\"elementor-widget-container\">\n\t\t\t\t\t\t\t\t\t<p><strong>Ihre E-Mail ist Ihr Gesch\u00e4ft - belassen Sie es dabei.<\/strong><\/p><p>Viele beliebte E-Mail-Anbieter, darunter Gmail, Outlook und Yahoo, analysieren den Inhalt Ihrer E-Mails und verwenden Ihre E-Mail-Adresse, um detaillierte Profile zu erstellen und Ihre pers\u00f6nlichen Daten zu Geld zu machen.<\/p><p>Mit der weltweiten Nummer eins der sicheren Post, <strong>Ende-zu-Ende-Verschl\u00fcsselung und Zero-Access-Verschl\u00fcsselung<\/strong> sicherstellen, dass nur Sie auf Ihre E-Mails zugreifen k\u00f6nnen. Nicht einmal der Anbieter kann den Inhalt Ihrer Nachrichten oder Anh\u00e4nge einsehen.<\/p><p>Wir helfen Ihnen bei der Einrichtung unter Ihrem eigenen Domainnamen. Unser sicherer E-Mail-Partner ist in der Schweiz ans\u00e4ssig und stellt Ihre Daten unter den Schutz der Schweizer Datenschutzgesetze.<\/p>\t\t\t\t\t\t\t\t<\/div>\n\t\t\t\t<\/div>\n\t\t\t\t<div class=\"elementor-element elementor-element-cd6a4bc elementor-widget elementor-widget-image\" data-id=\"cd6a4bc\" data-element_type=\"widget\" data-e-type=\"widget\" data-widget_type=\"image.default\">\n\t\t\t\t<div class=\"elementor-widget-container\">\n\t\t\t\t\t\t\t\t\t\t\t\t\t\t\t<img fetchpriority=\"high\" decoding=\"async\" width=\"600\" height=\"238\" src=\"https:\/\/econcept.lu\/wp-content\/uploads\/2022\/02\/computers.jpg\" class=\"attachment-large size-large wp-image-1441\" alt=\"\" srcset=\"https:\/\/econcept.lu\/wp-content\/uploads\/2022\/02\/computers.jpg.webp 600w, https:\/\/econcept.lu\/wp-content\/uploads\/2022\/02\/computers-300x119.jpg.webp 300w\" sizes=\"(max-width: 600px) 100vw, 600px\" \/>\t\t\t\t\t\t\t\t\t\t\t\t\t\t\t<\/div>\n\t\t\t\t<\/div>\n\t\t\t\t\t<\/div>\n\t\t<\/div>\n\t\t\t\t\t<\/div>\n\t\t<\/section>\n\t\t\t\t<section data-particle_enable=\"false\" data-particle-mobile-disabled=\"false\" class=\"elementor-section elementor-top-section elementor-element elementor-element-4225ae6 elementor-section-full_width elementor-section-height-default elementor-section-height-default elementor-invisible\" data-id=\"4225ae6\" data-element_type=\"section\" data-e-type=\"section\" data-settings=\"{&quot;background_background&quot;:&quot;classic&quot;,&quot;animation&quot;:&quot;pulse&quot;}\">\n\t\t\t\t\t\t\t<div class=\"elementor-background-overlay\"><\/div>\n\t\t\t\t\t\t\t<div class=\"elementor-container elementor-column-gap-default\">\n\t\t\t\t\t<div class=\"elementor-column elementor-col-100 elementor-top-column elementor-element elementor-element-38f5b8f\" data-id=\"38f5b8f\" data-element_type=\"column\" data-e-type=\"column\">\n\t\t\t<div class=\"elementor-widget-wrap elementor-element-populated\">\n\t\t\t\t\t\t<div class=\"elementor-element elementor-element-4a8a01c elementor-invisible elementor-widget elementor-widget-heading\" data-id=\"4a8a01c\" data-element_type=\"widget\" data-e-type=\"widget\" data-settings=\"{&quot;_animation&quot;:&quot;fadeInLeft&quot;}\" data-widget_type=\"heading.default\">\n\t\t\t\t<div class=\"elementor-widget-container\">\n\t\t\t\t\t<h2 class=\"elementor-heading-title elementor-size-large\">\"Das schw\u00e4chste Glied in der Sicherheitskette ist der Mensch\". - Kevin Mitnick, bekannter Hacker und Berater f\u00fcr Cybersicherheit.\n<\/h2>\t\t\t\t<\/div>\n\t\t\t\t<\/div>\n\t\t\t\t\t<\/div>\n\t\t<\/div>\n\t\t\t\t\t<\/div>\n\t\t<\/section>\n\t\t\t\t<section data-particle_enable=\"false\" data-particle-mobile-disabled=\"false\" class=\"elementor-section elementor-top-section elementor-element elementor-element-24c0d7e elementor-section-boxed elementor-section-height-default elementor-section-height-default\" data-id=\"24c0d7e\" data-element_type=\"section\" data-e-type=\"section\">\n\t\t\t\t\t\t<div class=\"elementor-container elementor-column-gap-default\">\n\t\t\t\t\t<div class=\"elementor-column elementor-col-100 elementor-top-column elementor-element elementor-element-e1ca08c\" data-id=\"e1ca08c\" data-element_type=\"column\" data-e-type=\"column\">\n\t\t\t<div class=\"elementor-widget-wrap elementor-element-populated\">\n\t\t\t\t\t\t<div class=\"elementor-element elementor-element-deea252 elementor-widget elementor-widget-heading\" data-id=\"deea252\" data-element_type=\"widget\" data-e-type=\"widget\" data-widget_type=\"heading.default\">\n\t\t\t\t<div class=\"elementor-widget-container\">\n\t\t\t\t\t<h2 class=\"elementor-heading-title elementor-size-default\">pCloud - Europas sicherster Cloud-Speicher<\/h2>\t\t\t\t<\/div>\n\t\t\t\t<\/div>\n\t\t\t\t\t<\/div>\n\t\t<\/div>\n\t\t\t\t\t<\/div>\n\t\t<\/section>\n\t\t\t\t<section data-particle_enable=\"false\" data-particle-mobile-disabled=\"false\" class=\"elementor-section elementor-top-section elementor-element elementor-element-95bab98 elementor-section-boxed elementor-section-height-default elementor-section-height-default\" data-id=\"95bab98\" data-element_type=\"section\" data-e-type=\"section\">\n\t\t\t\t\t\t<div class=\"elementor-container elementor-column-gap-default\">\n\t\t\t\t\t<div class=\"elementor-column elementor-col-100 elementor-top-column elementor-element elementor-element-01058a3\" data-id=\"01058a3\" data-element_type=\"column\" data-e-type=\"column\">\n\t\t\t<div class=\"elementor-widget-wrap elementor-element-populated\">\n\t\t\t\t\t\t<div class=\"elementor-element elementor-element-a0bd4cd elementor-widget elementor-widget-text-editor\" data-id=\"a0bd4cd\" data-element_type=\"widget\" data-e-type=\"widget\" data-widget_type=\"text-editor.default\">\n\t\t\t\t<div class=\"elementor-widget-container\">\n\t\t\t\t\t\t\t\t\t<p>Brauchen Sie einen sicheren Speicherplatz f\u00fcr Ihre Dateien? Sie m\u00fcssen Speicherplatz auf Ihren Ger\u00e4ten freigeben?<br \/>Nutzen Sie die Cloud-L\u00f6sung unseres Partners, die auf Servern in Luxemburg gehostet wird und den Schweizer Datenschutzgesetzen unterliegt!<\/p><p><strong>Schweizer Datenschutz<\/strong><br \/>Ihre Dateien sind gesch\u00fctzt durch <strong>Die strengen Datenschutzgesetze der Schweiz<\/strong>-die zu den strengsten der Welt geh\u00f6ren. Mit unserem Hauptsitz in der Schweiz bleiben Ihre pers\u00f6nlichen Daten privat und sicher.<\/p><p><strong>Zugang auf jedem Ger\u00e4t<\/strong><br \/>Genie\u00dfen Sie den nahtlosen Zugriff auf Ihre Dateien von jedem Ger\u00e4t aus. Speichern, synchronisieren und verwalten Sie Ihre Daten m\u00fchelos auf einem sicheren Laufwerk. Erstellen Sie Wiedergabelisten mit Ihrer Lieblingsmusik und h\u00f6ren Sie sie jederzeit, auch offline. Ihre wertvollen Dateien sind immer in Reichweite.<\/p><p><a title=\"pCloud Premium\" href=\"https:\/\/partner.pcloud.com\/r\/132349\" target=\"_blank\" rel=\"noopener\"><img decoding=\"async\" class=\"aligncenter\" src=\"https:\/\/partner.pcloud.com\/media\/banners\/lifetime\/lifetime012320100.jpg\" alt=\"pCloud Premium\" \/><\/a><\/p><p><strong>Benutzerfreundlichkeit<\/strong><br \/>Mit pCloud ist die Verwaltung Ihres Speichers <strong>m\u00fchelos<\/strong>. Geben Sie mit einem einzigen Klick Speicherplatz auf dem Telefon frei, speichern Sie Dateien direkt aus dem Internet oder synchronisieren Sie Ihre Daten mit allen Ger\u00e4ten.<\/p><p><strong>Sicherer Serverstandort<\/strong><br \/>Ihre Daten werden in einem hochsicheren, zertifizierten Rechenzentrum in <strong>Luxemburg<\/strong> (Europ\u00e4ische Union), die einen optimalen Schutz und die Einhaltung strenger Normen gew\u00e4hrleisten.<\/p>\t\t\t\t\t\t\t\t<\/div>\n\t\t\t\t<\/div>\n\t\t\t\t\t<\/div>\n\t\t<\/div>\n\t\t\t\t\t<\/div>\n\t\t<\/section>\n\t\t\t\t<\/div>","protected":false},"excerpt":{"rendered":"<p>Secure Hosting Solutions Website hosting Whether you need a local hosting or are setup for international business we can provide you with the best hosting solution for your needs. Secure Email hosting Your email is your business\u2014keep it that way. Many popular email providers, including Gmail, Outlook, and Yahoo, analyze the content of your emails [&hellip;]<\/p>\n","protected":false},"author":1,"featured_media":0,"parent":0,"menu_order":0,"comment_status":"closed","ping_status":"closed","template":"elementor_header_footer","meta":{"_seopress_robots_primary_cat":"","_seopress_titles_title":"","_seopress_titles_desc":"","_seopress_robots_index":"","_monsterinsights_skip_tracking":false,"_monsterinsights_sitenote_active":false,"_monsterinsights_sitenote_note":"","_monsterinsights_sitenote_category":0,"footnotes":""},"class_list":["post-2171","page","type-page","status-publish","hentry"],"jetpack_sharing_enabled":true,"_links":{"self":[{"href":"https:\/\/econcept.lu\/de\/wp-json\/wp\/v2\/pages\/2171","targetHints":{"allow":["GET"]}}],"collection":[{"href":"https:\/\/econcept.lu\/de\/wp-json\/wp\/v2\/pages"}],"about":[{"href":"https:\/\/econcept.lu\/de\/wp-json\/wp\/v2\/types\/page"}],"author":[{"embeddable":true,"href":"https:\/\/econcept.lu\/de\/wp-json\/wp\/v2\/users\/1"}],"replies":[{"embeddable":true,"href":"https:\/\/econcept.lu\/de\/wp-json\/wp\/v2\/comments?post=2171"}],"version-history":[{"count":29,"href":"https:\/\/econcept.lu\/de\/wp-json\/wp\/v2\/pages\/2171\/revisions"}],"predecessor-version":[{"id":2206,"href":"https:\/\/econcept.lu\/de\/wp-json\/wp\/v2\/pages\/2171\/revisions\/2206"}],"wp:attachment":[{"href":"https:\/\/econcept.lu\/de\/wp-json\/wp\/v2\/media?parent=2171"}],"curies":[{"name":"wp","href":"https:\/\/api.w.org\/{rel}","templated":true}]}}