{"id":47,"date":"2021-11-04T00:01:00","date_gmt":"2021-11-04T00:01:00","guid":{"rendered":"https:\/\/simplar.ulmer-agentur.de\/?page_id=47"},"modified":"2022-04-24T19:08:08","modified_gmt":"2022-04-24T18:08:08","slug":"uber-uns","status":"publish","type":"page","link":"https:\/\/econcept.lu\/de\/about-us\/","title":{"rendered":"\u00dcber uns"},"content":{"rendered":"<div data-elementor-type=\"wp-page\" data-elementor-id=\"47\" class=\"elementor elementor-47\">\n\t\t\t\t\t\t<section data-particle_enable=\"false\" data-particle-mobile-disabled=\"false\" class=\"elementor-section elementor-top-section elementor-element elementor-element-1e4bb99 elementor-section-full_width elementor-section-content-middle elementor-section-height-default elementor-section-height-default\" data-id=\"1e4bb99\" data-element_type=\"section\" data-e-type=\"section\" data-settings=\"{&quot;background_background&quot;:&quot;classic&quot;}\">\n\t\t\t\t\t\t<div class=\"elementor-container elementor-column-gap-no\">\n\t\t\t\t\t<div class=\"elementor-column elementor-col-100 elementor-top-column elementor-element elementor-element-04017f1\" data-id=\"04017f1\" data-element_type=\"column\" data-e-type=\"column\">\n\t\t\t<div class=\"elementor-widget-wrap elementor-element-populated\">\n\t\t\t\t\t\t<div class=\"elementor-element elementor-element-96f89b1 elementor-widget elementor-widget-page-title\" data-id=\"96f89b1\" data-element_type=\"widget\" data-e-type=\"widget\" data-settings=\"{&quot;align&quot;:&quot;center&quot;}\" data-widget_type=\"page-title.default\">\n\t\t\t\t<div class=\"elementor-widget-container\">\n\t\t\t\t\t\t\t\n\t\t<div class=\"hfe-page-title hfe-page-title-wrapper elementor-widget-heading\">\n\n\t\t\t\t\t\t\t\t\t\t\t<a href=\"https:\/\/econcept.lu\/de\">\n\t\t\t\t\t\t<h1 class=\"elementor-heading-title elementor-size-default\">\n\t\t\t\t\t\t\t\t\n\t\t\t\t\u00dcber uns  \n\t\t\t<\/h1> \n\t\t\t\t\t\t\t\t\t<\/a>\n\t\t\t\t\t<\/div>\n\t\t\t\t\t\t<\/div>\n\t\t\t\t<\/div>\n\t\t\t\t\t<\/div>\n\t\t<\/div>\n\t\t\t\t\t<\/div>\n\t\t<\/section>\n\t\t\t\t<section data-particle_enable=\"false\" data-particle-mobile-disabled=\"false\" class=\"elementor-section elementor-top-section elementor-element elementor-element-19d84bc elementor-section-content-middle elementor-section-boxed elementor-section-height-default elementor-section-height-default\" data-id=\"19d84bc\" data-element_type=\"section\" data-e-type=\"section\">\n\t\t\t\t\t\t<div class=\"elementor-container elementor-column-gap-default\">\n\t\t\t\t\t<div class=\"elementor-column elementor-col-50 elementor-top-column elementor-element elementor-element-90a6493\" data-id=\"90a6493\" data-element_type=\"column\" data-e-type=\"column\">\n\t\t\t<div class=\"elementor-widget-wrap elementor-element-populated\">\n\t\t\t\t\t\t<div class=\"elementor-element elementor-element-d8aa2f7 elementor-invisible elementor-widget elementor-widget-heading\" data-id=\"d8aa2f7\" data-element_type=\"widget\" data-e-type=\"widget\" data-settings=\"{&quot;_animation&quot;:&quot;fadeInLeft&quot;}\" data-widget_type=\"heading.default\">\n\t\t\t\t<div class=\"elementor-widget-container\">\n\t\t\t\t\t<h2 class=\"elementor-heading-title elementor-size-default\">Willkommen bei eConcept S\u00e0rl-S<\/h2>\t\t\t\t<\/div>\n\t\t\t\t<\/div>\n\t\t\t\t<div class=\"elementor-element elementor-element-0d7f2c4 elementor-invisible elementor-widget elementor-widget-heading\" data-id=\"0d7f2c4\" data-element_type=\"widget\" data-e-type=\"widget\" data-settings=\"{&quot;_animation&quot;:&quot;fadeInLeft&quot;,&quot;_animation_delay&quot;:200}\" data-widget_type=\"heading.default\">\n\t\t\t\t<div class=\"elementor-widget-container\">\n\t\t\t\t\t<h1 class=\"elementor-heading-title elementor-size-medium\">Wir k\u00f6nnen Ihnen eine All-in-One-Marketingl\u00f6sung f\u00fcr Ihr Unternehmen anbieten.<\/h1>\t\t\t\t<\/div>\n\t\t\t\t<\/div>\n\t\t\t\t<div class=\"elementor-element elementor-element-f20ef71 elementor-widget elementor-widget-image\" data-id=\"f20ef71\" data-element_type=\"widget\" data-e-type=\"widget\" data-widget_type=\"image.default\">\n\t\t\t\t<div class=\"elementor-widget-container\">\n\t\t\t\t\t\t\t\t\t\t\t\t\t\t\t<img fetchpriority=\"high\" decoding=\"async\" width=\"300\" height=\"200\" src=\"https:\/\/econcept.lu\/wp-content\/uploads\/2021\/11\/jason-goodman-Oalh2MojUuk-unsplash-scaled-1-300x200.jpeg\" class=\"attachment-medium size-medium wp-image-618\" alt=\"\" srcset=\"https:\/\/econcept.lu\/wp-content\/uploads\/2021\/11\/jason-goodman-Oalh2MojUuk-unsplash-scaled-1-300x200.jpeg 300w, https:\/\/econcept.lu\/wp-content\/uploads\/2021\/11\/jason-goodman-Oalh2MojUuk-unsplash-scaled-1-600x400.jpeg 600w, https:\/\/econcept.lu\/wp-content\/uploads\/2021\/11\/jason-goodman-Oalh2MojUuk-unsplash-scaled-1-1024x683.jpeg 1024w, https:\/\/econcept.lu\/wp-content\/uploads\/2021\/11\/jason-goodman-Oalh2MojUuk-unsplash-scaled-1-768x512.jpeg 768w, https:\/\/econcept.lu\/wp-content\/uploads\/2021\/11\/jason-goodman-Oalh2MojUuk-unsplash-scaled-1-1536x1024.jpeg 1536w, https:\/\/econcept.lu\/wp-content\/uploads\/2021\/11\/jason-goodman-Oalh2MojUuk-unsplash-scaled-1-2048x1366.jpeg 2048w\" sizes=\"(max-width: 300px) 100vw, 300px\" \/>\t\t\t\t\t\t\t\t\t\t\t\t\t\t\t<\/div>\n\t\t\t\t<\/div>\n\t\t\t\t\t<\/div>\n\t\t<\/div>\n\t\t\t\t<div class=\"elementor-column elementor-col-50 elementor-top-column elementor-element elementor-element-f213f8f\" data-id=\"f213f8f\" data-element_type=\"column\" data-e-type=\"column\">\n\t\t\t<div class=\"elementor-widget-wrap elementor-element-populated\">\n\t\t\t\t\t\t<div class=\"elementor-element elementor-element-0ac379b elementor-drop-cap-yes elementor-drop-cap-view-default elementor-invisible elementor-widget elementor-widget-text-editor\" data-id=\"0ac379b\" data-element_type=\"widget\" data-e-type=\"widget\" data-settings=\"{&quot;_animation&quot;:&quot;fadeInRight&quot;,&quot;_animation_delay&quot;:300,&quot;drop_cap&quot;:&quot;yes&quot;}\" data-widget_type=\"text-editor.default\">\n\t\t\t\t<div class=\"elementor-widget-container\">\n\t\t\t\t\t\t\t\t\t<p>Wir haben im Jahr 2020 w\u00e4hrend der Pandemien damit begonnen.&nbsp;<span style=\"color: var( --e-global-color-text ); font-family: var( --e-global-typography-text-font-family ), Sans-serif; font-weight: var( --e-global-typography-text-font-weight );\">Wir haben uns zusammengesetzt, um einen neuen Weg des Online-Shoppings in Luxemburg zu finden.&nbsp;<\/span><\/p>\n<p>Das Ziel war einerseits, Online Business f\u00fcr alle zug\u00e4nglich und erschwinglich zu machen, insbesondere f\u00fcr kleine und mittlere Unternehmen. Andererseits sollte es f\u00fcr die Kunden so intuitiv und einfach wie m\u00f6glich sein.<\/p>\n<p>Wir drei hatten \u00fcber 20 Jahre Erfahrung in den Bereichen Software, Internet-Entwicklung, Hardware, Marketing und Coaching und arbeiteten f\u00fcr verschiedene Unternehmen.<\/p>\n<p>Wir b\u00fcndelten unsere Kr\u00e4fte und gr\u00fcndeten einige Monate sp\u00e4ter die Firma eConcept S\u00e0rl-S.<\/p>\n<p>Zusammen mit einem breiten Netzwerk von Fachleuten k\u00f6nnen wir Ihnen ein komplettes Dienstleistungspaket anbieten, das vom einfachen Logodesign bis hin zu einer komplexen E-Commerce-Website und dem Social Media Marketing und Coaching reicht.<\/p>\t\t\t\t\t\t\t\t<\/div>\n\t\t\t\t<\/div>\n\t\t\t\t\t<\/div>\n\t\t<\/div>\n\t\t\t\t\t<\/div>\n\t\t<\/section>\n\t\t\t\t<section data-particle_enable=\"false\" data-particle-mobile-disabled=\"false\" class=\"elementor-section elementor-top-section elementor-element elementor-element-674efbb elementor-section-full_width elementor-section-content-middle elementor-section-height-default elementor-section-height-default\" data-id=\"674efbb\" data-element_type=\"section\" data-e-type=\"section\" data-settings=\"{&quot;background_background&quot;:&quot;classic&quot;}\">\n\t\t\t\t\t\t<div class=\"elementor-container elementor-column-gap-default\">\n\t\t\t\t\t<div class=\"elementor-column elementor-col-33 elementor-top-column elementor-element elementor-element-00f2bbd\" data-id=\"00f2bbd\" data-element_type=\"column\" data-e-type=\"column\" data-settings=\"{&quot;background_background&quot;:&quot;classic&quot;}\">\n\t\t\t<div class=\"elementor-widget-wrap elementor-element-populated\">\n\t\t\t\t\t\t<div class=\"elementor-element elementor-element-7eab419 elementor-view-default elementor-position-block-start elementor-mobile-position-block-start elementor-widget elementor-widget-icon-box\" data-id=\"7eab419\" data-element_type=\"widget\" data-e-type=\"widget\" data-widget_type=\"icon-box.default\">\n\t\t\t\t<div class=\"elementor-widget-container\">\n\t\t\t\t\t\t\t<div class=\"elementor-icon-box-wrapper\">\n\n\t\t\t\t\t\t<div class=\"elementor-icon-box-icon\">\n\t\t\t\t<span  class=\"elementor-icon elementor-animation-grow\">\n\t\t\t\t<i aria-hidden=\"true\" class=\"fas fa-shipping-fast\"><\/i>\t\t\t\t<\/span>\n\t\t\t<\/div>\n\t\t\t\n\t\t\t\t\t\t<div class=\"elementor-icon-box-content\">\n\n\t\t\t\t\t\t\t\t\t<h3 class=\"elementor-icon-box-title\">\n\t\t\t\t\t\t<span  >\n\t\t\t\t\t\t\tFAST\t\t\t\t\t\t<\/span>\n\t\t\t\t\t<\/h3>\n\t\t\t\t\n\t\t\t\t\t\t\t\t\t<p class=\"elementor-icon-box-description\">\n\t\t\t\t\t\tWir liefern die Produkte innerhalb eines vorher festgelegten Zeitrahmens.\t\t\t\t\t<\/p>\n\t\t\t\t\n\t\t\t<\/div>\n\t\t\t\n\t\t<\/div>\n\t\t\t\t\t\t<\/div>\n\t\t\t\t<\/div>\n\t\t\t\t\t<\/div>\n\t\t<\/div>\n\t\t\t\t<div class=\"elementor-column elementor-col-33 elementor-top-column elementor-element elementor-element-7870dfb\" data-id=\"7870dfb\" data-element_type=\"column\" data-e-type=\"column\" data-settings=\"{&quot;background_background&quot;:&quot;classic&quot;}\">\n\t\t\t<div class=\"elementor-widget-wrap elementor-element-populated\">\n\t\t\t\t\t\t<div class=\"elementor-element elementor-element-7f0f6e9 elementor-view-default elementor-position-block-start elementor-mobile-position-block-start elementor-widget elementor-widget-icon-box\" data-id=\"7f0f6e9\" data-element_type=\"widget\" data-e-type=\"widget\" data-widget_type=\"icon-box.default\">\n\t\t\t\t<div class=\"elementor-widget-container\">\n\t\t\t\t\t\t\t<div class=\"elementor-icon-box-wrapper\">\n\n\t\t\t\t\t\t<div class=\"elementor-icon-box-icon\">\n\t\t\t\t<span  class=\"elementor-icon elementor-animation-grow\">\n\t\t\t\t<i aria-hidden=\"true\" class=\"fas fa-money-check\"><\/i>\t\t\t\t<\/span>\n\t\t\t<\/div>\n\t\t\t\n\t\t\t\t\t\t<div class=\"elementor-icon-box-content\">\n\n\t\t\t\t\t\t\t\t\t<h3 class=\"elementor-icon-box-title\">\n\t\t\t\t\t\t<span  >\n\t\t\t\t\t\t\tZUVERL\u00c4SSIG\t\t\t\t\t\t<\/span>\n\t\t\t\t\t<\/h3>\n\t\t\t\t\n\t\t\t\t\t\t\t\t\t<p class=\"elementor-icon-box-description\">\n\t\t\t\t\t\tDie Qualit\u00e4t unserer Dienstleistungen ist von gr\u00f6\u00dfter Bedeutung!\t\t\t\t\t<\/p>\n\t\t\t\t\n\t\t\t<\/div>\n\t\t\t\n\t\t<\/div>\n\t\t\t\t\t\t<\/div>\n\t\t\t\t<\/div>\n\t\t\t\t\t<\/div>\n\t\t<\/div>\n\t\t\t\t<div class=\"elementor-column elementor-col-33 elementor-top-column elementor-element elementor-element-0539107\" data-id=\"0539107\" data-element_type=\"column\" data-e-type=\"column\" data-settings=\"{&quot;background_background&quot;:&quot;classic&quot;}\">\n\t\t\t<div class=\"elementor-widget-wrap elementor-element-populated\">\n\t\t\t\t\t\t<div class=\"elementor-element elementor-element-05070e2 elementor-view-default elementor-position-block-start elementor-mobile-position-block-start elementor-widget elementor-widget-icon-box\" data-id=\"05070e2\" data-element_type=\"widget\" data-e-type=\"widget\" data-widget_type=\"icon-box.default\">\n\t\t\t\t<div class=\"elementor-widget-container\">\n\t\t\t\t\t\t\t<div class=\"elementor-icon-box-wrapper\">\n\n\t\t\t\t\t\t<div class=\"elementor-icon-box-icon\">\n\t\t\t\t<span  class=\"elementor-icon elementor-animation-grow\">\n\t\t\t\t<i aria-hidden=\"true\" class=\"fas fa-certificate\"><\/i>\t\t\t\t<\/span>\n\t\t\t<\/div>\n\t\t\t\n\t\t\t\t\t\t<div class=\"elementor-icon-box-content\">\n\n\t\t\t\t\t\t\t\t\t<h3 class=\"elementor-icon-box-title\">\n\t\t\t\t\t\t<span  >\n\t\t\t\t\t\t\tZERTIFIZIERT\t\t\t\t\t\t<\/span>\n\t\t\t\t\t<\/h3>\n\t\t\t\t\n\t\t\t\t\t\t\t\t\t<p class=\"elementor-icon-box-description\">\n\t\t\t\t\t\tWir sind ein zertifizierter Anbieter von Anwendungen und Hardware.\t\t\t\t\t<\/p>\n\t\t\t\t\n\t\t\t<\/div>\n\t\t\t\n\t\t<\/div>\n\t\t\t\t\t\t<\/div>\n\t\t\t\t<\/div>\n\t\t\t\t\t<\/div>\n\t\t<\/div>\n\t\t\t\t\t<\/div>\n\t\t<\/section>\n\t\t\t\t<section data-particle_enable=\"false\" data-particle-mobile-disabled=\"false\" class=\"elementor-section elementor-top-section elementor-element elementor-element-8a4c0fd elementor-section-boxed elementor-section-height-default elementor-section-height-default elementor-invisible\" data-id=\"8a4c0fd\" data-element_type=\"section\" data-e-type=\"section\" data-settings=\"{&quot;animation&quot;:&quot;pulse&quot;}\">\n\t\t\t\t\t\t<div class=\"elementor-container elementor-column-gap-default\">\n\t\t\t\t\t<div class=\"elementor-column elementor-col-100 elementor-top-column elementor-element elementor-element-aacf3e6\" data-id=\"aacf3e6\" data-element_type=\"column\" data-e-type=\"column\">\n\t\t\t<div class=\"elementor-widget-wrap\">\n\t\t\t\t\t\t\t<\/div>\n\t\t<\/div>\n\t\t\t\t\t<\/div>\n\t\t<\/section>\n\t\t\t\t<section data-particle_enable=\"false\" data-particle-mobile-disabled=\"false\" class=\"elementor-section elementor-top-section elementor-element elementor-element-fc11650 elementor-section-boxed elementor-section-height-default elementor-section-height-default\" data-id=\"fc11650\" data-element_type=\"section\" data-e-type=\"section\">\n\t\t\t\t\t\t<div class=\"elementor-container elementor-column-gap-default\">\n\t\t\t\t\t<div class=\"elementor-column elementor-col-100 elementor-top-column elementor-element elementor-element-0b6541f\" data-id=\"0b6541f\" data-element_type=\"column\" data-e-type=\"column\">\n\t\t\t<div class=\"elementor-widget-wrap elementor-element-populated\">\n\t\t\t\t\t\t<div class=\"elementor-element elementor-element-d1a003e elementor-widget elementor-widget-eael-adv-tabs\" data-id=\"d1a003e\" data-element_type=\"widget\" data-e-type=\"widget\" data-widget_type=\"eael-adv-tabs.default\">\n\t\t\t\t<div class=\"elementor-widget-container\">\n\t\t\t\t\t        <div data-scroll-on-click=\"no\" data-scroll-speed=\"300\" id=\"eael-advance-tabs-d1a003e\" class=\"eael-advance-tabs eael-tabs-horizontal eael-tab-auto-active\" data-tabid=\"d1a003e\">\n            <div class=\"eael-tabs-nav\">\n                <ul class=\"eael-tab-inline-icon\" role=\"tablist\">\n                                            <li id=\"marketing\" class=\"active-default eael-tab-item-trigger eael-tab-nav-item\" aria-selected=\"true\" data-tab=\"1\" role=\"tab\" tabindex=\"0\" aria-controls=\"marketing-tab\" aria-expanded=\"false\">\n                            \n                                                                <i class=\"fas fa-bullseye\"><\/i>                                                            \n                                                            <span class=\"eael-tab-title title-after-icon\" >Marketing<\/span>                            \n                                                    <\/li>\n                                            <li id=\"content\" class=\"eael-tab-item-trigger eael-tab-nav-item\" aria-selected=\"false\" data-tab=\"2\" role=\"tab\" tabindex=\"-1\" aria-controls=\"content-tab\" aria-expanded=\"false\">\n                            \n                                                                <i class=\"far fa-edit\"><\/i>                                                            \n                                                            <span class=\"eael-tab-title title-after-icon\" >Inhalt<\/span>                            \n                                                    <\/li>\n                                            <li id=\"wordpress\" class=\"eael-tab-item-trigger eael-tab-nav-item\" aria-selected=\"false\" data-tab=\"3\" role=\"tab\" tabindex=\"-1\" aria-controls=\"wordpress-tab\" aria-expanded=\"false\">\n                            \n                                                                <i class=\"fab fa-wordpress\"><\/i>                                                            \n                                                            <span class=\"eael-tab-title title-after-icon\" >WordPress<\/span>                            \n                                                    <\/li>\n                    \n                                  <\/ul>\n            <\/div>\n            \n            <div class=\"eael-tabs-content\">\n\t\t        \n                    <div id=\"marketing-tab\" class=\"clearfix eael-tab-content-item active-default\" data-title-link=\"marketing-tab\">\n\t\t\t\t        <p><img decoding=\"async\" class=\"wp-image-368 alignleft\" src=\"https:\/\/simplar.ulmer-agentur.de\/wp-content\/uploads\/2021\/11\/1-300x169.jpeg\" alt=\"\" width=\"482\" height=\"272\" srcset=\"https:\/\/econcept.lu\/wp-content\/uploads\/2021\/11\/1-300x169.jpeg 300w, https:\/\/econcept.lu\/wp-content\/uploads\/2021\/11\/1-600x338.jpeg 600w, https:\/\/econcept.lu\/wp-content\/uploads\/2021\/11\/1-1024x576.jpeg 1024w, https:\/\/econcept.lu\/wp-content\/uploads\/2021\/11\/1-768x432.jpeg 768w, https:\/\/econcept.lu\/wp-content\/uploads\/2021\/11\/1-1536x864.jpeg 1536w, https:\/\/econcept.lu\/wp-content\/uploads\/2021\/11\/1.jpeg 1920w\" sizes=\"(max-width: 482px) 100vw, 482px\" \/><\/p><p>Das modernste Design und die besten Inhalte sind nichts ohne Marketing. Damit jemand Ihr Produkt kauft, muss er oder sie wissen, dass es existiert.<\/p><p>\u00dcber unsere zahlreichen Kan\u00e4le in den sozialen Medien k\u00f6nnen wir Ihnen die richtigen Instrumente zur Verf\u00fcgung stellen, um die Botschaft zu verbreiten. Unsere Marketingtechniken haben sich bew\u00e4hrt und f\u00fchren innerhalb eines bestimmten Zeitraums zu guten Ergebnissen.<\/p><p>Wir k\u00f6nnen Ihr Projekt leiten oder ein auf Ihre Bed\u00fcrfnisse abgestimmtes Social Media Coaching anbieten.<\/p><p>Unsere sozialen Medienkan\u00e4le sind (aber nicht beschr\u00e4nkt auf): <a href=\"http:\/\/tv.shop24.lu\" target=\"_blank\" rel=\"noopener\">Youtube<\/a>, <a href=\"https:\/\/fb.com\/shop24.lu\" target=\"_blank\" rel=\"noopener\">Facebook<\/a>, <a href=\"https:\/\/instagram.com\/shop24lu\" target=\"_blank\" rel=\"noopener\">Instagram<\/a>, <a href=\"https:\/\/twitter.lu\/shop24lu\" target=\"_blank\" rel=\"noopener\">Twitter<\/a> usw.<\/p><p>Nehmen Sie Kontakt mit uns auf, um Ihr Gesch\u00e4ft anzukurbeln!<\/p>                    <\/div>\n\t\t        \n                    <div id=\"content-tab\" class=\"clearfix eael-tab-content-item\" data-title-link=\"content-tab\">\n\t\t\t\t        <p><img decoding=\"async\" class=\"wp-image-368 alignleft\" src=\"https:\/\/simplar.ulmer-agentur.de\/wp-content\/uploads\/2021\/11\/1-300x169.jpeg\" alt=\"\" width=\"482\" height=\"272\" srcset=\"https:\/\/econcept.lu\/wp-content\/uploads\/2021\/11\/1-300x169.jpeg 300w, https:\/\/econcept.lu\/wp-content\/uploads\/2021\/11\/1-600x338.jpeg 600w, https:\/\/econcept.lu\/wp-content\/uploads\/2021\/11\/1-1024x576.jpeg 1024w, https:\/\/econcept.lu\/wp-content\/uploads\/2021\/11\/1-768x432.jpeg 768w, https:\/\/econcept.lu\/wp-content\/uploads\/2021\/11\/1-1536x864.jpeg 1536w, https:\/\/econcept.lu\/wp-content\/uploads\/2021\/11\/1.jpeg 1920w\" sizes=\"(max-width: 482px) 100vw, 482px\" \/><\/p><p>Einer der wichtigsten Faktoren f\u00fcr den Erfolg einer Website ist der Inhalt.<\/p><p>Es ist nicht nur wichtig, interessante und gute Inhalte f\u00fcr die Suchmaschinenoptimierung (SEO) zu haben, sondern auch f\u00fcr die Kundenerfahrung.<\/p><p>Deshalb ist es eine unserer wichtigsten Priorit\u00e4ten, vor Beginn eines Projekts gr\u00fcndlich zu recherchieren und so viele Informationen wie m\u00f6glich zusammenzutragen.<\/p><p>Um die Bed\u00fcrfnisse der Kunden zu wecken, bedarf es einer soliden visuellen Anziehungskraft, die sich jedoch durch qualitativ hochwertige Inhalte beweisen muss.<\/p><p>Gemeinsam mit Ihnen stellen wir den richtigen Inhalt zusammen, sei es Text, Bilder oder Video.<\/p>                    <\/div>\n\t\t        \n                    <div id=\"wordpress-tab\" class=\"clearfix eael-tab-content-item\" data-title-link=\"wordpress-tab\">\n\t\t\t\t        <p><img decoding=\"async\" class=\"wp-image-368 alignleft\" src=\"https:\/\/simplar.ulmer-agentur.de\/wp-content\/uploads\/2021\/11\/1-300x169.jpeg\" alt=\"\" width=\"482\" height=\"272\" srcset=\"https:\/\/econcept.lu\/wp-content\/uploads\/2021\/11\/1-300x169.jpeg 300w, https:\/\/econcept.lu\/wp-content\/uploads\/2021\/11\/1-600x338.jpeg 600w, https:\/\/econcept.lu\/wp-content\/uploads\/2021\/11\/1-1024x576.jpeg 1024w, https:\/\/econcept.lu\/wp-content\/uploads\/2021\/11\/1-768x432.jpeg 768w, https:\/\/econcept.lu\/wp-content\/uploads\/2021\/11\/1-1536x864.jpeg 1536w, https:\/\/econcept.lu\/wp-content\/uploads\/2021\/11\/1.jpeg 1920w\" sizes=\"(max-width: 482px) 100vw, 482px\" \/><\/p><p>WordPress ist das beliebteste Content-Management-System (CMS), das heutzutage weltweit f\u00fcr Websites verwendet wird.<\/p><p>Nachdem man vor mehr als 20 Jahren mit reinem Html-Scripting begonnen hatte, wurde php zusammen mit MySQL schnell zur wichtigsten Sprache f\u00fcr die Programmierung von Websites. Heutzutage gibt es kundenfreundlichere M\u00f6glichkeiten, Websites zu erstellen, als Skripte von Grund auf zu schreiben.<\/p><p>Postnuke begann als Abspaltung von phpnuke, sp\u00e4ter wurden Drupal und Joomla! sehr beliebt und sind es immer noch. WordPress, das urspr\u00fcnglich f\u00fcr Blogger entwickelt wurde, hat sich zu einer kompletten Website-L\u00f6sung mit allen m\u00f6glichen Plugins entwickelt.<\/p><p>Heutzutage werden mehr als 30 Millionen Websites mit WordPress, 1,4 Millionen mit Joomla! und 600.000 mit Drupal betrieben.<\/p>                    <\/div>\n\t\t                    <\/div>\n        <\/div>\n\t\t\t\t<\/div>\n\t\t\t\t<\/div>\n\t\t\t\t\t<\/div>\n\t\t<\/div>\n\t\t\t\t\t<\/div>\n\t\t<\/section>\n\t\t\t\t<\/div>","protected":false},"excerpt":{"rendered":"<p>About us Welcome to eConcept S\u00e0rl-S We can provide you with an All-in-one marketing solution for your business. We started of in 2020 during the pandemics.&nbsp;Sitting together to find a new way of Online Shopping in Luxembourg.&nbsp; The bet was on one hand, to make Online Business accessible and affordable to everyone, especially small and [&hellip;]<\/p>\n","protected":false},"author":1,"featured_media":0,"parent":0,"menu_order":0,"comment_status":"closed","ping_status":"closed","template":"elementor_header_footer","meta":{"_seopress_robots_primary_cat":"","_seopress_titles_title":"","_seopress_titles_desc":"","_seopress_robots_index":"","_monsterinsights_skip_tracking":false,"_monsterinsights_sitenote_active":false,"_monsterinsights_sitenote_note":"","_monsterinsights_sitenote_category":0,"footnotes":""},"class_list":["post-47","page","type-page","status-publish","hentry"],"jetpack_sharing_enabled":true,"_links":{"self":[{"href":"https:\/\/econcept.lu\/de\/wp-json\/wp\/v2\/pages\/47","targetHints":{"allow":["GET"]}}],"collection":[{"href":"https:\/\/econcept.lu\/de\/wp-json\/wp\/v2\/pages"}],"about":[{"href":"https:\/\/econcept.lu\/de\/wp-json\/wp\/v2\/types\/page"}],"author":[{"embeddable":true,"href":"https:\/\/econcept.lu\/de\/wp-json\/wp\/v2\/users\/1"}],"replies":[{"embeddable":true,"href":"https:\/\/econcept.lu\/de\/wp-json\/wp\/v2\/comments?post=47"}],"version-history":[{"count":0,"href":"https:\/\/econcept.lu\/de\/wp-json\/wp\/v2\/pages\/47\/revisions"}],"wp:attachment":[{"href":"https:\/\/econcept.lu\/de\/wp-json\/wp\/v2\/media?parent=47"}],"curies":[{"name":"wp","href":"https:\/\/api.w.org\/{rel}","templated":true}]}}