{"id":1332,"date":"2022-02-09T21:51:45","date_gmt":"2022-02-09T20:51:45","guid":{"rendered":"https:\/\/econcept.lu\/?page_id=1332"},"modified":"2022-04-28T20:28:30","modified_gmt":"2022-04-28T19:28:30","slug":"conception-de-sites-web","status":"publish","type":"page","link":"https:\/\/econcept.lu\/fr\/webdesign\/","title":{"rendered":"Conception de sites web"},"content":{"rendered":"<div data-elementor-type=\"wp-page\" data-elementor-id=\"1332\" class=\"elementor elementor-1332\">\n\t\t\t\t\t\t<section data-particle_enable=\"false\" data-particle-mobile-disabled=\"false\" class=\"elementor-section elementor-top-section elementor-element elementor-element-36b2b48 elementor-section-boxed elementor-section-height-default elementor-section-height-default\" data-id=\"36b2b48\" data-element_type=\"section\" data-e-type=\"section\" data-settings=\"{&quot;background_background&quot;:&quot;classic&quot;}\">\n\t\t\t\t\t\t<div class=\"elementor-container elementor-column-gap-default\">\n\t\t\t\t\t<div class=\"elementor-column elementor-col-100 elementor-top-column elementor-element elementor-element-122799f\" data-id=\"122799f\" data-element_type=\"column\" data-e-type=\"column\">\n\t\t\t<div class=\"elementor-widget-wrap elementor-element-populated\">\n\t\t\t\t\t\t<div class=\"elementor-element elementor-element-7334d0a elementor-widget elementor-widget-page-title\" data-id=\"7334d0a\" data-element_type=\"widget\" data-e-type=\"widget\" data-settings=\"{&quot;align&quot;:&quot;center&quot;}\" data-widget_type=\"page-title.default\">\n\t\t\t\t<div class=\"elementor-widget-container\">\n\t\t\t\t\t\t\t\n\t\t<div class=\"hfe-page-title hfe-page-title-wrapper elementor-widget-heading\">\n\n\t\t\t\t\t\t\t\t\t\t\t<a href=\"https:\/\/econcept.lu\/fr\">\n\t\t\t\t\t\t<h1 class=\"elementor-heading-title elementor-size-default\">\n\t\t\t\t\t\t\t\t\n\t\t\t\tConception de sites web  \n\t\t\t<\/h1> \n\t\t\t\t\t\t\t\t\t<\/a>\n\t\t\t\t\t<\/div>\n\t\t\t\t\t\t<\/div>\n\t\t\t\t<\/div>\n\t\t\t\t\t<\/div>\n\t\t<\/div>\n\t\t\t\t\t<\/div>\n\t\t<\/section>\n\t\t\t\t<section data-particle_enable=\"false\" data-particle-mobile-disabled=\"false\" class=\"elementor-section elementor-top-section elementor-element elementor-element-3054cde elementor-section-content-middle elementor-section-boxed elementor-section-height-default elementor-section-height-default\" data-id=\"3054cde\" data-element_type=\"section\" data-e-type=\"section\">\n\t\t\t\t\t\t<div class=\"elementor-container elementor-column-gap-default\">\n\t\t\t\t\t<div class=\"elementor-column elementor-col-100 elementor-top-column elementor-element elementor-element-853695d\" data-id=\"853695d\" data-element_type=\"column\" data-e-type=\"column\">\n\t\t\t<div class=\"elementor-widget-wrap elementor-element-populated\">\n\t\t\t\t\t\t<div class=\"elementor-element elementor-element-499616a animated-fast elementor-invisible elementor-widget elementor-widget-heading\" data-id=\"499616a\" data-element_type=\"widget\" data-e-type=\"widget\" data-settings=\"{&quot;_animation&quot;:&quot;fadeInLeft&quot;}\" data-widget_type=\"heading.default\">\n\t\t\t\t<div class=\"elementor-widget-container\">\n\t\t\t\t\t<h1 class=\"elementor-heading-title elementor-size-large\">Quelle est l'importance r\u00e9elle du webdesign ?<\/h1>\t\t\t\t<\/div>\n\t\t\t\t<\/div>\n\t\t\t\t<div class=\"elementor-element elementor-element-fe48b0b elementor-widget elementor-widget-text-editor\" data-id=\"fe48b0b\" data-element_type=\"widget\" data-e-type=\"widget\" data-widget_type=\"text-editor.default\">\n\t\t\t\t<div class=\"elementor-widget-container\">\n\t\t\t\t\t\t\t\t\t<p>Lors de la premi\u00e8re impression de votre site web, 2\/3 des <strong>gens pr\u00e9f\u00e8rent<\/strong> voir quelque chose <strong>d'\u00e9l\u00e9gant <\/strong>par rapport \u00e0 quelque chose de simple !<\/p><p>N'ignorez pas l'importance de la conception de sites web dans votre pr\u00e9sence marketing en ligne. Elle peut avoir un impact majeur sur votre public et votre entreprise.<\/p>\t\t\t\t\t\t\t\t<\/div>\n\t\t\t\t<\/div>\n\t\t\t\t<div class=\"elementor-element elementor-element-f2ae458 elementor-widget elementor-widget-heading\" data-id=\"f2ae458\" data-element_type=\"widget\" data-e-type=\"widget\" data-widget_type=\"heading.default\">\n\t\t\t\t<div class=\"elementor-widget-container\">\n\t\t\t\t\t<h2 class=\"elementor-heading-title elementor-size-default\">Comment l'impact du design modifie-t-il votre activit\u00e9 ?<\/h2>\t\t\t\t<\/div>\n\t\t\t\t<\/div>\n\t\t\t\t<div class=\"elementor-element elementor-element-abed5f1 elementor-widget elementor-widget-text-editor\" data-id=\"abed5f1\" data-element_type=\"widget\" data-e-type=\"widget\" data-widget_type=\"text-editor.default\">\n\t\t\t\t<div class=\"elementor-widget-container\">\n\t\t\t\t\t\t\t\t\t<h4><strong>Tout d'abord, l'impression<\/strong><ins datetime=\"2021-08-30T08:40:31+00:00\"><br \/><\/ins><\/h4><p>Les premi\u00e8res secondes suffisent \u00e0 votre client pour <strong>jugez votre entreprise<\/strong>. Il est de la plus haute importance de faire une <strong>impact positif<\/strong> sur votre public. Un site web peu attrayant donne une mauvaise image de votre marque et vous risquez de perdre vos clients au profit de vos concurrents.<\/p><p>Ce ne sont pas uniquement vos produits et votre marque qui sont importants, mais aussi votre <strong>service client\u00e8le<\/strong>. Une conception d\u00e9pass\u00e9e est synonyme de mauvais service. Vous devez opter pour un site web moderne, \u00e9l\u00e9gant, lumineux et accueillant, o\u00f9 votre public se sentira <strong>\u00eatre le bienvenu<\/strong>.<\/p><p><strong>Une pr\u00e9sence professionnelle sur le web refl\u00e8te la qualit\u00e9 de votre marque<\/strong>. Il inspire <strong>confiance<\/strong> aupr\u00e8s de votre public et cr\u00e9era tr\u00e8s probablement plus de <strong>pistes<\/strong> (cr\u00e9er de nouveaux clients) qu'une mauvaise conception !<\/p><p>La conception du site web doit refl\u00e9ter l'ensemble de votre entreprise <strong>design d'entreprise<\/strong>. Vos cartes de visite, vos d\u00e9pliants, vos en-t\u00eates de lettres ou votre mat\u00e9riel promotionnel doivent \u00eatre en phase avec votre site web. Vos clients associeront \u00e9galement votre logo \u00e0 votre marque en pleine expansion.<\/p><h4><strong>L'\u00e9pine dorsale<\/strong><\/h4><p>Votre site web peut \u00eatre beau, mais il doit aussi \u00eatre <strong>rapide <\/strong>et <strong>stable<\/strong>. L'utilisateur n'accorde que quelques secondes au chargement d'une page.<\/p><p>La navigation doit \u00eatre <strong>intuitif<\/strong> (facilit\u00e9 de navigation ou de recherche de produits) et la conception <strong>r\u00e9actif<\/strong> (r\u00e9solutions desktop ou mobile). Un bon \u00e9quilibre entre le texte et les <strong>\u00e9l\u00e9ments visuels<\/strong> est important. Le taux d'attraction des images et des vid\u00e9os est environ 10 fois sup\u00e9rieur \u00e0 celui d'un simple texte.<\/p><p class=\"translation-block\">Le logiciel utilis\u00e9 fonctionnant sur des serveurs rapides, attirera non seulement <b>plus utilisateurs<\/b>, mais aussi \u00e0 aidera aussi a am\u00e9liorer le <b>rang<\/b> de votre site dans les r\u00e9sultats des moteurs de recherche (meilleure optimisation pour les moteurs de recherche - SEO).<\/p>\t\t\t\t\t\t\t\t<\/div>\n\t\t\t\t<\/div>\n\t\t\t\t<div class=\"elementor-element elementor-element-cd6a4bc elementor-widget elementor-widget-image\" data-id=\"cd6a4bc\" data-element_type=\"widget\" data-e-type=\"widget\" data-widget_type=\"image.default\">\n\t\t\t\t<div class=\"elementor-widget-container\">\n\t\t\t\t\t\t\t\t\t\t\t\t\t\t\t<img fetchpriority=\"high\" decoding=\"async\" width=\"640\" height=\"427\" src=\"https:\/\/econcept.lu\/wp-content\/uploads\/2022\/03\/binary-g2d656750c_1920-1024x683.jpg\" class=\"attachment-large size-large wp-image-1703\" alt=\"\" srcset=\"https:\/\/econcept.lu\/wp-content\/uploads\/2022\/03\/binary-g2d656750c_1920-1024x683.jpg 1024w, https:\/\/econcept.lu\/wp-content\/uploads\/2022\/03\/binary-g2d656750c_1920-300x200.jpg 300w, https:\/\/econcept.lu\/wp-content\/uploads\/2022\/03\/binary-g2d656750c_1920-768x512.jpg 768w, https:\/\/econcept.lu\/wp-content\/uploads\/2022\/03\/binary-g2d656750c_1920-1536x1024.jpg 1536w, https:\/\/econcept.lu\/wp-content\/uploads\/2022\/03\/binary-g2d656750c_1920-1320x880.jpg 1320w, https:\/\/econcept.lu\/wp-content\/uploads\/2022\/03\/binary-g2d656750c_1920-600x400.jpg 600w, https:\/\/econcept.lu\/wp-content\/uploads\/2022\/03\/binary-g2d656750c_1920.jpg 1920w\" sizes=\"(max-width: 640px) 100vw, 640px\" \/>\t\t\t\t\t\t\t\t\t\t\t\t\t\t\t<\/div>\n\t\t\t\t<\/div>\n\t\t\t\t\t<\/div>\n\t\t<\/div>\n\t\t\t\t\t<\/div>\n\t\t<\/section>\n\t\t\t\t<section data-particle_enable=\"false\" data-particle-mobile-disabled=\"false\" class=\"elementor-section elementor-top-section elementor-element elementor-element-4225ae6 elementor-section-full_width elementor-section-height-default elementor-section-height-default elementor-invisible\" data-id=\"4225ae6\" data-element_type=\"section\" data-e-type=\"section\" data-settings=\"{&quot;background_background&quot;:&quot;classic&quot;,&quot;animation&quot;:&quot;pulse&quot;}\">\n\t\t\t\t\t\t\t<div class=\"elementor-background-overlay\"><\/div>\n\t\t\t\t\t\t\t<div class=\"elementor-container elementor-column-gap-default\">\n\t\t\t\t\t<div class=\"elementor-column elementor-col-100 elementor-top-column elementor-element elementor-element-38f5b8f\" data-id=\"38f5b8f\" data-element_type=\"column\" data-e-type=\"column\">\n\t\t\t<div class=\"elementor-widget-wrap elementor-element-populated\">\n\t\t\t\t\t\t<div class=\"elementor-element elementor-element-4a8a01c elementor-invisible elementor-widget elementor-widget-heading\" data-id=\"4a8a01c\" data-element_type=\"widget\" data-e-type=\"widget\" data-settings=\"{&quot;_animation&quot;:&quot;fadeInLeft&quot;}\" data-widget_type=\"heading.default\">\n\t\t\t\t<div class=\"elementor-widget-container\">\n\t\t\t\t\t<h2 class=\"elementor-heading-title elementor-size-large\">\"Le design n'est pas seulement une question d'apparence et de sensation. Le design, c'est la fa\u00e7on dont cela fonctionne. -\nSteve Jobs\n<\/h2>\t\t\t\t<\/div>\n\t\t\t\t<\/div>\n\t\t\t\t\t<\/div>\n\t\t<\/div>\n\t\t\t\t\t<\/div>\n\t\t<\/section>\n\t\t\t\t<section data-particle_enable=\"false\" data-particle-mobile-disabled=\"false\" class=\"elementor-section elementor-top-section elementor-element elementor-element-bb4e9c1 elementor-section-boxed elementor-section-height-default elementor-section-height-default\" data-id=\"bb4e9c1\" data-element_type=\"section\" data-e-type=\"section\">\n\t\t\t\t\t\t<div class=\"elementor-container elementor-column-gap-default\">\n\t\t\t\t\t<div class=\"elementor-column elementor-col-100 elementor-top-column elementor-element elementor-element-6d6b6c9\" data-id=\"6d6b6c9\" data-element_type=\"column\" data-e-type=\"column\">\n\t\t\t<div class=\"elementor-widget-wrap elementor-element-populated\">\n\t\t\t\t\t\t<div class=\"elementor-element elementor-element-41042ab elementor-widget elementor-widget-text-editor\" data-id=\"41042ab\" data-element_type=\"widget\" data-e-type=\"widget\" data-widget_type=\"text-editor.default\">\n\t\t\t\t<div class=\"elementor-widget-container\">\n\t\t\t\t\t\t\t\t\t<h3>Nous pouvons vous aider \u00e0 trouver le design qui correspond \u00e0 votre marque et<br>construire un site web rapide et solide pour vous!<\/h3>\t\t\t\t\t\t\t\t<\/div>\n\t\t\t\t<\/div>\n\t\t\t\t<div class=\"elementor-element elementor-element-3784970 elementor-align-center elementor-widget elementor-widget-button\" data-id=\"3784970\" data-element_type=\"widget\" data-e-type=\"widget\" data-widget_type=\"button.default\">\n\t\t\t\t<div class=\"elementor-widget-container\">\n\t\t\t\t\t\t\t\t\t<div class=\"elementor-button-wrapper\">\n\t\t\t\t\t<a class=\"elementor-button elementor-button-link elementor-size-md\" href=\"\/fr\/contact\/\">\n\t\t\t\t\t\t<span class=\"elementor-button-content-wrapper\">\n\t\t\t\t\t\t\t\t\t<span class=\"elementor-button-text\">Obtenir un devis GRATUIT<\/span>\n\t\t\t\t\t<\/span>\n\t\t\t\t\t<\/a>\n\t\t\t\t<\/div>\n\t\t\t\t\t\t\t\t<\/div>\n\t\t\t\t<\/div>\n\t\t\t\t\t<\/div>\n\t\t<\/div>\n\t\t\t\t\t<\/div>\n\t\t<\/section>\n\t\t\t\t<\/div>","protected":false},"excerpt":{"rendered":"<p>Webdesign What is the real importance of webdesign? At a first impression of your website, 2\/3 of people prefer to see something stylish compared to something plain! Do not ignore the importance of web design in your online marketing presence. It can have a major impact on your audience and business. How does the impact [&hellip;]<\/p>\n","protected":false},"author":1,"featured_media":0,"parent":0,"menu_order":0,"comment_status":"closed","ping_status":"closed","template":"elementor_header_footer","meta":{"_seopress_robots_primary_cat":"","_seopress_titles_title":"","_seopress_titles_desc":"","_seopress_robots_index":"","_monsterinsights_skip_tracking":false,"_monsterinsights_sitenote_active":false,"_monsterinsights_sitenote_note":"","_monsterinsights_sitenote_category":0,"footnotes":""},"class_list":["post-1332","page","type-page","status-publish","hentry"],"jetpack_sharing_enabled":true,"_links":{"self":[{"href":"https:\/\/econcept.lu\/fr\/wp-json\/wp\/v2\/pages\/1332","targetHints":{"allow":["GET"]}}],"collection":[{"href":"https:\/\/econcept.lu\/fr\/wp-json\/wp\/v2\/pages"}],"about":[{"href":"https:\/\/econcept.lu\/fr\/wp-json\/wp\/v2\/types\/page"}],"author":[{"embeddable":true,"href":"https:\/\/econcept.lu\/fr\/wp-json\/wp\/v2\/users\/1"}],"replies":[{"embeddable":true,"href":"https:\/\/econcept.lu\/fr\/wp-json\/wp\/v2\/comments?post=1332"}],"version-history":[{"count":0,"href":"https:\/\/econcept.lu\/fr\/wp-json\/wp\/v2\/pages\/1332\/revisions"}],"wp:attachment":[{"href":"https:\/\/econcept.lu\/fr\/wp-json\/wp\/v2\/media?parent=1332"}],"curies":[{"name":"wp","href":"https:\/\/api.w.org\/{rel}","templated":true}]}}