{"id":1339,"date":"2022-02-09T21:54:06","date_gmt":"2022-02-09T20:54:06","guid":{"rendered":"https:\/\/econcept.lu\/?page_id=1339"},"modified":"2022-04-04T19:49:46","modified_gmt":"2022-04-04T18:49:46","slug":"solutions-informatiques","status":"publish","type":"page","link":"https:\/\/econcept.lu\/fr\/it-solutions\/","title":{"rendered":"Solutions informatiques"},"content":{"rendered":"<div data-elementor-type=\"wp-page\" data-elementor-id=\"1339\" class=\"elementor elementor-1339\">\n\t\t\t\t\t\t<section data-particle_enable=\"false\" data-particle-mobile-disabled=\"false\" class=\"elementor-section elementor-top-section elementor-element elementor-element-36b2b48 elementor-section-boxed elementor-section-height-default elementor-section-height-default\" data-id=\"36b2b48\" data-element_type=\"section\" data-e-type=\"section\" data-settings=\"{&quot;background_background&quot;:&quot;classic&quot;}\">\n\t\t\t\t\t\t<div class=\"elementor-container elementor-column-gap-default\">\n\t\t\t\t\t<div class=\"elementor-column elementor-col-100 elementor-top-column elementor-element elementor-element-122799f\" data-id=\"122799f\" data-element_type=\"column\" data-e-type=\"column\">\n\t\t\t<div class=\"elementor-widget-wrap elementor-element-populated\">\n\t\t\t\t\t\t<div class=\"elementor-element elementor-element-7334d0a elementor-widget elementor-widget-page-title\" data-id=\"7334d0a\" data-element_type=\"widget\" data-e-type=\"widget\" data-settings=\"{&quot;align&quot;:&quot;center&quot;}\" data-widget_type=\"page-title.default\">\n\t\t\t\t<div class=\"elementor-widget-container\">\n\t\t\t\t\t\t\t\n\t\t<div class=\"hfe-page-title hfe-page-title-wrapper elementor-widget-heading\">\n\n\t\t\t\t\t\t\t\t\t\t\t<a href=\"https:\/\/econcept.lu\/fr\">\n\t\t\t\t\t\t<h1 class=\"elementor-heading-title elementor-size-default\">\n\t\t\t\t\t\t\t\t\n\t\t\t\tSolutions informatiques  \n\t\t\t<\/h1> \n\t\t\t\t\t\t\t\t\t<\/a>\n\t\t\t\t\t<\/div>\n\t\t\t\t\t\t<\/div>\n\t\t\t\t<\/div>\n\t\t\t\t\t<\/div>\n\t\t<\/div>\n\t\t\t\t\t<\/div>\n\t\t<\/section>\n\t\t\t\t<section data-particle_enable=\"false\" data-particle-mobile-disabled=\"false\" class=\"elementor-section elementor-top-section elementor-element elementor-element-3054cde elementor-section-content-middle elementor-section-boxed elementor-section-height-default elementor-section-height-default\" data-id=\"3054cde\" data-element_type=\"section\" data-e-type=\"section\">\n\t\t\t\t\t\t<div class=\"elementor-container elementor-column-gap-default\">\n\t\t\t\t\t<div class=\"elementor-column elementor-col-100 elementor-top-column elementor-element elementor-element-853695d\" data-id=\"853695d\" data-element_type=\"column\" data-e-type=\"column\">\n\t\t\t<div class=\"elementor-widget-wrap elementor-element-populated\">\n\t\t\t\t\t\t<div class=\"elementor-element elementor-element-499616a animated-fast elementor-invisible elementor-widget elementor-widget-heading\" data-id=\"499616a\" data-element_type=\"widget\" data-e-type=\"widget\" data-settings=\"{&quot;_animation&quot;:&quot;fadeInLeft&quot;}\" data-widget_type=\"heading.default\">\n\t\t\t\t<div class=\"elementor-widget-container\">\n\t\t\t\t\t<h1 class=\"elementor-heading-title elementor-size-large\">Pourquoi une webagency se lance-t-elle dans les solutions de mat\u00e9riel informatique ?<\/h1>\t\t\t\t<\/div>\n\t\t\t\t<\/div>\n\t\t\t\t<div class=\"elementor-element elementor-element-fe48b0b elementor-widget elementor-widget-text-editor\" data-id=\"fe48b0b\" data-element_type=\"widget\" data-e-type=\"widget\" data-widget_type=\"text-editor.default\">\n\t\t\t\t<div class=\"elementor-widget-container\">\n\t\t\t\t\t\t\t\t\t<p>En fait, il semble assez inhabituel qu'une agence de cr\u00e9ation ax\u00e9e sur les solutions logicielles et la conception soit \u00e9galement active dans le domaine des solutions mat\u00e9rielles.<\/p><p>Nous avons remarqu\u00e9 que lors de nos \u00e9changes avec les vendeurs de notre plateforme de march\u00e9 <a href=\"http:\/\/https\/\/shop24.lu\" data-wplink-url-error=\"true\">Shop24.lu<\/a> Les questions portaient souvent sur le mat\u00e9riel existant et nouveau: mon PC est-il assez puissant, puis-je utiliser ma tablette, quel type de stockage local ou cloud dois-je utiliser ?<\/p>\t\t\t\t\t\t\t\t<\/div>\n\t\t\t\t<\/div>\n\t\t\t\t<div class=\"elementor-element elementor-element-f2ae458 elementor-widget elementor-widget-heading\" data-id=\"f2ae458\" data-element_type=\"widget\" data-e-type=\"widget\" data-widget_type=\"heading.default\">\n\t\t\t\t<div class=\"elementor-widget-container\">\n\t\t\t\t\t<h2 class=\"elementor-heading-title elementor-size-default\">Disposons-nous de l'expertise n\u00e9cessaire en mati\u00e8re de mat\u00e9riel informatique ?<\/h2>\t\t\t\t<\/div>\n\t\t\t\t<\/div>\n\t\t\t\t<div class=\"elementor-element elementor-element-abed5f1 elementor-widget elementor-widget-text-editor\" data-id=\"abed5f1\" data-element_type=\"widget\" data-e-type=\"widget\" data-widget_type=\"text-editor.default\">\n\t\t\t\t<div class=\"elementor-widget-container\">\n\t\t\t\t\t\t\t\t\t<p>Mais bien s\u00fbr que oui! Il serait tout \u00e0 fait contre-productif de vendre des produits dont nous n'avons aucune id\u00e9e.<ins datetime=\"2021-08-30T08:40:31+00:00\"><\/ins><\/p><p>En fait, nous travaillons avec des PC construits par nous-m\u00eames, depuis plus de 20 ans. Notre sp\u00e9cialiste hardware, qui travaillait lui-m\u00eame pour une soci\u00e9t\u00e9 bien connue au Luxembourg, a construit l'un des premiers PC avec graveur de CD int\u00e9gr\u00e9 \u00e0 la fin des ann\u00e9es 90.<\/p><p>La technologie informatique a \u00e9volu\u00e9 \u00e0 grande vitesse depuis lors. Aujourd'hui, il est toujours possible d'assembler soi-m\u00eame son ordinateur, mais il existe des solutions pr\u00eates \u00e0 l'emploi qui r\u00e9pondent \u00e0 la plupart des besoins.<\/p>\t\t\t\t\t\t\t\t<\/div>\n\t\t\t\t<\/div>\n\t\t\t\t<div class=\"elementor-element elementor-element-cd6a4bc elementor-widget elementor-widget-image\" data-id=\"cd6a4bc\" data-element_type=\"widget\" data-e-type=\"widget\" data-widget_type=\"image.default\">\n\t\t\t\t<div class=\"elementor-widget-container\">\n\t\t\t\t\t\t\t\t\t\t\t\t\t\t\t<img fetchpriority=\"high\" decoding=\"async\" width=\"600\" height=\"238\" src=\"https:\/\/econcept.lu\/wp-content\/uploads\/2022\/02\/computers.jpg\" class=\"attachment-large size-large wp-image-1441\" alt=\"\" srcset=\"https:\/\/econcept.lu\/wp-content\/uploads\/2022\/02\/computers.jpg 600w, https:\/\/econcept.lu\/wp-content\/uploads\/2022\/02\/computers-300x119.jpg 300w\" sizes=\"(max-width: 600px) 100vw, 600px\" \/>\t\t\t\t\t\t\t\t\t\t\t\t\t\t\t<\/div>\n\t\t\t\t<\/div>\n\t\t\t\t\t<\/div>\n\t\t<\/div>\n\t\t\t\t\t<\/div>\n\t\t<\/section>\n\t\t\t\t<section data-particle_enable=\"false\" data-particle-mobile-disabled=\"false\" class=\"elementor-section elementor-top-section elementor-element elementor-element-4225ae6 elementor-section-full_width elementor-section-height-default elementor-section-height-default elementor-invisible\" data-id=\"4225ae6\" data-element_type=\"section\" data-e-type=\"section\" data-settings=\"{&quot;background_background&quot;:&quot;classic&quot;,&quot;animation&quot;:&quot;pulse&quot;}\">\n\t\t\t\t\t\t\t<div class=\"elementor-background-overlay\"><\/div>\n\t\t\t\t\t\t\t<div class=\"elementor-container elementor-column-gap-default\">\n\t\t\t\t\t<div class=\"elementor-column elementor-col-100 elementor-top-column elementor-element elementor-element-38f5b8f\" data-id=\"38f5b8f\" data-element_type=\"column\" data-e-type=\"column\">\n\t\t\t<div class=\"elementor-widget-wrap elementor-element-populated\">\n\t\t\t\t\t\t<div class=\"elementor-element elementor-element-4a8a01c elementor-invisible elementor-widget elementor-widget-heading\" data-id=\"4a8a01c\" data-element_type=\"widget\" data-e-type=\"widget\" data-settings=\"{&quot;_animation&quot;:&quot;fadeInLeft&quot;}\" data-widget_type=\"heading.default\">\n\t\t\t\t<div class=\"elementor-widget-container\">\n\t\t\t\t\t<h2 class=\"elementor-heading-title elementor-size-large\">\"Les ordinateurs sont incroyablement rapides, pr\u00e9cis et stupides. Les \u00eatres humains sont incroyablement lents, impr\u00e9cis et brillants. Ensemble, ils sont d'une puissance qui d\u00e9passe l'imagination.\" - Albert Einstein.\n<\/h2>\t\t\t\t<\/div>\n\t\t\t\t<\/div>\n\t\t\t\t\t<\/div>\n\t\t<\/div>\n\t\t\t\t\t<\/div>\n\t\t<\/section>\n\t\t\t\t<section data-particle_enable=\"false\" data-particle-mobile-disabled=\"false\" class=\"elementor-section elementor-top-section elementor-element elementor-element-24c0d7e elementor-section-boxed elementor-section-height-default elementor-section-height-default\" data-id=\"24c0d7e\" data-element_type=\"section\" data-e-type=\"section\">\n\t\t\t\t\t\t<div class=\"elementor-container elementor-column-gap-default\">\n\t\t\t\t\t<div class=\"elementor-column elementor-col-100 elementor-top-column elementor-element elementor-element-e1ca08c\" data-id=\"e1ca08c\" data-element_type=\"column\" data-e-type=\"column\">\n\t\t\t<div class=\"elementor-widget-wrap elementor-element-populated\">\n\t\t\t\t\t\t<div class=\"elementor-element elementor-element-deea252 elementor-widget elementor-widget-heading\" data-id=\"deea252\" data-element_type=\"widget\" data-e-type=\"widget\" data-widget_type=\"heading.default\">\n\t\t\t\t<div class=\"elementor-widget-container\">\n\t\t\t\t\t<h2 class=\"elementor-heading-title elementor-size-default\">Pourquoi un partenariat avec Wortmann AG - Terra Computers ?<\/h2>\t\t\t\t<\/div>\n\t\t\t\t<\/div>\n\t\t\t\t\t<\/div>\n\t\t<\/div>\n\t\t\t\t\t<\/div>\n\t\t<\/section>\n\t\t\t\t<section data-particle_enable=\"false\" data-particle-mobile-disabled=\"false\" class=\"elementor-section elementor-top-section elementor-element elementor-element-95bab98 elementor-section-boxed elementor-section-height-default elementor-section-height-default\" data-id=\"95bab98\" data-element_type=\"section\" data-e-type=\"section\">\n\t\t\t\t\t\t<div class=\"elementor-container elementor-column-gap-default\">\n\t\t\t\t\t<div class=\"elementor-column elementor-col-100 elementor-top-column elementor-element elementor-element-01058a3\" data-id=\"01058a3\" data-element_type=\"column\" data-e-type=\"column\">\n\t\t\t<div class=\"elementor-widget-wrap elementor-element-populated\">\n\t\t\t\t\t\t<div class=\"elementor-element elementor-element-a0bd4cd elementor-widget elementor-widget-text-editor\" data-id=\"a0bd4cd\" data-element_type=\"widget\" data-e-type=\"widget\" data-widget_type=\"text-editor.default\">\n\t\t\t\t<div class=\"elementor-widget-container\">\n\t\t\t\t\t\t\t\t\t<p>Il \u00e9tait important pour nous d'avoir le bon partenaire. Avec la soci\u00e9t\u00e9 allemande Wortmann AG, nous avons trouv\u00e9 \u00e0 la fois la qualit\u00e9 du produit et la qualit\u00e9 du service.<\/p><p>Depuis plus de 35 ans, le nom Wortmann est synonyme de produits et de services dans le domaine des technologies de l'information, en tant qu'entreprise familiale de taille moyenne active \u00e0 l'\u00e9chelle internationale.<\/p><p>Avec un chiffre d'affaires de plus d'un milliard d'euros en 2021, l'entreprise <a href=\"https:\/\/www.wortmann.de\/\" rel=\"noopener\"><strong>Wortmann AG<\/strong><\/a> est l'une des entreprises informatiques allemandes ind\u00e9pendantes les plus prosp\u00e8res. En tant que fabricant, distributeur et fournisseur de services cloud, elle emploie environ 700 personnes et sert plus de 15 000 revendeurs et int\u00e9grateurs \u00e0 travers l'Europe.<\/p><p>La marque propre <a href=\"https:\/\/shop24.lu\/en\/vendors\/econcept-tech\/\"><strong>TERRA<\/strong><\/a>, les tablettes, les ordinateurs portables, les PC, les stations de travail, les serveurs, les baies de stockage, les clients l\u00e9gers et les \u00e9crans LCD sont assembl\u00e9s en Allemagne et disposent de leur propre r\u00e9seau de partenaires et d'un centre de service central sur le site de production.<\/p>\t\t\t\t\t\t\t\t<\/div>\n\t\t\t\t<\/div>\n\t\t\t\t<div class=\"elementor-element elementor-element-97cc0ed elementor-widget elementor-widget-heading\" data-id=\"97cc0ed\" data-element_type=\"widget\" data-e-type=\"widget\" data-widget_type=\"heading.default\">\n\t\t\t\t<div class=\"elementor-widget-container\">\n\t\t\t\t\t<h3 class=\"elementor-heading-title elementor-size-default\">TERRA - la marque de mat\u00e9riel informatique la plus prosp\u00e8re d'Allemagne<\/h3>\t\t\t\t<\/div>\n\t\t\t\t<\/div>\n\t\t\t\t<div class=\"elementor-element elementor-element-aee8f6f elementor-widget elementor-widget-text-editor\" data-id=\"aee8f6f\" data-element_type=\"widget\" data-e-type=\"widget\" data-widget_type=\"text-editor.default\">\n\t\t\t\t<div class=\"elementor-widget-container\">\n\t\t\t\t\t\t\t\t\t<p>Depuis plus de <strong>30 ans<\/strong>, les produits TERRA sont synonymes de produits de haute qualit\u00e9, fiables et abordables, fabriqu\u00e9s en Allemagne. La gamme comprend tous les appareils dont vous avez besoin pour l'informatique moderne.<\/p><p>Tous les produits TERRA se caract\u00e9risent par une longue <strong>dur\u00e9e de vie<\/strong> et <strong>services<\/strong> complet. Pour cela, le centre de service TERRA et le r\u00e9seau de plus de 1.000 entreprises partenaires de service TERRA sont \u00e0 votre disposition depuis <strong>1995<\/strong>.<\/p>\t\t\t\t\t\t\t\t<\/div>\n\t\t\t\t<\/div>\n\t\t\t\t<div class=\"elementor-element elementor-element-460f8c6 elementor-widget elementor-widget-image\" data-id=\"460f8c6\" data-element_type=\"widget\" data-e-type=\"widget\" data-widget_type=\"image.default\">\n\t\t\t\t<div class=\"elementor-widget-container\">\n\t\t\t\t\t\t\t\t\t\t\t\t\t\t\t<img decoding=\"async\" width=\"600\" height=\"238\" src=\"https:\/\/econcept.lu\/wp-content\/uploads\/2022\/02\/terra_computers.jpg\" class=\"attachment-medium_large size-medium_large wp-image-1446\" alt=\"\" srcset=\"https:\/\/econcept.lu\/wp-content\/uploads\/2022\/02\/terra_computers.jpg 600w, https:\/\/econcept.lu\/wp-content\/uploads\/2022\/02\/terra_computers-300x119.jpg 300w\" sizes=\"(max-width: 600px) 100vw, 600px\" \/>\t\t\t\t\t\t\t\t\t\t\t\t\t\t\t<\/div>\n\t\t\t\t<\/div>\n\t\t\t\t<div class=\"elementor-element elementor-element-bc0f48c elementor-widget elementor-widget-text-editor\" data-id=\"bc0f48c\" data-element_type=\"widget\" data-e-type=\"widget\" data-widget_type=\"text-editor.default\">\n\t\t\t\t<div class=\"elementor-widget-container\">\n\t\t\t\t\t\t\t\t\t<p>L'entrep\u00f4t et la production au si\u00e8ge social \u00e0 <strong>H\u00fcllhorst (Allemagne)<\/strong> garantissent une haute disponibilit\u00e9 et permettent m\u00eame, sur demande, la livraison de votre <strong>individuel<\/strong> TERRA dans un d\u00e9lai d'un ou deux jours ouvrables.<\/p><p>Les produits TERRA sont disponibles en <strong>Magasins TERRA<\/strong> ou en ligne, par exemple <a href=\"https:\/\/shop24.lu\/en\/vendors\/econcept-tech\/\"><strong>Shop24.lu<\/strong><\/a>. Ceux-ci sont soutenus par la soci\u00e9t\u00e9 Wortmann, qui compte plus de 160 conseillers sur tous les th\u00e8mes informatiques actuels, afin de vous garantir des conseils optimaux.<\/p>\t\t\t\t\t\t\t\t<\/div>\n\t\t\t\t<\/div>\n\t\t\t\t\t<\/div>\n\t\t<\/div>\n\t\t\t\t\t<\/div>\n\t\t<\/section>\n\t\t\t\t<\/div>","protected":false},"excerpt":{"rendered":"<p>IT Solutions Why is a webagency into IT hardware solutions? In fact it sounds quite unusual that a creative agency focusing on software solutions and design is also into hardware solutions. We noticed that during our interaction with vendors of our marketplace platform Shop24.lu there were quite often questions related to existing and new hardware: [&hellip;]<\/p>\n","protected":false},"author":1,"featured_media":0,"parent":0,"menu_order":0,"comment_status":"closed","ping_status":"closed","template":"elementor_header_footer","meta":{"_seopress_robots_primary_cat":"","_seopress_titles_title":"","_seopress_titles_desc":"","_seopress_robots_index":"","_monsterinsights_skip_tracking":false,"_monsterinsights_sitenote_active":false,"_monsterinsights_sitenote_note":"","_monsterinsights_sitenote_category":0,"footnotes":""},"class_list":["post-1339","page","type-page","status-publish","hentry"],"jetpack_sharing_enabled":true,"_links":{"self":[{"href":"https:\/\/econcept.lu\/fr\/wp-json\/wp\/v2\/pages\/1339","targetHints":{"allow":["GET"]}}],"collection":[{"href":"https:\/\/econcept.lu\/fr\/wp-json\/wp\/v2\/pages"}],"about":[{"href":"https:\/\/econcept.lu\/fr\/wp-json\/wp\/v2\/types\/page"}],"author":[{"embeddable":true,"href":"https:\/\/econcept.lu\/fr\/wp-json\/wp\/v2\/users\/1"}],"replies":[{"embeddable":true,"href":"https:\/\/econcept.lu\/fr\/wp-json\/wp\/v2\/comments?post=1339"}],"version-history":[{"count":0,"href":"https:\/\/econcept.lu\/fr\/wp-json\/wp\/v2\/pages\/1339\/revisions"}],"wp:attachment":[{"href":"https:\/\/econcept.lu\/fr\/wp-json\/wp\/v2\/media?parent=1339"}],"curies":[{"name":"wp","href":"https:\/\/api.w.org\/{rel}","templated":true}]}}