{"id":2133,"date":"2024-04-27T21:32:25","date_gmt":"2024-04-27T20:32:25","guid":{"rendered":"https:\/\/econcept.lu\/?page_id=2133"},"modified":"2024-04-27T21:41:31","modified_gmt":"2024-04-27T20:41:31","slug":"dernieres-nouvelles","status":"publish","type":"page","link":"https:\/\/econcept.lu\/fr\/latest-news\/","title":{"rendered":"Derni\u00e8res nouvelles"},"content":{"rendered":"<div data-elementor-type=\"wp-page\" data-elementor-id=\"2133\" class=\"elementor elementor-2133\">\n\t\t\t\t\t\t<section data-particle_enable=\"false\" data-particle-mobile-disabled=\"false\" class=\"elementor-section elementor-top-section elementor-element elementor-element-1e4bb99 elementor-section-full_width elementor-section-content-middle elementor-section-height-default elementor-section-height-default\" data-id=\"1e4bb99\" data-element_type=\"section\" data-e-type=\"section\" data-settings=\"{&quot;background_background&quot;:&quot;classic&quot;}\">\n\t\t\t\t\t\t<div class=\"elementor-container elementor-column-gap-no\">\n\t\t\t\t\t<div class=\"elementor-column elementor-col-100 elementor-top-column elementor-element elementor-element-04017f1\" data-id=\"04017f1\" data-element_type=\"column\" data-e-type=\"column\">\n\t\t\t<div class=\"elementor-widget-wrap elementor-element-populated\">\n\t\t\t\t\t\t<div class=\"elementor-element elementor-element-96f89b1 elementor-widget elementor-widget-page-title\" data-id=\"96f89b1\" data-element_type=\"widget\" data-e-type=\"widget\" data-settings=\"{&quot;align&quot;:&quot;center&quot;}\" data-widget_type=\"page-title.default\">\n\t\t\t\t<div class=\"elementor-widget-container\">\n\t\t\t\t\t\t\t\n\t\t<div class=\"hfe-page-title hfe-page-title-wrapper elementor-widget-heading\">\n\n\t\t\t\t\t\t\t\t\t\t\t<a href=\"https:\/\/econcept.lu\/fr\">\n\t\t\t\t\t\t<h1 class=\"elementor-heading-title elementor-size-default\">\n\t\t\t\t\t\t\t\t\n\t\t\t\tDerni\u00e8res nouvelles  \n\t\t\t<\/h1> \n\t\t\t\t\t\t\t\t\t<\/a>\n\t\t\t\t\t<\/div>\n\t\t\t\t\t\t<\/div>\n\t\t\t\t<\/div>\n\t\t\t\t\t<\/div>\n\t\t<\/div>\n\t\t\t\t\t<\/div>\n\t\t<\/section>\n\t\t\t\t<section data-particle_enable=\"false\" data-particle-mobile-disabled=\"false\" class=\"elementor-section elementor-top-section elementor-element elementor-element-19d84bc elementor-section-content-middle elementor-section-boxed elementor-section-height-default elementor-section-height-default\" data-id=\"19d84bc\" data-element_type=\"section\" data-e-type=\"section\">\n\t\t\t\t\t\t<div class=\"elementor-container elementor-column-gap-default\">\n\t\t\t\t\t<div class=\"elementor-column elementor-col-100 elementor-top-column elementor-element elementor-element-f213f8f\" data-id=\"f213f8f\" data-element_type=\"column\" data-e-type=\"column\">\n\t\t\t<div class=\"elementor-widget-wrap elementor-element-populated\">\n\t\t\t\t\t\t<div class=\"elementor-element elementor-element-44481ab elementor-widget elementor-widget-eael-post-block\" data-id=\"44481ab\" data-element_type=\"widget\" data-e-type=\"widget\" data-widget_type=\"eael-post-block.default\">\n\t\t\t\t<div class=\"elementor-widget-container\">\n\t\t\t\t\t<div id=\"eael-post-block-44481ab\" class=\"eael-post-block default post-block-layout-tiled\">\n            <div class=\"eael-post-block-grid eael-post-appender eael-post-appender-44481ab eael-post-tiled-preset-4 eael-post-tiled-col-4\"><article class=\"eael-post-block-item eael-post-block-column\">\n    <div class=\"eael-post-block-item-holder\">\n        <div class=\"eael-post-block-item-holder-inner\"><div class=\"eael-entry-media\">\n                    <div class=\"eael-entry-overlay fade-in\"><i class=\"fas fa-long-arrow-alt-right\" aria-hidden=\"true\"><\/i><a href=\"https:\/\/econcept.lu\/fr\/laser-engraved-business-cards\/\"\n                    \n                    >\n                    <\/a>\n                    <\/div>\n                    <div class=\"eael-entry-thumbnail\">\n                        <img decoding=\"async\" src=\"https:\/\/econcept.lu\/wp-content\/uploads\/2024\/04\/vcard_vcard_rv-300x169.jpg\" alt=\"\">\n                    <\/div>\n                <\/div><div class=\"eael-entry-wrapper\"><header class=\"eael-entry-header\"><h2 class=\"eael-entry-title\">\n                                    <a class=\"eael-grid-post-link\" href=\"https:\/\/econcept.lu\/fr\/laser-engraved-business-cards\/\" title=\"Cartes de visite grav\u00e9es au laser\">\n                                    Cartes de visite grav\u00e9es au laser\n                                    <\/a>\n\n                                <\/h2><\/header><div class=\"eael-entry-content\"><div class=\"eael-grid-post-excerpt\"><p>Conscient de l'importance de faire une premi\u00e8re impression durable, vCard.lu...<\/p><a \n                                    href=\"https:\/\/econcept.lu\/fr\/laser-engraved-business-cards\/\" \n                                    class=\"eael-post-elements-readmore-btn\"\n                                    \n                                    >\n                                    Lire la suite<\/a><\/div><\/div>\n                <\/div><\/div>\n    <\/div>\n<\/article><article class=\"eael-post-block-item eael-post-block-column\">\n    <div class=\"eael-post-block-item-holder\">\n        <div class=\"eael-post-block-item-holder-inner\"><div class=\"eael-entry-media\">\n                    <div class=\"eael-entry-overlay fade-in\"><i class=\"fas fa-long-arrow-alt-right\" aria-hidden=\"true\"><\/i><a href=\"https:\/\/econcept.lu\/fr\/innovative-laser-engraving-services-by-econcept-a-unique-branding-tool\/\"\n                    \n                    >\n                    <\/a>\n                    <\/div>\n                    <div class=\"eael-entry-thumbnail\">\n                        <img decoding=\"async\" src=\"https:\/\/econcept.lu\/wp-content\/uploads\/2024\/04\/Laser-engraving-process-300x171.webp\" alt=\"\">\n                    <\/div>\n                <\/div><div class=\"eael-entry-wrapper\"><header class=\"eael-entry-header\"><h2 class=\"eael-entry-title\">\n                                    <a class=\"eael-grid-post-link\" href=\"https:\/\/econcept.lu\/fr\/innovative-laser-engraving-services-by-econcept-a-unique-branding-tool\/\" title=\"Services innovants de gravure au laser par eConcept : Un outil de marquage unique\">\n                                    Services innovants de gravure au laser par eConcept : Un outil de marquage unique\n                                    <\/a>\n\n                                <\/h2><\/header><div class=\"eael-entry-content\"><div class=\"eael-grid-post-excerpt\"><p>Le service de gravure laser d'eConcept offre une approche distinctive de l'image de marque...<\/p><a \n                                    href=\"https:\/\/econcept.lu\/fr\/innovative-laser-engraving-services-by-econcept-a-unique-branding-tool\/\" \n                                    class=\"eael-post-elements-readmore-btn\"\n                                    \n                                    >\n                                    Lire la suite<\/a><\/div><\/div>\n                <\/div><\/div>\n    <\/div>\n<\/article><article class=\"eael-post-block-item eael-post-block-column\">\n    <div class=\"eael-post-block-item-holder\">\n        <div class=\"eael-post-block-item-holder-inner\"><div class=\"eael-entry-media\">\n                    <div class=\"eael-entry-overlay fade-in\"><i class=\"fas fa-long-arrow-alt-right\" aria-hidden=\"true\"><\/i><a href=\"https:\/\/econcept.lu\/fr\/leveraging-social-media-marketing-for-business-success\/\"\n                    \n                    >\n                    <\/a>\n                    <\/div>\n                    <div class=\"eael-entry-thumbnail\">\n                        <img decoding=\"async\" src=\"https:\/\/econcept.lu\/wp-content\/uploads\/2024\/04\/Social-media-marketing-office-300x171.webp\" alt=\"\">\n                    <\/div>\n                <\/div><div class=\"eael-entry-wrapper\"><header class=\"eael-entry-header\"><h2 class=\"eael-entry-title\">\n                                    <a class=\"eael-grid-post-link\" href=\"https:\/\/econcept.lu\/fr\/leveraging-social-media-marketing-for-business-success\/\" title=\"Tirer parti du marketing des m\u00e9dias sociaux pour r\u00e9ussir en affaires\">\n                                    Tirer parti du marketing des m\u00e9dias sociaux pour r\u00e9ussir en affaires\n                                    <\/a>\n\n                                <\/h2><\/header><div class=\"eael-entry-content\"><div class=\"eael-grid-post-excerpt\"><p>Les m\u00e9dias sociaux sont un outil incroyablement puissant pour les...<\/p><a \n                                    href=\"https:\/\/econcept.lu\/fr\/leveraging-social-media-marketing-for-business-success\/\" \n                                    class=\"eael-post-elements-readmore-btn\"\n                                    \n                                    >\n                                    Lire la suite<\/a><\/div><\/div>\n                <\/div><\/div>\n    <\/div>\n<\/article><article class=\"eael-post-block-item eael-post-block-column\">\n    <div class=\"eael-post-block-item-holder\">\n        <div class=\"eael-post-block-item-holder-inner\"><div class=\"eael-entry-media\">\n                    <div class=\"eael-entry-overlay fade-in\"><i class=\"fas fa-long-arrow-alt-right\" aria-hidden=\"true\"><\/i><a href=\"https:\/\/econcept.lu\/fr\/navigating-the-world-of-it-solutions-with-econcept\/\"\n                    \n                    >\n                    <\/a>\n                    <\/div>\n                    <div class=\"eael-entry-thumbnail\">\n                        <img decoding=\"async\" src=\"https:\/\/econcept.lu\/wp-content\/uploads\/2024\/04\/A-high-tech-IT-environment-300x171.webp\" alt=\"\">\n                    <\/div>\n                <\/div><div class=\"eael-entry-wrapper\"><header class=\"eael-entry-header\"><h2 class=\"eael-entry-title\">\n                                    <a class=\"eael-grid-post-link\" href=\"https:\/\/econcept.lu\/fr\/navigating-the-world-of-it-solutions-with-econcept\/\" title=\"Naviguer dans le monde des solutions informatiques avec eConcept\">\n                                    Naviguer dans le monde des solutions informatiques avec eConcept\n                                    <\/a>\n\n                                <\/h2><\/header><div class=\"eael-entry-content\"><div class=\"eael-grid-post-excerpt\"><p>Dans le paysage technologique actuel, des solutions informatiques efficaces sont essentielles pour...<\/p><a \n                                    href=\"https:\/\/econcept.lu\/fr\/navigating-the-world-of-it-solutions-with-econcept\/\" \n                                    class=\"eael-post-elements-readmore-btn\"\n                                    \n                                    >\n                                    Lire la suite<\/a><\/div><\/div>\n                <\/div><\/div>\n    <\/div>\n<\/article><article class=\"eael-post-block-item eael-post-block-column\">\n    <div class=\"eael-post-block-item-holder\">\n        <div class=\"eael-post-block-item-holder-inner\"><div class=\"eael-entry-media\">\n                    <div class=\"eael-entry-overlay fade-in\"><i class=\"fas fa-long-arrow-alt-right\" aria-hidden=\"true\"><\/i><a href=\"https:\/\/econcept.lu\/fr\/building-your-brand-essential-elements-of-corporate-identity\/\"\n                    \n                    >\n                    <\/a>\n                    <\/div>\n                    <div class=\"eael-entry-thumbnail\">\n                        <img decoding=\"async\" src=\"https:\/\/econcept.lu\/wp-content\/uploads\/2024\/04\/Design-studio-300x171.webp\" alt=\"\">\n                    <\/div>\n                <\/div><div class=\"eael-entry-wrapper\"><header class=\"eael-entry-header\"><h2 class=\"eael-entry-title\">\n                                    <a class=\"eael-grid-post-link\" href=\"https:\/\/econcept.lu\/fr\/building-your-brand-essential-elements-of-corporate-identity\/\" title=\"Construire votre marque : Les \u00e9l\u00e9ments essentiels de l&#039;identit\u00e9 d&#039;entreprise\">\n                                    Construire votre marque : Les \u00e9l\u00e9ments essentiels de l'identit\u00e9 d'entreprise\n                                    <\/a>\n\n                                <\/h2><\/header><div class=\"eael-entry-content\"><div class=\"eael-grid-post-excerpt\"><p>La cr\u00e9ation d'une identit\u00e9 d'entreprise forte est vitale pour toute entreprise...<\/p><a \n                                    href=\"https:\/\/econcept.lu\/fr\/building-your-brand-essential-elements-of-corporate-identity\/\" \n                                    class=\"eael-post-elements-readmore-btn\"\n                                    \n                                    >\n                                    Lire la suite<\/a><\/div><\/div>\n                <\/div><\/div>\n    <\/div>\n<\/article><article class=\"eael-post-block-item eael-post-block-column\">\n    <div class=\"eael-post-block-item-holder\">\n        <div class=\"eael-post-block-item-holder-inner\"><div class=\"eael-entry-media\">\n                    <div class=\"eael-entry-overlay fade-in\"><i class=\"fas fa-long-arrow-alt-right\" aria-hidden=\"true\"><\/i><a href=\"https:\/\/econcept.lu\/fr\/the-power-of-professional-web-design-in-boosting-business-growth\/\"\n                    \n                    >\n                    <\/a>\n                    <\/div>\n                    <div class=\"eael-entry-thumbnail\">\n                        <img decoding=\"async\" src=\"https:\/\/econcept.lu\/wp-content\/uploads\/2024\/04\/Office-with-a-team-300x171.webp\" alt=\"\">\n                    <\/div>\n                <\/div><div class=\"eael-entry-wrapper\"><header class=\"eael-entry-header\"><h2 class=\"eael-entry-title\">\n                                    <a class=\"eael-grid-post-link\" href=\"https:\/\/econcept.lu\/fr\/the-power-of-professional-web-design-in-boosting-business-growth\/\" title=\"Le pouvoir de la conception professionnelle de sites web pour stimuler la croissance des entreprises\">\n                                    Le pouvoir de la conception professionnelle de sites web pour stimuler la croissance des entreprises\n                                    <\/a>\n\n                                <\/h2><\/header><div class=\"eael-entry-content\"><div class=\"eael-grid-post-excerpt\"><p>Dans l'\u00e9conomie num\u00e9rique, un design web professionnel sert...<\/p><a \n                                    href=\"https:\/\/econcept.lu\/fr\/the-power-of-professional-web-design-in-boosting-business-growth\/\" \n                                    class=\"eael-post-elements-readmore-btn\"\n                                    \n                                    >\n                                    Lire la suite<\/a><\/div><\/div>\n                <\/div><\/div>\n    <\/div>\n<\/article><\/div>\n\t\t<\/div>\t\t\t\t<\/div>\n\t\t\t\t<\/div>\n\t\t\t\t\t<\/div>\n\t\t<\/div>\n\t\t\t\t\t<\/div>\n\t\t<\/section>\n\t\t\t\t<section data-particle_enable=\"false\" data-particle-mobile-disabled=\"false\" class=\"elementor-section elementor-top-section elementor-element elementor-element-1919c74 elementor-section-full_width elementor-section-height-default elementor-section-height-default elementor-invisible\" data-id=\"1919c74\" data-element_type=\"section\" data-e-type=\"section\" data-settings=\"{&quot;background_background&quot;:&quot;classic&quot;,&quot;animation&quot;:&quot;pulse&quot;}\">\n\t\t\t\t\t\t\t<div class=\"elementor-background-overlay\"><\/div>\n\t\t\t\t\t\t\t<div class=\"elementor-container elementor-column-gap-default\">\n\t\t\t\t\t<div class=\"elementor-column elementor-col-100 elementor-top-column elementor-element elementor-element-c7f47cf\" data-id=\"c7f47cf\" data-element_type=\"column\" data-e-type=\"column\">\n\t\t\t<div class=\"elementor-widget-wrap elementor-element-populated\">\n\t\t\t\t\t\t<div class=\"elementor-element elementor-element-0dfc4ff elementor-invisible elementor-widget elementor-widget-heading\" data-id=\"0dfc4ff\" data-element_type=\"widget\" data-e-type=\"widget\" data-settings=\"{&quot;_animation&quot;:&quot;fadeInLeft&quot;}\" data-widget_type=\"heading.default\">\n\t\t\t\t<div class=\"elementor-widget-container\">\n\t\t\t\t\t<h2 class=\"elementor-heading-title elementor-size-large\">\"Si vous ne lisez pas le journal, vous n'\u00eates pas inform\u00e9. Si vous lisez le journal, vous \u00eates mal inform\u00e9\". - Mark Twain<\/h2>\t\t\t\t<\/div>\n\t\t\t\t<\/div>\n\t\t\t\t\t<\/div>\n\t\t<\/div>\n\t\t\t\t\t<\/div>\n\t\t<\/section>\n\t\t\t\t<\/div>","protected":false},"excerpt":{"rendered":"<p>Latest News Laser engraved business cards cannot be underestimated. Recognising the importance of making a lasting&#8230; Read More Innovative Laser Engraving Services by eConcept: A Unique Branding Tool eConcept\u2019s laser engraving service offers a distinctive approach to branding&#8230; Read More Leveraging Social Media Marketing for Business Success Social media is an incredibly powerful tool for [&hellip;]<\/p>\n","protected":false},"author":1,"featured_media":0,"parent":0,"menu_order":0,"comment_status":"closed","ping_status":"closed","template":"elementor_header_footer","meta":{"_seopress_robots_primary_cat":"","_seopress_titles_title":"","_seopress_titles_desc":"","_seopress_robots_index":"","_monsterinsights_skip_tracking":false,"_monsterinsights_sitenote_active":false,"_monsterinsights_sitenote_note":"","_monsterinsights_sitenote_category":0,"footnotes":""},"class_list":["post-2133","page","type-page","status-publish","hentry"],"jetpack_sharing_enabled":true,"_links":{"self":[{"href":"https:\/\/econcept.lu\/fr\/wp-json\/wp\/v2\/pages\/2133","targetHints":{"allow":["GET"]}}],"collection":[{"href":"https:\/\/econcept.lu\/fr\/wp-json\/wp\/v2\/pages"}],"about":[{"href":"https:\/\/econcept.lu\/fr\/wp-json\/wp\/v2\/types\/page"}],"author":[{"embeddable":true,"href":"https:\/\/econcept.lu\/fr\/wp-json\/wp\/v2\/users\/1"}],"replies":[{"embeddable":true,"href":"https:\/\/econcept.lu\/fr\/wp-json\/wp\/v2\/comments?post=2133"}],"version-history":[{"count":7,"href":"https:\/\/econcept.lu\/fr\/wp-json\/wp\/v2\/pages\/2133\/revisions"}],"predecessor-version":[{"id":2141,"href":"https:\/\/econcept.lu\/fr\/wp-json\/wp\/v2\/pages\/2133\/revisions\/2141"}],"wp:attachment":[{"href":"https:\/\/econcept.lu\/fr\/wp-json\/wp\/v2\/media?parent=2133"}],"curies":[{"name":"wp","href":"https:\/\/api.w.org\/{rel}","templated":true}]}}