{"id":47,"date":"2021-11-04T00:01:00","date_gmt":"2021-11-04T00:01:00","guid":{"rendered":"https:\/\/simplar.ulmer-agentur.de\/?page_id=47"},"modified":"2022-04-24T19:08:08","modified_gmt":"2022-04-24T18:08:08","slug":"a-propos-de-nous","status":"publish","type":"page","link":"https:\/\/econcept.lu\/fr\/about-us\/","title":{"rendered":"A propos"},"content":{"rendered":"<div data-elementor-type=\"wp-page\" data-elementor-id=\"47\" class=\"elementor elementor-47\">\n\t\t\t\t\t\t<section data-particle_enable=\"false\" data-particle-mobile-disabled=\"false\" class=\"elementor-section elementor-top-section elementor-element elementor-element-1e4bb99 elementor-section-full_width elementor-section-content-middle elementor-section-height-default elementor-section-height-default\" data-id=\"1e4bb99\" data-element_type=\"section\" data-e-type=\"section\" data-settings=\"{&quot;background_background&quot;:&quot;classic&quot;}\">\n\t\t\t\t\t\t<div class=\"elementor-container elementor-column-gap-no\">\n\t\t\t\t\t<div class=\"elementor-column elementor-col-100 elementor-top-column elementor-element elementor-element-04017f1\" data-id=\"04017f1\" data-element_type=\"column\" data-e-type=\"column\">\n\t\t\t<div class=\"elementor-widget-wrap elementor-element-populated\">\n\t\t\t\t\t\t<div class=\"elementor-element elementor-element-96f89b1 elementor-widget elementor-widget-page-title\" data-id=\"96f89b1\" data-element_type=\"widget\" data-e-type=\"widget\" data-settings=\"{&quot;align&quot;:&quot;center&quot;}\" data-widget_type=\"page-title.default\">\n\t\t\t\t<div class=\"elementor-widget-container\">\n\t\t\t\t\t\t\t\n\t\t<div class=\"hfe-page-title hfe-page-title-wrapper elementor-widget-heading\">\n\n\t\t\t\t\t\t\t\t\t\t\t<a href=\"https:\/\/econcept.lu\/fr\">\n\t\t\t\t\t\t<h1 class=\"elementor-heading-title elementor-size-default\">\n\t\t\t\t\t\t\t\t\n\t\t\t\tA propos  \n\t\t\t<\/h1> \n\t\t\t\t\t\t\t\t\t<\/a>\n\t\t\t\t\t<\/div>\n\t\t\t\t\t\t<\/div>\n\t\t\t\t<\/div>\n\t\t\t\t\t<\/div>\n\t\t<\/div>\n\t\t\t\t\t<\/div>\n\t\t<\/section>\n\t\t\t\t<section data-particle_enable=\"false\" data-particle-mobile-disabled=\"false\" class=\"elementor-section elementor-top-section elementor-element elementor-element-19d84bc elementor-section-content-middle elementor-section-boxed elementor-section-height-default elementor-section-height-default\" data-id=\"19d84bc\" data-element_type=\"section\" data-e-type=\"section\">\n\t\t\t\t\t\t<div class=\"elementor-container elementor-column-gap-default\">\n\t\t\t\t\t<div class=\"elementor-column elementor-col-50 elementor-top-column elementor-element elementor-element-90a6493\" data-id=\"90a6493\" data-element_type=\"column\" data-e-type=\"column\">\n\t\t\t<div class=\"elementor-widget-wrap elementor-element-populated\">\n\t\t\t\t\t\t<div class=\"elementor-element elementor-element-d8aa2f7 elementor-invisible elementor-widget elementor-widget-heading\" data-id=\"d8aa2f7\" data-element_type=\"widget\" data-e-type=\"widget\" data-settings=\"{&quot;_animation&quot;:&quot;fadeInLeft&quot;}\" data-widget_type=\"heading.default\">\n\t\t\t\t<div class=\"elementor-widget-container\">\n\t\t\t\t\t<h2 class=\"elementor-heading-title elementor-size-default\">Bienvenue chez eConcept S\u00e0rl-S<\/h2>\t\t\t\t<\/div>\n\t\t\t\t<\/div>\n\t\t\t\t<div class=\"elementor-element elementor-element-0d7f2c4 elementor-invisible elementor-widget elementor-widget-heading\" data-id=\"0d7f2c4\" data-element_type=\"widget\" data-e-type=\"widget\" data-settings=\"{&quot;_animation&quot;:&quot;fadeInLeft&quot;,&quot;_animation_delay&quot;:200}\" data-widget_type=\"heading.default\">\n\t\t\t\t<div class=\"elementor-widget-container\">\n\t\t\t\t\t<h1 class=\"elementor-heading-title elementor-size-medium\">Nous pouvons vous fournir une solution marketing tout-en-un pour votre entreprise.<\/h1>\t\t\t\t<\/div>\n\t\t\t\t<\/div>\n\t\t\t\t<div class=\"elementor-element elementor-element-f20ef71 elementor-widget elementor-widget-image\" data-id=\"f20ef71\" data-element_type=\"widget\" data-e-type=\"widget\" data-widget_type=\"image.default\">\n\t\t\t\t<div class=\"elementor-widget-container\">\n\t\t\t\t\t\t\t\t\t\t\t\t\t\t\t<img fetchpriority=\"high\" decoding=\"async\" width=\"300\" height=\"200\" src=\"https:\/\/econcept.lu\/wp-content\/uploads\/2021\/11\/jason-goodman-Oalh2MojUuk-unsplash-scaled-1-300x200.jpeg\" class=\"attachment-medium size-medium wp-image-618\" alt=\"\" srcset=\"https:\/\/econcept.lu\/wp-content\/uploads\/2021\/11\/jason-goodman-Oalh2MojUuk-unsplash-scaled-1-300x200.jpeg 300w, https:\/\/econcept.lu\/wp-content\/uploads\/2021\/11\/jason-goodman-Oalh2MojUuk-unsplash-scaled-1-600x400.jpeg 600w, https:\/\/econcept.lu\/wp-content\/uploads\/2021\/11\/jason-goodman-Oalh2MojUuk-unsplash-scaled-1-1024x683.jpeg 1024w, https:\/\/econcept.lu\/wp-content\/uploads\/2021\/11\/jason-goodman-Oalh2MojUuk-unsplash-scaled-1-768x512.jpeg 768w, https:\/\/econcept.lu\/wp-content\/uploads\/2021\/11\/jason-goodman-Oalh2MojUuk-unsplash-scaled-1-1536x1024.jpeg 1536w, https:\/\/econcept.lu\/wp-content\/uploads\/2021\/11\/jason-goodman-Oalh2MojUuk-unsplash-scaled-1-2048x1366.jpeg 2048w\" sizes=\"(max-width: 300px) 100vw, 300px\" \/>\t\t\t\t\t\t\t\t\t\t\t\t\t\t\t<\/div>\n\t\t\t\t<\/div>\n\t\t\t\t\t<\/div>\n\t\t<\/div>\n\t\t\t\t<div class=\"elementor-column elementor-col-50 elementor-top-column elementor-element elementor-element-f213f8f\" data-id=\"f213f8f\" data-element_type=\"column\" data-e-type=\"column\">\n\t\t\t<div class=\"elementor-widget-wrap elementor-element-populated\">\n\t\t\t\t\t\t<div class=\"elementor-element elementor-element-0ac379b elementor-drop-cap-yes elementor-drop-cap-view-default elementor-invisible elementor-widget elementor-widget-text-editor\" data-id=\"0ac379b\" data-element_type=\"widget\" data-e-type=\"widget\" data-settings=\"{&quot;_animation&quot;:&quot;fadeInRight&quot;,&quot;_animation_delay&quot;:300,&quot;drop_cap&quot;:&quot;yes&quot;}\" data-widget_type=\"text-editor.default\">\n\t\t\t\t<div class=\"elementor-widget-container\">\n\t\t\t\t\t\t\t\t\t<p>Nous avons commenc\u00e9 en 2020 lors des pand\u00e9mies.&nbsp;<span style=\"color: var( --e-global-color-text ); font-family: var( --e-global-typography-text-font-family ), Sans-serif; font-weight: var( --e-global-typography-text-font-weight );\">S'asseoir ensemble pour trouver une nouvelle fa\u00e7on de faire du shopping en ligne au Luxembourg.&nbsp;<\/span><\/p>\n<p>Le pari \u00e9tait d'une part de rendre le commerce en ligne accessible et abordable pour tous, en particulier pour les petites et moyennes entreprises. Et d'autre part, d'en faire l'exp\u00e9rience la plus intuitive et la plus simple possible pour les clients.<\/p>\n<p>\u00c0 nous trois, nous avions plus de 20 ans d'exp\u00e9rience dans le domaine des logiciels, du d\u00e9veloppement Internet, du mat\u00e9riel informatique, du marketing et du coaching, au sein de diff\u00e9rentes entreprises.<\/p>\n<p>Nous avons regroup\u00e9 nos forces et fond\u00e9 la soci\u00e9t\u00e9 eConcept S\u00e0rl-S quelques mois plus tard.<\/p>\n<p>En collaboration avec un vaste r\u00e9seau de professionnels, nous pouvons vous fournir un ensemble complet de services allant de la simple conception d'un logo \u00e0 un site web de commerce \u00e9lectronique complexe, en passant par le marketing et l'accompagnement dans les m\u00e9dias sociaux.<\/p>\t\t\t\t\t\t\t\t<\/div>\n\t\t\t\t<\/div>\n\t\t\t\t\t<\/div>\n\t\t<\/div>\n\t\t\t\t\t<\/div>\n\t\t<\/section>\n\t\t\t\t<section data-particle_enable=\"false\" data-particle-mobile-disabled=\"false\" class=\"elementor-section elementor-top-section elementor-element elementor-element-674efbb elementor-section-full_width elementor-section-content-middle elementor-section-height-default elementor-section-height-default\" data-id=\"674efbb\" data-element_type=\"section\" data-e-type=\"section\" data-settings=\"{&quot;background_background&quot;:&quot;classic&quot;}\">\n\t\t\t\t\t\t<div class=\"elementor-container elementor-column-gap-default\">\n\t\t\t\t\t<div class=\"elementor-column elementor-col-33 elementor-top-column elementor-element elementor-element-00f2bbd\" data-id=\"00f2bbd\" data-element_type=\"column\" data-e-type=\"column\" data-settings=\"{&quot;background_background&quot;:&quot;classic&quot;}\">\n\t\t\t<div class=\"elementor-widget-wrap elementor-element-populated\">\n\t\t\t\t\t\t<div class=\"elementor-element elementor-element-7eab419 elementor-view-default elementor-position-block-start elementor-mobile-position-block-start elementor-widget elementor-widget-icon-box\" data-id=\"7eab419\" data-element_type=\"widget\" data-e-type=\"widget\" data-widget_type=\"icon-box.default\">\n\t\t\t\t<div class=\"elementor-widget-container\">\n\t\t\t\t\t\t\t<div class=\"elementor-icon-box-wrapper\">\n\n\t\t\t\t\t\t<div class=\"elementor-icon-box-icon\">\n\t\t\t\t<span  class=\"elementor-icon elementor-animation-grow\">\n\t\t\t\t<i aria-hidden=\"true\" class=\"fas fa-shipping-fast\"><\/i>\t\t\t\t<\/span>\n\t\t\t<\/div>\n\t\t\t\n\t\t\t\t\t\t<div class=\"elementor-icon-box-content\">\n\n\t\t\t\t\t\t\t\t\t<h3 class=\"elementor-icon-box-title\">\n\t\t\t\t\t\t<span  >\n\t\t\t\t\t\t\tRAPIDE\t\t\t\t\t\t<\/span>\n\t\t\t\t\t<\/h3>\n\t\t\t\t\n\t\t\t\t\t\t\t\t\t<p class=\"elementor-icon-box-description\">\n\t\t\t\t\t\tNous livrons les produits dans un d\u00e9lai pr\u00e9d\u00e9fini.\t\t\t\t\t<\/p>\n\t\t\t\t\n\t\t\t<\/div>\n\t\t\t\n\t\t<\/div>\n\t\t\t\t\t\t<\/div>\n\t\t\t\t<\/div>\n\t\t\t\t\t<\/div>\n\t\t<\/div>\n\t\t\t\t<div class=\"elementor-column elementor-col-33 elementor-top-column elementor-element elementor-element-7870dfb\" data-id=\"7870dfb\" data-element_type=\"column\" data-e-type=\"column\" data-settings=\"{&quot;background_background&quot;:&quot;classic&quot;}\">\n\t\t\t<div class=\"elementor-widget-wrap elementor-element-populated\">\n\t\t\t\t\t\t<div class=\"elementor-element elementor-element-7f0f6e9 elementor-view-default elementor-position-block-start elementor-mobile-position-block-start elementor-widget elementor-widget-icon-box\" data-id=\"7f0f6e9\" data-element_type=\"widget\" data-e-type=\"widget\" data-widget_type=\"icon-box.default\">\n\t\t\t\t<div class=\"elementor-widget-container\">\n\t\t\t\t\t\t\t<div class=\"elementor-icon-box-wrapper\">\n\n\t\t\t\t\t\t<div class=\"elementor-icon-box-icon\">\n\t\t\t\t<span  class=\"elementor-icon elementor-animation-grow\">\n\t\t\t\t<i aria-hidden=\"true\" class=\"fas fa-money-check\"><\/i>\t\t\t\t<\/span>\n\t\t\t<\/div>\n\t\t\t\n\t\t\t\t\t\t<div class=\"elementor-icon-box-content\">\n\n\t\t\t\t\t\t\t\t\t<h3 class=\"elementor-icon-box-title\">\n\t\t\t\t\t\t<span  >\n\t\t\t\t\t\t\tFIABLE\t\t\t\t\t\t<\/span>\n\t\t\t\t\t<\/h3>\n\t\t\t\t\n\t\t\t\t\t\t\t\t\t<p class=\"elementor-icon-box-description\">\n\t\t\t\t\t\tNotre qualit\u00e9 de service est primordiale !\t\t\t\t\t<\/p>\n\t\t\t\t\n\t\t\t<\/div>\n\t\t\t\n\t\t<\/div>\n\t\t\t\t\t\t<\/div>\n\t\t\t\t<\/div>\n\t\t\t\t\t<\/div>\n\t\t<\/div>\n\t\t\t\t<div class=\"elementor-column elementor-col-33 elementor-top-column elementor-element elementor-element-0539107\" data-id=\"0539107\" data-element_type=\"column\" data-e-type=\"column\" data-settings=\"{&quot;background_background&quot;:&quot;classic&quot;}\">\n\t\t\t<div class=\"elementor-widget-wrap elementor-element-populated\">\n\t\t\t\t\t\t<div class=\"elementor-element elementor-element-05070e2 elementor-view-default elementor-position-block-start elementor-mobile-position-block-start elementor-widget elementor-widget-icon-box\" data-id=\"05070e2\" data-element_type=\"widget\" data-e-type=\"widget\" data-widget_type=\"icon-box.default\">\n\t\t\t\t<div class=\"elementor-widget-container\">\n\t\t\t\t\t\t\t<div class=\"elementor-icon-box-wrapper\">\n\n\t\t\t\t\t\t<div class=\"elementor-icon-box-icon\">\n\t\t\t\t<span  class=\"elementor-icon elementor-animation-grow\">\n\t\t\t\t<i aria-hidden=\"true\" class=\"fas fa-certificate\"><\/i>\t\t\t\t<\/span>\n\t\t\t<\/div>\n\t\t\t\n\t\t\t\t\t\t<div class=\"elementor-icon-box-content\">\n\n\t\t\t\t\t\t\t\t\t<h3 class=\"elementor-icon-box-title\">\n\t\t\t\t\t\t<span  >\n\t\t\t\t\t\t\tCERTIFI\u00c9\t\t\t\t\t\t<\/span>\n\t\t\t\t\t<\/h3>\n\t\t\t\t\n\t\t\t\t\t\t\t\t\t<p class=\"elementor-icon-box-description\">\n\t\t\t\t\t\tNous sommes un fournisseur certifi\u00e9 d'applications et de mat\u00e9riel.\t\t\t\t\t<\/p>\n\t\t\t\t\n\t\t\t<\/div>\n\t\t\t\n\t\t<\/div>\n\t\t\t\t\t\t<\/div>\n\t\t\t\t<\/div>\n\t\t\t\t\t<\/div>\n\t\t<\/div>\n\t\t\t\t\t<\/div>\n\t\t<\/section>\n\t\t\t\t<section data-particle_enable=\"false\" data-particle-mobile-disabled=\"false\" class=\"elementor-section elementor-top-section elementor-element elementor-element-8a4c0fd elementor-section-boxed elementor-section-height-default elementor-section-height-default elementor-invisible\" data-id=\"8a4c0fd\" data-element_type=\"section\" data-e-type=\"section\" data-settings=\"{&quot;animation&quot;:&quot;pulse&quot;}\">\n\t\t\t\t\t\t<div class=\"elementor-container elementor-column-gap-default\">\n\t\t\t\t\t<div class=\"elementor-column elementor-col-100 elementor-top-column elementor-element elementor-element-aacf3e6\" data-id=\"aacf3e6\" data-element_type=\"column\" data-e-type=\"column\">\n\t\t\t<div class=\"elementor-widget-wrap\">\n\t\t\t\t\t\t\t<\/div>\n\t\t<\/div>\n\t\t\t\t\t<\/div>\n\t\t<\/section>\n\t\t\t\t<section data-particle_enable=\"false\" data-particle-mobile-disabled=\"false\" class=\"elementor-section elementor-top-section elementor-element elementor-element-fc11650 elementor-section-boxed elementor-section-height-default elementor-section-height-default\" data-id=\"fc11650\" data-element_type=\"section\" data-e-type=\"section\">\n\t\t\t\t\t\t<div class=\"elementor-container elementor-column-gap-default\">\n\t\t\t\t\t<div class=\"elementor-column elementor-col-100 elementor-top-column elementor-element elementor-element-0b6541f\" data-id=\"0b6541f\" data-element_type=\"column\" data-e-type=\"column\">\n\t\t\t<div class=\"elementor-widget-wrap elementor-element-populated\">\n\t\t\t\t\t\t<div class=\"elementor-element elementor-element-d1a003e elementor-widget elementor-widget-eael-adv-tabs\" data-id=\"d1a003e\" data-element_type=\"widget\" data-e-type=\"widget\" data-widget_type=\"eael-adv-tabs.default\">\n\t\t\t\t<div class=\"elementor-widget-container\">\n\t\t\t\t\t        <div data-scroll-on-click=\"no\" data-scroll-speed=\"300\" id=\"eael-advance-tabs-d1a003e\" class=\"eael-advance-tabs eael-tabs-horizontal eael-tab-auto-active\" data-tabid=\"d1a003e\">\n            <div class=\"eael-tabs-nav\">\n                <ul class=\"eael-tab-inline-icon\" role=\"tablist\">\n                                            <li id=\"marketing\" class=\"active-default eael-tab-item-trigger eael-tab-nav-item\" aria-selected=\"true\" data-tab=\"1\" role=\"tab\" tabindex=\"0\" aria-controls=\"marketing-tab\" aria-expanded=\"false\">\n                            \n                                                                <i class=\"fas fa-bullseye\"><\/i>                                                            \n                                                            <span class=\"eael-tab-title title-after-icon\" >Marketing<\/span>                            \n                                                    <\/li>\n                                            <li id=\"content\" class=\"eael-tab-item-trigger eael-tab-nav-item\" aria-selected=\"false\" data-tab=\"2\" role=\"tab\" tabindex=\"-1\" aria-controls=\"content-tab\" aria-expanded=\"false\">\n                            \n                                                                <i class=\"far fa-edit\"><\/i>                                                            \n                                                            <span class=\"eael-tab-title title-after-icon\" >Contenu<\/span>                            \n                                                    <\/li>\n                                            <li id=\"wordpress\" class=\"eael-tab-item-trigger eael-tab-nav-item\" aria-selected=\"false\" data-tab=\"3\" role=\"tab\" tabindex=\"-1\" aria-controls=\"wordpress-tab\" aria-expanded=\"false\">\n                            \n                                                                <i class=\"fab fa-wordpress\"><\/i>                                                            \n                                                            <span class=\"eael-tab-title title-after-icon\" >WordPress<\/span>                            \n                                                    <\/li>\n                    \n                                  <\/ul>\n            <\/div>\n            \n            <div class=\"eael-tabs-content\">\n\t\t        \n                    <div id=\"marketing-tab\" class=\"clearfix eael-tab-content-item active-default\" data-title-link=\"marketing-tab\">\n\t\t\t\t        <p><img decoding=\"async\" class=\"wp-image-368 alignleft\" src=\"https:\/\/simplar.ulmer-agentur.de\/wp-content\/uploads\/2021\/11\/1-300x169.jpeg\" alt=\"\" width=\"482\" height=\"272\" srcset=\"https:\/\/econcept.lu\/wp-content\/uploads\/2021\/11\/1-300x169.jpeg 300w, https:\/\/econcept.lu\/wp-content\/uploads\/2021\/11\/1-600x338.jpeg 600w, https:\/\/econcept.lu\/wp-content\/uploads\/2021\/11\/1-1024x576.jpeg 1024w, https:\/\/econcept.lu\/wp-content\/uploads\/2021\/11\/1-768x432.jpeg 768w, https:\/\/econcept.lu\/wp-content\/uploads\/2021\/11\/1-1536x864.jpeg 1536w, https:\/\/econcept.lu\/wp-content\/uploads\/2021\/11\/1.jpeg 1920w\" sizes=\"(max-width: 482px) 100vw, 482px\" \/><\/p><p>La conception la plus moderne et le meilleur contenu ne sont rien sans le marketing. Pour que quelqu'un ach\u00e8te votre produit, il doit savoir qu'il existe.<\/p><p>Gr\u00e2ce \u00e0 nos multiples canaux de m\u00e9dias sociaux, nous pouvons vous fournir les bons outils pour faire passer le message. Nos techniques de marketing sont \u00e9prouv\u00e9es pour obtenir de bons r\u00e9sultats dans un certain d\u00e9lai.<\/p><p>Nous pouvons g\u00e9rer votre projet ou vous proposer un coaching en m\u00e9dias sociaux adapt\u00e9 \u00e0 vos besoins.<\/p><p>Nos canaux de m\u00e9dias sociaux sont (mais ne sont pas limit\u00e9s \u00e0) : <a href=\"http:\/\/tv.shop24.lu\" target=\"_blank\" rel=\"noopener\">Youtube<\/a>, <a href=\"https:\/\/fb.com\/shop24.lu\" target=\"_blank\" rel=\"noopener\">Facebook<\/a>, <a href=\"https:\/\/instagram.com\/shop24lu\" target=\"_blank\" rel=\"noopener\">Instagram<\/a>, <a href=\"https:\/\/twitter.lu\/shop24lu\" target=\"_blank\" rel=\"noopener\">Twitter<\/a> etc.<\/p><p>Prenez contact avec nous pour dynamiser votre activit\u00e9 !<\/p>                    <\/div>\n\t\t        \n                    <div id=\"content-tab\" class=\"clearfix eael-tab-content-item\" data-title-link=\"content-tab\">\n\t\t\t\t        <p><img decoding=\"async\" class=\"wp-image-368 alignleft\" src=\"https:\/\/simplar.ulmer-agentur.de\/wp-content\/uploads\/2021\/11\/1-300x169.jpeg\" alt=\"\" width=\"482\" height=\"272\" srcset=\"https:\/\/econcept.lu\/wp-content\/uploads\/2021\/11\/1-300x169.jpeg 300w, https:\/\/econcept.lu\/wp-content\/uploads\/2021\/11\/1-600x338.jpeg 600w, https:\/\/econcept.lu\/wp-content\/uploads\/2021\/11\/1-1024x576.jpeg 1024w, https:\/\/econcept.lu\/wp-content\/uploads\/2021\/11\/1-768x432.jpeg 768w, https:\/\/econcept.lu\/wp-content\/uploads\/2021\/11\/1-1536x864.jpeg 1536w, https:\/\/econcept.lu\/wp-content\/uploads\/2021\/11\/1.jpeg 1920w\" sizes=\"(max-width: 482px) 100vw, 482px\" \/><\/p><p>L'un des facteurs les plus importants pour le succ\u00e8s d'un site web est son contenu.<\/p><p>Il n'est pas seulement important d'avoir un contenu int\u00e9ressant et de qualit\u00e9 pour l'optimisation des moteurs de recherche (SEO), mais aussi pour l'exp\u00e9rience du client.<\/p><p>C'est pourquoi l'une de nos principales priorit\u00e9s est d'effectuer une recherche approfondie et de rassembler autant d'informations que possible avant d'entamer un projet.<\/p><p>Pour \u00e9veiller les besoins des clients, il faut une solide attraction visuelle, mais aussi un contenu de qualit\u00e9.<\/p><p>Avec vous, nous mettons en place le contenu ad\u00e9quat, qu'il s'agisse de textes, d'images ou de vid\u00e9os.<\/p>                    <\/div>\n\t\t        \n                    <div id=\"wordpress-tab\" class=\"clearfix eael-tab-content-item\" data-title-link=\"wordpress-tab\">\n\t\t\t\t        <p><img decoding=\"async\" class=\"wp-image-368 alignleft\" src=\"https:\/\/simplar.ulmer-agentur.de\/wp-content\/uploads\/2021\/11\/1-300x169.jpeg\" alt=\"\" width=\"482\" height=\"272\" srcset=\"https:\/\/econcept.lu\/wp-content\/uploads\/2021\/11\/1-300x169.jpeg 300w, https:\/\/econcept.lu\/wp-content\/uploads\/2021\/11\/1-600x338.jpeg 600w, https:\/\/econcept.lu\/wp-content\/uploads\/2021\/11\/1-1024x576.jpeg 1024w, https:\/\/econcept.lu\/wp-content\/uploads\/2021\/11\/1-768x432.jpeg 768w, https:\/\/econcept.lu\/wp-content\/uploads\/2021\/11\/1-1536x864.jpeg 1536w, https:\/\/econcept.lu\/wp-content\/uploads\/2021\/11\/1.jpeg 1920w\" sizes=\"(max-width: 482px) 100vw, 482px\" \/><\/p><p>WordPress est le syst\u00e8me de gestion de contenu (CMS) le plus populaire utilis\u00e9 de nos jours pour les sites web du monde entier.<\/p><p>Apr\u00e8s avoir d\u00e9but\u00e9 il y a plus de 20 ans avec des scripts purement html, php et MySQL sont rapidement devenus le langage num\u00e9ro un pour coder des sites web. De nos jours, il existe des moyens plus conviviaux de cr\u00e9er des sites web que d'\u00e9crire des scripts \u00e0 partir de z\u00e9ro.<\/p><p>Postnuke a d\u00e9marr\u00e9 comme un fork de phpnuke, puis Drupal et Joomla ! sont devenus tr\u00e8s populaires et le sont toujours. WordPress, initialement con\u00e7u pour les blogueurs, est devenu une solution de site web compl\u00e8te avec toutes sortes de plugins.<\/p><p>Aujourd'hui, plus de 30 millions de sites sont propuls\u00e9s par WordPress, 1,4 million par Joomla ! et 600 000 par Drupal.<\/p>                    <\/div>\n\t\t                    <\/div>\n        <\/div>\n\t\t\t\t<\/div>\n\t\t\t\t<\/div>\n\t\t\t\t\t<\/div>\n\t\t<\/div>\n\t\t\t\t\t<\/div>\n\t\t<\/section>\n\t\t\t\t<\/div>","protected":false},"excerpt":{"rendered":"<p>About us Welcome to eConcept S\u00e0rl-S We can provide you with an All-in-one marketing solution for your business. We started of in 2020 during the pandemics.&nbsp;Sitting together to find a new way of Online Shopping in Luxembourg.&nbsp; The bet was on one hand, to make Online Business accessible and affordable to everyone, especially small and [&hellip;]<\/p>\n","protected":false},"author":1,"featured_media":0,"parent":0,"menu_order":0,"comment_status":"closed","ping_status":"closed","template":"elementor_header_footer","meta":{"_seopress_robots_primary_cat":"","_seopress_titles_title":"","_seopress_titles_desc":"","_seopress_robots_index":"","_monsterinsights_skip_tracking":false,"_monsterinsights_sitenote_active":false,"_monsterinsights_sitenote_note":"","_monsterinsights_sitenote_category":0,"footnotes":""},"class_list":["post-47","page","type-page","status-publish","hentry"],"jetpack_sharing_enabled":true,"_links":{"self":[{"href":"https:\/\/econcept.lu\/fr\/wp-json\/wp\/v2\/pages\/47","targetHints":{"allow":["GET"]}}],"collection":[{"href":"https:\/\/econcept.lu\/fr\/wp-json\/wp\/v2\/pages"}],"about":[{"href":"https:\/\/econcept.lu\/fr\/wp-json\/wp\/v2\/types\/page"}],"author":[{"embeddable":true,"href":"https:\/\/econcept.lu\/fr\/wp-json\/wp\/v2\/users\/1"}],"replies":[{"embeddable":true,"href":"https:\/\/econcept.lu\/fr\/wp-json\/wp\/v2\/comments?post=47"}],"version-history":[{"count":0,"href":"https:\/\/econcept.lu\/fr\/wp-json\/wp\/v2\/pages\/47\/revisions"}],"wp:attachment":[{"href":"https:\/\/econcept.lu\/fr\/wp-json\/wp\/v2\/media?parent=47"}],"curies":[{"name":"wp","href":"https:\/\/api.w.org\/{rel}","templated":true}]}}